{"id":1078,"date":"2024-05-17T09:23:11","date_gmt":"2024-05-17T09:23:11","guid":{"rendered":"https:\/\/autosoyka.com\/?page_id=1078"},"modified":"2025-07-24T05:02:18","modified_gmt":"2025-07-24T05:02:18","slug":"gruppe-a","status":"publish","type":"page","link":"https:\/\/autosoyka.com\/de\/gruppe-a\/","title":{"rendered":"Gruppe A"},"content":{"rendered":"\n<div class=\"wp-block-uagb-container uagb-block-a6dd4fff alignfull uagb-is-root-container\"><div class=\"uagb-container-inner-blocks-wrap\">\n<h1 style=\"text-align: center;\">Gruppe A<\/h1>\n<p><img loading=\"lazy\" decoding=\"async\" class=\"size-full wp-image-1060 aligncenter\" src=\"\/wp-content\/uploads\/gruppea.webp\" alt=\"\" width=\"300\" height=\"168\" \/><\/p>\n<p>Der perfekte Mietwagen f\u00fcr Singles, Paare und Leute, die auf La Palma mobil sein m\u00f6chten. Erledigen Sie ihre Ausfl\u00fcge und Eink\u00e4ufe im Handumdrehen mit den Kleinwagen der Autovermietung Soyka. Wir bieten Ihnen derzeit folgende Auswahl unter den Kleinwagen an: Dacia Sandero oder Fiat Panda.<\/p>\n<\/div><\/div>\n\n\n\n<div class=\"wp-block-uagb-container uagb-block-0be7aae8 alignfull uagb-is-root-container\"><div class=\"uagb-container-inner-blocks-wrap\">\n<div class=\"wp-block-uagb-container uagb-block-9050e839\">\n<div class=\"wp-block-uagb-icon-list uagb-block-a9c5796d\"><div class=\"uagb-icon-list__wrap\">\n<div class=\"wp-block-uagb-icon-list-child uagb-block-4354c691\"><span class=\"uagb-icon-list__source-wrap\"><svg xmlns=\"https:\/\/www.w3.org\/2000\/svg\" viewBox=\"0 0 448 512\"><path d=\"M438.6 105.4C451.1 117.9 451.1 138.1 438.6 150.6L182.6 406.6C170.1 419.1 149.9 419.1 137.4 406.6L9.372 278.6C-3.124 266.1-3.124 245.9 9.372 233.4C21.87 220.9 42.13 220.9 54.63 233.4L159.1 338.7L393.4 105.4C405.9 92.88 426.1 92.88 438.6 105.4H438.6z\"><\/path><\/svg><\/span><span class=\"uagb-icon-list__label\">4 T\u00fcren<\/span><\/div>\n\n\n\n<div class=\"wp-block-uagb-icon-list-child uagb-block-286d85c5\"><span class=\"uagb-icon-list__source-wrap\"><svg xmlns=\"https:\/\/www.w3.org\/2000\/svg\" viewBox=\"0 0 448 512\"><path d=\"M438.6 105.4C451.1 117.9 451.1 138.1 438.6 150.6L182.6 406.6C170.1 419.1 149.9 419.1 137.4 406.6L9.372 278.6C-3.124 266.1-3.124 245.9 9.372 233.4C21.87 220.9 42.13 220.9 54.63 233.4L159.1 338.7L393.4 105.4C405.9 92.88 426.1 92.88 438.6 105.4H438.6z\"><\/path><\/svg><\/span><span class=\"uagb-icon-list__label\">Airbags<\/span><\/div>\n\n\n\n<div class=\"wp-block-uagb-icon-list-child uagb-block-eee2fa56\"><span class=\"uagb-icon-list__source-wrap\"><svg xmlns=\"https:\/\/www.w3.org\/2000\/svg\" viewBox=\"0 0 448 512\"><path d=\"M438.6 105.4C451.1 117.9 451.1 138.1 438.6 150.6L182.6 406.6C170.1 419.1 149.9 419.1 137.4 406.6L9.372 278.6C-3.124 266.1-3.124 245.9 9.372 233.4C21.87 220.9 42.13 220.9 54.63 233.4L159.1 338.7L393.4 105.4C405.9 92.88 426.1 92.88 438.6 105.4H438.6z\"><\/path><\/svg><\/span><span class=\"uagb-icon-list__label\">Diebstahlsicherung<\/span><\/div>\n\n\n\n<div class=\"wp-block-uagb-icon-list-child uagb-block-9c3c147c\"><span class=\"uagb-icon-list__source-wrap\"><svg xmlns=\"https:\/\/www.w3.org\/2000\/svg\" viewBox=\"0 0 448 512\"><path d=\"M438.6 105.4C451.1 117.9 451.1 138.1 438.6 150.6L182.6 406.6C170.1 419.1 149.9 419.1 137.4 406.6L9.372 278.6C-3.124 266.1-3.124 245.9 9.372 233.4C21.87 220.9 42.13 220.9 54.63 233.4L159.1 338.7L393.4 105.4C405.9 92.88 426.1 92.88 438.6 105.4H438.6z\"><\/path><\/svg><\/span><span class=\"uagb-icon-list__label\">Klimaanlage<\/span><\/div>\n<\/div><\/div>\n<\/div>\n\n\n\n<div class=\"wp-block-uagb-container uagb-block-b552fb87\">\n<div class=\"wp-block-uagb-icon-list uagb-block-b971858d\"><div class=\"uagb-icon-list__wrap\">\n<div class=\"wp-block-uagb-icon-list-child uagb-block-d328e37d\"><span class=\"uagb-icon-list__source-wrap\"><svg xmlns=\"https:\/\/www.w3.org\/2000\/svg\" viewBox=\"0 0 448 512\"><path d=\"M438.6 105.4C451.1 117.9 451.1 138.1 438.6 150.6L182.6 406.6C170.1 419.1 149.9 419.1 137.4 406.6L9.372 278.6C-3.124 266.1-3.124 245.9 9.372 233.4C21.87 220.9 42.13 220.9 54.63 233.4L159.1 338.7L393.4 105.4C405.9 92.88 426.1 92.88 438.6 105.4H438.6z\"><\/path><\/svg><\/span><span class=\"uagb-icon-list__label\">elektrische Fensterheber<\/span><\/div>\n\n\n\n<div class=\"wp-block-uagb-icon-list-child uagb-block-88ff57fa\"><span class=\"uagb-icon-list__source-wrap\"><svg xmlns=\"https:\/\/www.w3.org\/2000\/svg\" viewBox=\"0 0 448 512\"><path d=\"M438.6 105.4C451.1 117.9 451.1 138.1 438.6 150.6L182.6 406.6C170.1 419.1 149.9 419.1 137.4 406.6L9.372 278.6C-3.124 266.1-3.124 245.9 9.372 233.4C21.87 220.9 42.13 220.9 54.63 233.4L159.1 338.7L393.4 105.4C405.9 92.88 426.1 92.88 438.6 105.4H438.6z\"><\/path><\/svg><\/span><span class=\"uagb-icon-list__label\">Musikanlage<\/span><\/div>\n\n\n\n<div class=\"wp-block-uagb-icon-list-child uagb-block-099da74a\"><span class=\"uagb-icon-list__source-wrap\"><svg xmlns=\"https:\/\/www.w3.org\/2000\/svg\" viewBox=\"0 0 448 512\"><path d=\"M438.6 105.4C451.1 117.9 451.1 138.1 438.6 150.6L182.6 406.6C170.1 419.1 149.9 419.1 137.4 406.6L9.372 278.6C-3.124 266.1-3.124 245.9 9.372 233.4C21.87 220.9 42.13 220.9 54.63 233.4L159.1 338.7L393.4 105.4C405.9 92.88 426.1 92.88 438.6 105.4H438.6z\"><\/path><\/svg><\/span><span class=\"uagb-icon-list__label\">Servolenkung<\/span><\/div>\n\n\n\n<div class=\"wp-block-uagb-icon-list-child uagb-block-9e364612\"><span class=\"uagb-icon-list__source-wrap\"><svg xmlns=\"https:\/\/www.w3.org\/2000\/svg\" viewBox=\"0 0 448 512\"><path d=\"M438.6 105.4C451.1 117.9 451.1 138.1 438.6 150.6L182.6 406.6C170.1 419.1 149.9 419.1 137.4 406.6L9.372 278.6C-3.124 266.1-3.124 245.9 9.372 233.4C21.87 220.9 42.13 220.9 54.63 233.4L159.1 338.7L393.4 105.4C405.9 92.88 426.1 92.88 438.6 105.4H438.6z\"><\/path><\/svg><\/span><span class=\"uagb-icon-list__label\">Zentralverriegelung<\/span><\/div>\n<\/div><\/div>\n<\/div>\n<\/div><\/div>\n\n\n\n<p><\/p>\n\n\n<h3>Tagesaktuelle Preise auf Anfrage, ab 22 \u20ac<\/h3>\n<h4>Preise pro Tag (saisonale Abweichungen m\u00f6glich)<\/h4>\n<p><strong>Mindestmietdauer: 3 Tage<\/strong><\/p>\n<p>In den angegebenen Preisen ist die obligatorische Haftpflichtversicherung, die Vollkasko-Versicherung (Selbstbeteiligung von 180\u20ac) und Steuern enthalten. Navigationssysteme (TomTom) oder Kindersitze bieten wir Ihnen gegen eine geringe Leihgeb\u00fchr an.<\/p>\n\n\n<div class=\"wp-block-uagb-buttons uagb-buttons__outer-wrap uagb-btn__default-btn uagb-btn-tablet__default-btn uagb-btn-mobile__default-btn uagb-block-0ff9ac78\"><div class=\"uagb-buttons__wrap uagb-buttons-layout-wrap \">\n<div class=\"wp-block-uagb-buttons-child uagb-buttons__outer-wrap uagb-block-2c32695a wp-block-button\"><div class=\"uagb-button__wrapper\"><a class=\"uagb-buttons-repeater wp-block-button__link\" aria-label=\"\" href=\"\/de\/mietwagen-reservieren\/?gruppe=A\" rel=\"follow noopener\" target=\"_self\" role=\"button\"><div class=\"uagb-button__link\">Jetzt Mietwagen Gruppe A reservieren!<\/div><\/a><\/div><\/div>\n<\/div><\/div>\n\n\n\n<p><\/p>\n\n\n\n<p><\/p>\n","protected":false},"excerpt":{"rendered":"<p>Gruppe A Der perfekte Mietwagen f\u00fcr Singles, Paare und Leute, die auf La Palma mobil sein m\u00f6chten. Erledigen Sie ihre Ausfl\u00fcge und Eink\u00e4ufe im Handumdrehen mit den Kleinwagen der Autovermietung Soyka. Wir bieten Ihnen derzeit folgende Auswahl unter den Kleinwagen an: Dacia Sandero oder Fiat Panda. Tagesaktuelle Preise auf Anfrage, ab 22 \u20ac Preise pro [&hellip;]<\/p>\n","protected":false},"author":2,"featured_media":0,"parent":0,"menu_order":0,"comment_status":"closed","ping_status":"closed","template":"","meta":{"_uag_custom_page_level_css":"","site-sidebar-layout":"default","site-content-layout":"","ast-site-content-layout":"default","site-content-style":"default","site-sidebar-style":"default","ast-global-header-display":"","ast-banner-title-visibility":"","ast-main-header-display":"","ast-hfb-above-header-display":"","ast-hfb-below-header-display":"","ast-hfb-mobile-header-display":"","site-post-title":"","ast-breadcrumbs-content":"","ast-featured-img":"","footer-sml-layout":"","ast-disable-related-posts":"","theme-transparent-header-meta":"","adv-header-id-meta":"","stick-header-meta":"","header-above-stick-meta":"","header-main-stick-meta":"","header-below-stick-meta":"","astra-migrate-meta-layouts":"set","ast-page-background-enabled":"default","ast-page-background-meta":{"desktop":{"background-color":"var(--ast-global-color-4)","background-image":"","background-repeat":"repeat","background-position":"center center","background-size":"auto","background-attachment":"scroll","background-type":"","background-media":"","overlay-type":"","overlay-color":"","overlay-opacity":"","overlay-gradient":""},"tablet":{"background-color":"","background-image":"","background-repeat":"repeat","background-position":"center center","background-size":"auto","background-attachment":"scroll","background-type":"","background-media":"","overlay-type":"","overlay-color":"","overlay-opacity":"","overlay-gradient":""},"mobile":{"background-color":"","background-image":"","background-repeat":"repeat","background-position":"center center","background-size":"auto","background-attachment":"scroll","background-type":"","background-media":"","overlay-type":"","overlay-color":"","overlay-opacity":"","overlay-gradient":""}},"ast-content-background-meta":{"desktop":{"background-color":"var(--ast-global-color-5)","background-image":"","background-repeat":"repeat","background-position":"center center","background-size":"auto","background-attachment":"scroll","background-type":"","background-media":"","overlay-type":"","overlay-color":"","overlay-opacity":"","overlay-gradient":""},"tablet":{"background-color":"var(--ast-global-color-5)","background-image":"","background-repeat":"repeat","background-position":"center center","background-size":"auto","background-attachment":"scroll","background-type":"","background-media":"","overlay-type":"","overlay-color":"","overlay-opacity":"","overlay-gradient":""},"mobile":{"background-color":"var(--ast-global-color-5)","background-image":"","background-repeat":"repeat","background-position":"center center","background-size":"auto","background-attachment":"scroll","background-type":"","background-media":"","overlay-type":"","overlay-color":"","overlay-opacity":"","overlay-gradient":""}},"footnotes":""},"class_list":["post-1078","page","type-page","status-publish","hentry"],"yoast_head":"<!-- This site is optimized with the Yoast SEO plugin v27.3 - https:\/\/yoast.com\/product\/yoast-seo-wordpress\/ -->\n<title>Gruppe A - Autos Soyka - Autovermietung und Ferienh\u00e4user auf La Palma<\/title>\n<meta name=\"robots\" content=\"index, follow, max-snippet:-1, max-image-preview:large, max-video-preview:-1\" \/>\n<link rel=\"canonical\" href=\"https:\/\/autosoyka.com\/de\/gruppe-a\/\" \/>\n<meta property=\"og:locale\" content=\"de_DE\" \/>\n<meta property=\"og:type\" content=\"article\" \/>\n<meta property=\"og:title\" content=\"Gruppe A - Autos Soyka - Autovermietung und Ferienh\u00e4user auf La Palma\" \/>\n<meta property=\"og:description\" content=\"Gruppe A Der perfekte Mietwagen f\u00fcr Singles, Paare und Leute, die auf La Palma mobil sein m\u00f6chten. Erledigen Sie ihre Ausfl\u00fcge und Eink\u00e4ufe im Handumdrehen mit den Kleinwagen der Autovermietung Soyka. Wir bieten Ihnen derzeit folgende Auswahl unter den Kleinwagen an: Dacia Sandero oder Fiat Panda. Tagesaktuelle Preise auf Anfrage, ab 22 \u20ac Preise pro [&hellip;]\" \/>\n<meta property=\"og:url\" content=\"https:\/\/autosoyka.com\/de\/gruppe-a\/\" \/>\n<meta property=\"og:site_name\" content=\"Autos Soyka - Autovermietung und Ferienh\u00e4user auf La Palma\" \/>\n<meta property=\"article:modified_time\" content=\"2025-07-24T05:02:18+00:00\" \/>\n<meta property=\"og:image\" content=\"https:\/\/autosoyka.com\/wp-content\/uploads\/cropped-auto-soyka-logo.webp\" \/>\n\t<meta property=\"og:image:width\" content=\"512\" \/>\n\t<meta property=\"og:image:height\" content=\"512\" \/>\n\t<meta property=\"og:image:type\" content=\"image\/webp\" \/>\n<meta name=\"twitter:card\" content=\"summary_large_image\" \/>\n<meta name=\"twitter:label1\" content=\"Gesch\u00e4tzte Lesezeit\" \/>\n\t<meta name=\"twitter:data1\" content=\"1\u00a0Minute\" \/>\n<script type=\"application\/ld+json\" class=\"yoast-schema-graph\">{\"@context\":\"https:\\\/\\\/schema.org\",\"@graph\":[{\"@type\":\"WebPage\",\"@id\":\"https:\\\/\\\/autosoyka.com\\\/de\\\/gruppe-a\\\/\",\"url\":\"https:\\\/\\\/autosoyka.com\\\/de\\\/gruppe-a\\\/\",\"name\":\"Gruppe A - Autos Soyka - Autovermietung und Ferienh\u00e4user auf La Palma\",\"isPartOf\":{\"@id\":\"https:\\\/\\\/autosoyka.com\\\/de\\\/#website\"},\"datePublished\":\"2024-05-17T09:23:11+00:00\",\"dateModified\":\"2025-07-24T05:02:18+00:00\",\"breadcrumb\":{\"@id\":\"https:\\\/\\\/autosoyka.com\\\/de\\\/gruppe-a\\\/#breadcrumb\"},\"inLanguage\":\"de\",\"potentialAction\":[{\"@type\":\"ReadAction\",\"target\":[\"https:\\\/\\\/autosoyka.com\\\/de\\\/gruppe-a\\\/\"]}]},{\"@type\":\"BreadcrumbList\",\"@id\":\"https:\\\/\\\/autosoyka.com\\\/de\\\/gruppe-a\\\/#breadcrumb\",\"itemListElement\":[{\"@type\":\"ListItem\",\"position\":1,\"name\":\"Home\",\"item\":\"https:\\\/\\\/autosoyka.com\\\/de\\\/\"},{\"@type\":\"ListItem\",\"position\":2,\"name\":\"Gruppe A\"}]},{\"@type\":\"WebSite\",\"@id\":\"https:\\\/\\\/autosoyka.com\\\/de\\\/#website\",\"url\":\"https:\\\/\\\/autosoyka.com\\\/de\\\/\",\"name\":\"Autos Soyka - Autovermietung und Ferienh\u00e4user auf La Palma\",\"description\":\"home\",\"publisher\":{\"@id\":\"https:\\\/\\\/autosoyka.com\\\/de\\\/#organization\"},\"potentialAction\":[{\"@type\":\"SearchAction\",\"target\":{\"@type\":\"EntryPoint\",\"urlTemplate\":\"https:\\\/\\\/autosoyka.com\\\/de\\\/?s={search_term_string}\"},\"query-input\":{\"@type\":\"PropertyValueSpecification\",\"valueRequired\":true,\"valueName\":\"search_term_string\"}}],\"inLanguage\":\"de\"},{\"@type\":\"Organization\",\"@id\":\"https:\\\/\\\/autosoyka.com\\\/de\\\/#organization\",\"name\":\"Autos Soyka S.L.U.\",\"url\":\"https:\\\/\\\/autosoyka.com\\\/de\\\/\",\"logo\":{\"@type\":\"ImageObject\",\"inLanguage\":\"de\",\"@id\":\"https:\\\/\\\/autosoyka.com\\\/de\\\/#\\\/schema\\\/logo\\\/image\\\/\",\"url\":\"https:\\\/\\\/autosoyka.com\\\/wp-content\\\/uploads\\\/cropped-auto-soyka-logo.webp\",\"contentUrl\":\"https:\\\/\\\/autosoyka.com\\\/wp-content\\\/uploads\\\/cropped-auto-soyka-logo.webp\",\"width\":512,\"height\":512,\"caption\":\"Autos Soyka S.L.U.\"},\"image\":{\"@id\":\"https:\\\/\\\/autosoyka.com\\\/de\\\/#\\\/schema\\\/logo\\\/image\\\/\"}}]}<\/script>\n<!-- \/ Yoast SEO plugin. -->","yoast_head_json":{"title":"Gruppe A - Autos Soyka - Autovermietung und Ferienh\u00e4user auf La Palma","robots":{"index":"index","follow":"follow","max-snippet":"max-snippet:-1","max-image-preview":"max-image-preview:large","max-video-preview":"max-video-preview:-1"},"canonical":"https:\/\/autosoyka.com\/de\/gruppe-a\/","og_locale":"de_DE","og_type":"article","og_title":"Gruppe A - Autos Soyka - Autovermietung und Ferienh\u00e4user auf La Palma","og_description":"Gruppe A Der perfekte Mietwagen f\u00fcr Singles, Paare und Leute, die auf La Palma mobil sein m\u00f6chten. Erledigen Sie ihre Ausfl\u00fcge und Eink\u00e4ufe im Handumdrehen mit den Kleinwagen der Autovermietung Soyka. Wir bieten Ihnen derzeit folgende Auswahl unter den Kleinwagen an: Dacia Sandero oder Fiat Panda. Tagesaktuelle Preise auf Anfrage, ab 22 \u20ac Preise pro [&hellip;]","og_url":"https:\/\/autosoyka.com\/de\/gruppe-a\/","og_site_name":"Autos Soyka - Autovermietung und Ferienh\u00e4user auf La Palma","article_modified_time":"2025-07-24T05:02:18+00:00","og_image":[{"width":512,"height":512,"url":"https:\/\/autosoyka.com\/wp-content\/uploads\/cropped-auto-soyka-logo.webp","type":"image\/webp"}],"twitter_card":"summary_large_image","twitter_misc":{"Gesch\u00e4tzte Lesezeit":"1\u00a0Minute"},"schema":{"@context":"https:\/\/schema.org","@graph":[{"@type":"WebPage","@id":"https:\/\/autosoyka.com\/de\/gruppe-a\/","url":"https:\/\/autosoyka.com\/de\/gruppe-a\/","name":"Gruppe A - Autos Soyka - Autovermietung und Ferienh\u00e4user auf La Palma","isPartOf":{"@id":"https:\/\/autosoyka.com\/de\/#website"},"datePublished":"2024-05-17T09:23:11+00:00","dateModified":"2025-07-24T05:02:18+00:00","breadcrumb":{"@id":"https:\/\/autosoyka.com\/de\/gruppe-a\/#breadcrumb"},"inLanguage":"de","potentialAction":[{"@type":"ReadAction","target":["https:\/\/autosoyka.com\/de\/gruppe-a\/"]}]},{"@type":"BreadcrumbList","@id":"https:\/\/autosoyka.com\/de\/gruppe-a\/#breadcrumb","itemListElement":[{"@type":"ListItem","position":1,"name":"Home","item":"https:\/\/autosoyka.com\/de\/"},{"@type":"ListItem","position":2,"name":"Gruppe A"}]},{"@type":"WebSite","@id":"https:\/\/autosoyka.com\/de\/#website","url":"https:\/\/autosoyka.com\/de\/","name":"Autos Soyka - Autovermietung und Ferienh\u00e4user auf La Palma","description":"home","publisher":{"@id":"https:\/\/autosoyka.com\/de\/#organization"},"potentialAction":[{"@type":"SearchAction","target":{"@type":"EntryPoint","urlTemplate":"https:\/\/autosoyka.com\/de\/?s={search_term_string}"},"query-input":{"@type":"PropertyValueSpecification","valueRequired":true,"valueName":"search_term_string"}}],"inLanguage":"de"},{"@type":"Organization","@id":"https:\/\/autosoyka.com\/de\/#organization","name":"Autos Soyka S.L.U.","url":"https:\/\/autosoyka.com\/de\/","logo":{"@type":"ImageObject","inLanguage":"de","@id":"https:\/\/autosoyka.com\/de\/#\/schema\/logo\/image\/","url":"https:\/\/autosoyka.com\/wp-content\/uploads\/cropped-auto-soyka-logo.webp","contentUrl":"https:\/\/autosoyka.com\/wp-content\/uploads\/cropped-auto-soyka-logo.webp","width":512,"height":512,"caption":"Autos Soyka S.L.U."},"image":{"@id":"https:\/\/autosoyka.com\/de\/#\/schema\/logo\/image\/"}}]}},"spectra_custom_meta":{"_edit_lock":["1763111119:2"],"_wpml_word_count":["145"],"_uag_custom_page_level_css":[""],"ast-site-content-layout":["default"],"theme-transparent-header-meta":[""],"adv-header-id-meta":[""],"stick-header-meta":[""],"astra-migrate-meta-layouts":["set"],"_edit_last":["2"],"_wpml_media_duplicate":["1"],"_wpml_media_featured":["1"],"_yoast_wpseo_estimated-reading-time-minutes":["1"],"_yoast_wpseo_wordproof_timestamp":[""],"_wpml_location_migration_done":["1"],"footnotes":[""],"_uag_migration_processed":["1"],"_yoast_wpseo_content_score":["90"],"wp_statistics_words_count":["92"]},"uagb_featured_image_src":{"full":false,"thumbnail":false,"medium":false,"medium_large":false,"large":false,"1536x1536":false,"2048x2048":false},"uagb_author_info":{"display_name":"itlapalma","author_link":"https:\/\/autosoyka.com\/de\/author\/itlapalma\/"},"uagb_comment_info":0,"uagb_excerpt":"Gruppe A Der perfekte Mietwagen f\u00fcr Singles, Paare und Leute, die auf La Palma mobil sein m\u00f6chten. Erledigen Sie ihre Ausfl\u00fcge und Eink\u00e4ufe im Handumdrehen mit den Kleinwagen der Autovermietung Soyka. Wir bieten Ihnen derzeit folgende Auswahl unter den Kleinwagen an: Dacia Sandero oder Fiat Panda. Tagesaktuelle Preise auf Anfrage, ab 22 \u20ac Preise pro&hellip;","_links":{"self":[{"href":"https:\/\/autosoyka.com\/de\/wp-json\/wp\/v2\/pages\/1078","targetHints":{"allow":["GET"]}}],"collection":[{"href":"https:\/\/autosoyka.com\/de\/wp-json\/wp\/v2\/pages"}],"about":[{"href":"https:\/\/autosoyka.com\/de\/wp-json\/wp\/v2\/types\/page"}],"author":[{"embeddable":true,"href":"https:\/\/autosoyka.com\/de\/wp-json\/wp\/v2\/users\/2"}],"replies":[{"embeddable":true,"href":"https:\/\/autosoyka.com\/de\/wp-json\/wp\/v2\/comments?post=1078"}],"version-history":[{"count":5,"href":"https:\/\/autosoyka.com\/de\/wp-json\/wp\/v2\/pages\/1078\/revisions"}],"predecessor-version":[{"id":3695,"href":"https:\/\/autosoyka.com\/de\/wp-json\/wp\/v2\/pages\/1078\/revisions\/3695"}],"wp:attachment":[{"href":"https:\/\/autosoyka.com\/de\/wp-json\/wp\/v2\/media?parent=1078"}],"curies":[{"name":"wp","href":"https:\/\/api.w.org\/{rel}","templated":true}]}}