{"id":1151,"date":"2024-05-17T09:59:27","date_gmt":"2024-05-17T09:59:27","guid":{"rendered":"https:\/\/autosoyka.com\/?page_id=1151"},"modified":"2024-05-27T08:02:45","modified_gmt":"2024-05-27T08:02:45","slug":"mietwagenrueckgabe","status":"publish","type":"page","link":"https:\/\/autosoyka.com\/de\/mietwagenrueckgabe\/","title":{"rendered":"Mietwagenr\u00fcckgabe"},"content":{"rendered":"\n<div class=\"wp-block-uagb-container uagb-block-a6dd4fff alignfull uagb-is-root-container\"><div class=\"uagb-container-inner-blocks-wrap\">\n<h1>Abreise von La Palma und Mietwagenr\u00fcckgabe<\/h1>\n<h4>Hinweise f\u00fcr Ihre Abreise und die \u00dcbergabe eines Mietwagens am Flughafen<\/h4>\n<p>Sie haben nun mit Ihrem Mietwagen das Flughafengel\u00e4nde erreicht. Nach dem Kreisverkehr fahren Sie weiter in Richtung Mazo, nicht gleich rechts auf den ersten angezeigten Parkplatz fahren.<br \/>Erst wenn Sie fast auf der H\u00f6he des neuen Terminals sind, biegen Sie rechts ab in das Parkhaus.<\/p>\n<p>Gleich nach der Einfahrt ins Parkhaus w\u00e4hlen Sie die rechte Spur, ziehen am Parkscheinautomat ein Ticket und suchen sich dann f\u00fcr den Wagen einen <strong>Stellplatz im Bereich \u201cA\u201d<\/strong>.<\/p>\n<p>Eine pers\u00f6nliche \u00dcbergabe des Fahrzeugs findet nicht statt.<br \/>Sie stellen den Wagen im Bereich \u201eA\u201c ab. Bitte legen Sie<strong> den Autoschl\u00fcssel<\/strong> und das <strong>Parkticket unter die Fu\u00dfmatte<\/strong> und lassen das Auto ge\u00f6ffnet. Nehmen Sie den Parkschein auf keinen Fall mit.<br \/>Achten Sie darauf, dass Sie Ihr s\u00e4mtliches Gep\u00e4ck nun an sich nehmen. Gehen Sie bis zu den S\u00e4ulen C wo Sie per Aufzug, Rampen oder Treppen aufw\u00e4rts Richtung \u201cTerminal\u201d gelangen.<\/p>\n<p><strong>Gute Heimreise!<\/strong><\/p>\n<\/div><\/div>\n","protected":false},"excerpt":{"rendered":"<p>Abreise von La Palma und Mietwagenr\u00fcckgabe Hinweise f\u00fcr Ihre Abreise und die \u00dcbergabe eines Mietwagens am Flughafen Sie haben nun mit Ihrem Mietwagen das Flughafengel\u00e4nde erreicht. Nach dem Kreisverkehr fahren Sie weiter in Richtung Mazo, nicht gleich rechts auf den ersten angezeigten Parkplatz fahren.Erst wenn Sie fast auf der H\u00f6he des neuen Terminals sind, biegen [&hellip;]<\/p>\n","protected":false},"author":2,"featured_media":0,"parent":0,"menu_order":0,"comment_status":"closed","ping_status":"closed","template":"","meta":{"_uag_custom_page_level_css":"","site-sidebar-layout":"default","site-content-layout":"","ast-site-content-layout":"default","site-content-style":"default","site-sidebar-style":"default","ast-global-header-display":"","ast-banner-title-visibility":"","ast-main-header-display":"","ast-hfb-above-header-display":"","ast-hfb-below-header-display":"","ast-hfb-mobile-header-display":"","site-post-title":"","ast-breadcrumbs-content":"","ast-featured-img":"","footer-sml-layout":"","ast-disable-related-posts":"","theme-transparent-header-meta":"","adv-header-id-meta":"","stick-header-meta":"","header-above-stick-meta":"","header-main-stick-meta":"","header-below-stick-meta":"","astra-migrate-meta-layouts":"set","ast-page-background-enabled":"default","ast-page-background-meta":{"desktop":{"background-color":"var(--ast-global-color-4)","background-image":"","background-repeat":"repeat","background-position":"center center","background-size":"auto","background-attachment":"scroll","background-type":"","background-media":"","overlay-type":"","overlay-color":"","overlay-opacity":"","overlay-gradient":""},"tablet":{"background-color":"","background-image":"","background-repeat":"repeat","background-position":"center center","background-size":"auto","background-attachment":"scroll","background-type":"","background-media":"","overlay-type":"","overlay-color":"","overlay-opacity":"","overlay-gradient":""},"mobile":{"background-color":"","background-image":"","background-repeat":"repeat","background-position":"center center","background-size":"auto","background-attachment":"scroll","background-type":"","background-media":"","overlay-type":"","overlay-color":"","overlay-opacity":"","overlay-gradient":""}},"ast-content-background-meta":{"desktop":{"background-color":"var(--ast-global-color-5)","background-image":"","background-repeat":"repeat","background-position":"center center","background-size":"auto","background-attachment":"scroll","background-type":"","background-media":"","overlay-type":"","overlay-color":"","overlay-opacity":"","overlay-gradient":""},"tablet":{"background-color":"var(--ast-global-color-5)","background-image":"","background-repeat":"repeat","background-position":"center center","background-size":"auto","background-attachment":"scroll","background-type":"","background-media":"","overlay-type":"","overlay-color":"","overlay-opacity":"","overlay-gradient":""},"mobile":{"background-color":"var(--ast-global-color-5)","background-image":"","background-repeat":"repeat","background-position":"center center","background-size":"auto","background-attachment":"scroll","background-type":"","background-media":"","overlay-type":"","overlay-color":"","overlay-opacity":"","overlay-gradient":""}},"footnotes":""},"class_list":["post-1151","page","type-page","status-publish","hentry"],"yoast_head":"<!-- This site is optimized with the Yoast SEO plugin v27.3 - https:\/\/yoast.com\/product\/yoast-seo-wordpress\/ -->\n<title>Mietwagenr\u00fcckgabe - Autos Soyka - Autovermietung und Ferienh\u00e4user auf La Palma<\/title>\n<meta name=\"robots\" content=\"index, follow, max-snippet:-1, max-image-preview:large, max-video-preview:-1\" \/>\n<link rel=\"canonical\" href=\"https:\/\/autosoyka.com\/de\/mietwagenrueckgabe\/\" \/>\n<meta property=\"og:locale\" content=\"de_DE\" \/>\n<meta property=\"og:type\" content=\"article\" \/>\n<meta property=\"og:title\" content=\"Mietwagenr\u00fcckgabe - Autos Soyka - Autovermietung und Ferienh\u00e4user auf La Palma\" \/>\n<meta property=\"og:description\" content=\"Abreise von La Palma und Mietwagenr\u00fcckgabe Hinweise f\u00fcr Ihre Abreise und die \u00dcbergabe eines Mietwagens am Flughafen Sie haben nun mit Ihrem Mietwagen das Flughafengel\u00e4nde erreicht. Nach dem Kreisverkehr fahren Sie weiter in Richtung Mazo, nicht gleich rechts auf den ersten angezeigten Parkplatz fahren.Erst wenn Sie fast auf der H\u00f6he des neuen Terminals sind, biegen [&hellip;]\" \/>\n<meta property=\"og:url\" content=\"https:\/\/autosoyka.com\/de\/mietwagenrueckgabe\/\" \/>\n<meta property=\"og:site_name\" content=\"Autos Soyka - Autovermietung und Ferienh\u00e4user auf La Palma\" \/>\n<meta property=\"article:modified_time\" content=\"2024-05-27T08:02:45+00:00\" \/>\n<meta property=\"og:image\" content=\"https:\/\/autosoyka.com\/wp-content\/uploads\/cropped-auto-soyka-logo.webp\" \/>\n\t<meta property=\"og:image:width\" content=\"512\" \/>\n\t<meta property=\"og:image:height\" content=\"512\" \/>\n\t<meta property=\"og:image:type\" content=\"image\/webp\" \/>\n<meta name=\"twitter:card\" content=\"summary_large_image\" \/>\n<meta name=\"twitter:label1\" content=\"Gesch\u00e4tzte Lesezeit\" \/>\n\t<meta name=\"twitter:data1\" content=\"1\u00a0Minute\" \/>\n<script type=\"application\/ld+json\" class=\"yoast-schema-graph\">{\"@context\":\"https:\\\/\\\/schema.org\",\"@graph\":[{\"@type\":\"WebPage\",\"@id\":\"https:\\\/\\\/autosoyka.com\\\/de\\\/mietwagenrueckgabe\\\/\",\"url\":\"https:\\\/\\\/autosoyka.com\\\/de\\\/mietwagenrueckgabe\\\/\",\"name\":\"Mietwagenr\u00fcckgabe - Autos Soyka - Autovermietung und Ferienh\u00e4user auf La Palma\",\"isPartOf\":{\"@id\":\"https:\\\/\\\/autosoyka.com\\\/de\\\/#website\"},\"datePublished\":\"2024-05-17T09:59:27+00:00\",\"dateModified\":\"2024-05-27T08:02:45+00:00\",\"breadcrumb\":{\"@id\":\"https:\\\/\\\/autosoyka.com\\\/de\\\/mietwagenrueckgabe\\\/#breadcrumb\"},\"inLanguage\":\"de\",\"potentialAction\":[{\"@type\":\"ReadAction\",\"target\":[\"https:\\\/\\\/autosoyka.com\\\/de\\\/mietwagenrueckgabe\\\/\"]}]},{\"@type\":\"BreadcrumbList\",\"@id\":\"https:\\\/\\\/autosoyka.com\\\/de\\\/mietwagenrueckgabe\\\/#breadcrumb\",\"itemListElement\":[{\"@type\":\"ListItem\",\"position\":1,\"name\":\"Home\",\"item\":\"https:\\\/\\\/autosoyka.com\\\/de\\\/\"},{\"@type\":\"ListItem\",\"position\":2,\"name\":\"Mietwagenr\u00fcckgabe\"}]},{\"@type\":\"WebSite\",\"@id\":\"https:\\\/\\\/autosoyka.com\\\/de\\\/#website\",\"url\":\"https:\\\/\\\/autosoyka.com\\\/de\\\/\",\"name\":\"Autos Soyka - Autovermietung und Ferienh\u00e4user auf La Palma\",\"description\":\"home\",\"publisher\":{\"@id\":\"https:\\\/\\\/autosoyka.com\\\/de\\\/#organization\"},\"potentialAction\":[{\"@type\":\"SearchAction\",\"target\":{\"@type\":\"EntryPoint\",\"urlTemplate\":\"https:\\\/\\\/autosoyka.com\\\/de\\\/?s={search_term_string}\"},\"query-input\":{\"@type\":\"PropertyValueSpecification\",\"valueRequired\":true,\"valueName\":\"search_term_string\"}}],\"inLanguage\":\"de\"},{\"@type\":\"Organization\",\"@id\":\"https:\\\/\\\/autosoyka.com\\\/de\\\/#organization\",\"name\":\"Autos Soyka S.L.U.\",\"url\":\"https:\\\/\\\/autosoyka.com\\\/de\\\/\",\"logo\":{\"@type\":\"ImageObject\",\"inLanguage\":\"de\",\"@id\":\"https:\\\/\\\/autosoyka.com\\\/de\\\/#\\\/schema\\\/logo\\\/image\\\/\",\"url\":\"https:\\\/\\\/autosoyka.com\\\/wp-content\\\/uploads\\\/cropped-auto-soyka-logo.webp\",\"contentUrl\":\"https:\\\/\\\/autosoyka.com\\\/wp-content\\\/uploads\\\/cropped-auto-soyka-logo.webp\",\"width\":512,\"height\":512,\"caption\":\"Autos Soyka S.L.U.\"},\"image\":{\"@id\":\"https:\\\/\\\/autosoyka.com\\\/de\\\/#\\\/schema\\\/logo\\\/image\\\/\"}}]}<\/script>\n<!-- \/ Yoast SEO plugin. -->","yoast_head_json":{"title":"Mietwagenr\u00fcckgabe - Autos Soyka - Autovermietung und Ferienh\u00e4user auf La Palma","robots":{"index":"index","follow":"follow","max-snippet":"max-snippet:-1","max-image-preview":"max-image-preview:large","max-video-preview":"max-video-preview:-1"},"canonical":"https:\/\/autosoyka.com\/de\/mietwagenrueckgabe\/","og_locale":"de_DE","og_type":"article","og_title":"Mietwagenr\u00fcckgabe - Autos Soyka - Autovermietung und Ferienh\u00e4user auf La Palma","og_description":"Abreise von La Palma und Mietwagenr\u00fcckgabe Hinweise f\u00fcr Ihre Abreise und die \u00dcbergabe eines Mietwagens am Flughafen Sie haben nun mit Ihrem Mietwagen das Flughafengel\u00e4nde erreicht. Nach dem Kreisverkehr fahren Sie weiter in Richtung Mazo, nicht gleich rechts auf den ersten angezeigten Parkplatz fahren.Erst wenn Sie fast auf der H\u00f6he des neuen Terminals sind, biegen [&hellip;]","og_url":"https:\/\/autosoyka.com\/de\/mietwagenrueckgabe\/","og_site_name":"Autos Soyka - Autovermietung und Ferienh\u00e4user auf La Palma","article_modified_time":"2024-05-27T08:02:45+00:00","og_image":[{"width":512,"height":512,"url":"https:\/\/autosoyka.com\/wp-content\/uploads\/cropped-auto-soyka-logo.webp","type":"image\/webp"}],"twitter_card":"summary_large_image","twitter_misc":{"Gesch\u00e4tzte Lesezeit":"1\u00a0Minute"},"schema":{"@context":"https:\/\/schema.org","@graph":[{"@type":"WebPage","@id":"https:\/\/autosoyka.com\/de\/mietwagenrueckgabe\/","url":"https:\/\/autosoyka.com\/de\/mietwagenrueckgabe\/","name":"Mietwagenr\u00fcckgabe - Autos Soyka - Autovermietung und Ferienh\u00e4user auf La Palma","isPartOf":{"@id":"https:\/\/autosoyka.com\/de\/#website"},"datePublished":"2024-05-17T09:59:27+00:00","dateModified":"2024-05-27T08:02:45+00:00","breadcrumb":{"@id":"https:\/\/autosoyka.com\/de\/mietwagenrueckgabe\/#breadcrumb"},"inLanguage":"de","potentialAction":[{"@type":"ReadAction","target":["https:\/\/autosoyka.com\/de\/mietwagenrueckgabe\/"]}]},{"@type":"BreadcrumbList","@id":"https:\/\/autosoyka.com\/de\/mietwagenrueckgabe\/#breadcrumb","itemListElement":[{"@type":"ListItem","position":1,"name":"Home","item":"https:\/\/autosoyka.com\/de\/"},{"@type":"ListItem","position":2,"name":"Mietwagenr\u00fcckgabe"}]},{"@type":"WebSite","@id":"https:\/\/autosoyka.com\/de\/#website","url":"https:\/\/autosoyka.com\/de\/","name":"Autos Soyka - Autovermietung und Ferienh\u00e4user auf La Palma","description":"home","publisher":{"@id":"https:\/\/autosoyka.com\/de\/#organization"},"potentialAction":[{"@type":"SearchAction","target":{"@type":"EntryPoint","urlTemplate":"https:\/\/autosoyka.com\/de\/?s={search_term_string}"},"query-input":{"@type":"PropertyValueSpecification","valueRequired":true,"valueName":"search_term_string"}}],"inLanguage":"de"},{"@type":"Organization","@id":"https:\/\/autosoyka.com\/de\/#organization","name":"Autos Soyka S.L.U.","url":"https:\/\/autosoyka.com\/de\/","logo":{"@type":"ImageObject","inLanguage":"de","@id":"https:\/\/autosoyka.com\/de\/#\/schema\/logo\/image\/","url":"https:\/\/autosoyka.com\/wp-content\/uploads\/cropped-auto-soyka-logo.webp","contentUrl":"https:\/\/autosoyka.com\/wp-content\/uploads\/cropped-auto-soyka-logo.webp","width":512,"height":512,"caption":"Autos Soyka S.L.U."},"image":{"@id":"https:\/\/autosoyka.com\/de\/#\/schema\/logo\/image\/"}}]}},"spectra_custom_meta":{"_edit_lock":["1717677872:2"],"_wpml_word_count":["{\"total\":164,\"to_translate\":{\"nl\":164,\"es\":164}}"],"_uag_custom_page_level_css":[""],"ast-site-content-layout":["default"],"theme-transparent-header-meta":[""],"adv-header-id-meta":[""],"stick-header-meta":[""],"astra-migrate-meta-layouts":["set"],"footnotes":[""],"_edit_last":["2"],"_wpml_media_duplicate":["1"],"_wpml_media_featured":["1"],"_yoast_wpseo_estimated-reading-time-minutes":["1"],"_yoast_wpseo_wordproof_timestamp":[""],"_wpml_location_migration_done":["1"],"_yoast_wpseo_content_score":["90"],"_uag_migration_processed":["1"],"_uag_page_assets":["a:9:{s:3:\"css\";s:2427:\".wp-block-uagb-container.uagb-block-a6dd4fff .uagb-container__shape-top svg{width: calc( 100% + 1.3px );}.wp-block-uagb-container.uagb-block-a6dd4fff .uagb-container__shape.uagb-container__shape-top .uagb-container__shape-fill{fill: rgba(51,51,51,1);}.wp-block-uagb-container.uagb-block-a6dd4fff .uagb-container__shape-bottom svg{width: calc( 100% + 1.3px );}.wp-block-uagb-container.uagb-block-a6dd4fff .uagb-container__shape.uagb-container__shape-bottom .uagb-container__shape-fill{fill: rgba(51,51,51,1);}.wp-block-uagb-container.uagb-block-a6dd4fff .uagb-container__video-wrap video{opacity: 1;}.wp-block-uagb-container.uagb-is-root-container .uagb-block-a6dd4fff{max-width: 100%;width: 100%;}.wp-block-uagb-container.uagb-is-root-container.alignfull.uagb-block-a6dd4fff > .uagb-container-inner-blocks-wrap{--inner-content-custom-width: min( 100%, 1150px);max-width: var(--inner-content-custom-width);width: 100%;flex-direction: column;align-items: flex-start;justify-content: flex-start;flex-wrap: nowrap;row-gap: 0px;column-gap: 0px;}.wp-block-uagb-container.uagb-block-a6dd4fff{box-shadow: 0px 0px   #00000070 ;padding-top: 0px;padding-bottom: 0px;padding-left: 0px;padding-right: 0px;margin-top:  !important;margin-bottom:  !important;overflow: visible;order: initial;border-color: inherit;row-gap: 0px;column-gap: 0px;}@media only screen and (max-width: 976px) {.wp-block-uagb-container.uagb-is-root-container .uagb-block-a6dd4fff{width: 100%;}.wp-block-uagb-container.uagb-is-root-container.alignfull.uagb-block-a6dd4fff > .uagb-container-inner-blocks-wrap{--inner-content-custom-width: min( 100%, 1024px);max-width: var(--inner-content-custom-width);width: 100%;}.wp-block-uagb-container.uagb-block-a6dd4fff{padding-top: 0px;padding-bottom: 0px;padding-left: 0px;padding-right: 0px;margin-top:  !important;margin-bottom:  !important;order: initial;}}@media only screen and (max-width: 767px) {.wp-block-uagb-container.uagb-is-root-container .uagb-block-a6dd4fff{max-width: 100%;width: 100%;}.wp-block-uagb-container.uagb-is-root-container.alignfull.uagb-block-a6dd4fff > .uagb-container-inner-blocks-wrap{--inner-content-custom-width: min( 100%, 767px);max-width: var(--inner-content-custom-width);width: 100%;flex-wrap: wrap;}.wp-block-uagb-container.uagb-block-a6dd4fff{padding-top: 0px;padding-bottom: 0px;padding-left: 20px;padding-right: 20px;margin-top:  !important;margin-bottom:  !important;order: initial;}}\";s:2:\"js\";s:0:\"\";s:18:\"current_block_list\";a:2:{i:0;s:14:\"uagb\/container\";i:1;s:13:\"core\/freeform\";}s:8:\"uag_flag\";b:1;s:11:\"uag_version\";s:10:\"1775980619\";s:6:\"gfonts\";a:1:{s:7:\"Default\";a:2:{s:10:\"fontfamily\";s:7:\"Default\";s:12:\"fontvariants\";a:0:{}}}s:10:\"gfonts_url\";s:77:\"https:\/\/fonts.googleapis.com\/css?family=Default&subset=latin&display=fallback\";s:12:\"gfonts_files\";a:0:{}s:14:\"uag_faq_layout\";b:0;}"]},"uagb_featured_image_src":{"full":false,"thumbnail":false,"medium":false,"medium_large":false,"large":false,"1536x1536":false,"2048x2048":false},"uagb_author_info":{"display_name":"itlapalma","author_link":"https:\/\/autosoyka.com\/de\/author\/itlapalma\/"},"uagb_comment_info":0,"uagb_excerpt":"Abreise von La Palma und Mietwagenr\u00fcckgabe Hinweise f\u00fcr Ihre Abreise und die \u00dcbergabe eines Mietwagens am Flughafen Sie haben nun mit Ihrem Mietwagen das Flughafengel\u00e4nde erreicht. Nach dem Kreisverkehr fahren Sie weiter in Richtung Mazo, nicht gleich rechts auf den ersten angezeigten Parkplatz fahren.Erst wenn Sie fast auf der H\u00f6he des neuen Terminals sind, biegen&hellip;","_links":{"self":[{"href":"https:\/\/autosoyka.com\/de\/wp-json\/wp\/v2\/pages\/1151","targetHints":{"allow":["GET"]}}],"collection":[{"href":"https:\/\/autosoyka.com\/de\/wp-json\/wp\/v2\/pages"}],"about":[{"href":"https:\/\/autosoyka.com\/de\/wp-json\/wp\/v2\/types\/page"}],"author":[{"embeddable":true,"href":"https:\/\/autosoyka.com\/de\/wp-json\/wp\/v2\/users\/2"}],"replies":[{"embeddable":true,"href":"https:\/\/autosoyka.com\/de\/wp-json\/wp\/v2\/comments?post=1151"}],"version-history":[{"count":0,"href":"https:\/\/autosoyka.com\/de\/wp-json\/wp\/v2\/pages\/1151\/revisions"}],"wp:attachment":[{"href":"https:\/\/autosoyka.com\/de\/wp-json\/wp\/v2\/media?parent=1151"}],"curies":[{"name":"wp","href":"https:\/\/api.w.org\/{rel}","templated":true}]}}