{"id":361,"date":"2018-01-29T15:07:44","date_gmt":"2018-01-29T15:07:44","guid":{"rendered":"https:\/\/autosoyka.com\/?page_id=361"},"modified":"2024-05-27T08:01:11","modified_gmt":"2024-05-27T08:01:11","slug":"impressum","status":"publish","type":"page","link":"https:\/\/autosoyka.com\/de\/impressum\/","title":{"rendered":"Impressum"},"content":{"rendered":"\n<div class=\"wp-block-uagb-container uagb-block-4dae5d95 alignfull uagb-is-root-container\"><div class=\"uagb-container-inner-blocks-wrap\">\n<section id=\"main-content\" class=\"content right_sidebar\">\n<div class=\"container\">\n<div class=\"row\">\n<div class=\"col-md-12 col-sm-12 col-xs-12\">\n<div class=\"blog_large\">\n<article>\n<h1>Impressum<\/h1>\n<h2>Angaben gem\u00e4\u00df \u00a7 5 TMG:<\/h2>\n<p><strong>Autos Soyka S.L. U. (Autovermietung)<\/strong><br \/>Calle Adolfo Suarez, 13<br \/>E-38760 Los Llanos de Aridane<br \/>La Palma \u2013 Kanarische Inseln \u2013 Spanien<\/p>\n<p><strong>Tel.:<\/strong> +34 922 46 33 90<\/p>\n<p><strong>Gesch\u00e4ftsf\u00fchrer<\/strong>:<br \/>Juan Vicente Fuentes Hernandez<\/p>\n<p><strong>Steuernummer:<\/strong><br \/>B-38304895<\/p>\n<h2>Streitschlichtung<\/h2>\n<p>Wir sind nicht bereit oder verpflichtet, an Streitbeilegungsverfahren vor einer Verbraucherschlichtungsstelle teilzunehmen.<\/p>\n<h2>Haftung f\u00fcr Inhalte<\/h2>\n<p>Als Diensteanbieter sind wir gem\u00e4\u00df \u00a7 7 Abs.1 TMG f\u00fcr eigene Inhalte auf diesen Seiten nach den allgemeinen Gesetzen verantwortlich. Nach \u00a7\u00a7 8 bis 10 TMG sind wir als Diensteanbieter jedoch nicht verpflichtet, \u00fcbermittelte oder gespeicherte fremde Informationen zu \u00fcberwachen oder nach Umst\u00e4nden zu forschen, die auf eine rechtswidrige T\u00e4tigkeit hinweisen.<\/p>\n<p>Verpflichtungen zur Entfernung oder Sperrung der Nutzung von Informationen nach den allgemeinen Gesetzen bleiben hiervon unber\u00fchrt. Eine diesbez\u00fcgliche Haftung ist jedoch erst ab dem Zeitpunkt der Kenntnis einer konkreten Rechtsverletzung m\u00f6glich. Bei Bekanntwerden von entsprechenden Rechtsverletzungen werden wir diese Inhalte umgehend entfernen.<\/p>\n<h2>Haftung f\u00fcr Links<\/h2>\n<p>Unser Angebot enth\u00e4lt Links zu externen Websites Dritter, auf deren Inhalte wir keinen Einfluss haben. Deshalb k\u00f6nnen wir f\u00fcr diese fremden Inhalte auch keine Gew\u00e4hr \u00fcbernehmen. F\u00fcr die Inhalte der verlinkten Seiten ist stets der jeweilige Anbieter oder Betreiber der Seiten verantwortlich. Die verlinkten Seiten wurden zum Zeitpunkt der Verlinkung auf m\u00f6gliche Rechtsverst\u00f6\u00dfe \u00fcberpr\u00fcft. Rechtswidrige Inhalte waren zum Zeitpunkt der Verlinkung nicht erkennbar.<\/p>\n<p>Eine permanente inhaltliche Kontrolle der verlinkten Seiten ist jedoch ohne konkrete Anhaltspunkte einer Rechtsverletzung nicht zumutbar. Bei Bekanntwerden von Rechtsverletzungen werden wir derartige Links umgehend entfernen.<\/p>\n<h2>Urheberrecht<\/h2>\n<p>Die durch die Seitenbetreiber erstellten Inhalte und Werke auf diesen Seiten unterliegen dem deutschen Urheberrecht. Die Vervielf\u00e4ltigung, Bearbeitung, Verbreitung und jede Art der Verwertung au\u00dferhalb der Grenzen des Urheberrechtes bed\u00fcrfen der schriftlichen Zustimmung des jeweiligen Autors bzw. Erstellers. Downloads und Kopien dieser Seite sind nur f\u00fcr den privaten, nicht kommerziellen Gebrauch gestattet.<\/p>\n<p>Soweit die Inhalte auf dieser Seite nicht vom Betreiber erstellt wurden, werden die Urheberrechte Dritter beachtet. Insbesondere werden Inhalte Dritter als solche gekennzeichnet. Sollten Sie trotzdem auf eine Urheberrechtsverletzung aufmerksam werden, bitten wir um einen entsprechenden Hinweis. Bei Bekanntwerden von Rechtsverletzungen werden wir derartige Inhalte umgehend entfernen.<\/p>\n<p>Quelle:\u00a0<a href=\"https:\/\/www.e-recht24.de\/impressum-generator.html\" target=\"_blank\" rel=\"noopener noreferrer nofollow\">https:\/\/www.erecht24. de\/impressum-generator.html<\/a><\/p>\n<\/article>\n<\/div>\n<\/div>\n<\/div>\n<\/div>\n<\/section>\n<\/div><\/div>\n","protected":false},"excerpt":{"rendered":"<p>Impressum Angaben gem\u00e4\u00df \u00a7 5 TMG: Autos Soyka S.L. U. (Autovermietung)Calle Adolfo Suarez, 13E-38760 Los Llanos de AridaneLa Palma \u2013 Kanarische Inseln \u2013 Spanien Tel.: +34 922 46 33 90 Gesch\u00e4ftsf\u00fchrer:Juan Vicente Fuentes Hernandez Steuernummer:B-38304895 Streitschlichtung Wir sind nicht bereit oder verpflichtet, an Streitbeilegungsverfahren vor einer Verbraucherschlichtungsstelle teilzunehmen. Haftung f\u00fcr Inhalte Als Diensteanbieter sind wir [&hellip;]<\/p>\n","protected":false},"author":2,"featured_media":0,"parent":0,"menu_order":0,"comment_status":"closed","ping_status":"closed","template":"","meta":{"_uag_custom_page_level_css":"","site-sidebar-layout":"default","site-content-layout":"","ast-site-content-layout":"default","site-content-style":"default","site-sidebar-style":"default","ast-global-header-display":"","ast-banner-title-visibility":"","ast-main-header-display":"","ast-hfb-above-header-display":"","ast-hfb-below-header-display":"","ast-hfb-mobile-header-display":"","site-post-title":"disabled","ast-breadcrumbs-content":"","ast-featured-img":"","footer-sml-layout":"","ast-disable-related-posts":"","theme-transparent-header-meta":"","adv-header-id-meta":"","stick-header-meta":"","header-above-stick-meta":"","header-main-stick-meta":"","header-below-stick-meta":"","astra-migrate-meta-layouts":"set","ast-page-background-enabled":"default","ast-page-background-meta":{"desktop":{"background-color":"var(--ast-global-color-4)","background-image":"","background-repeat":"repeat","background-position":"center center","background-size":"auto","background-attachment":"scroll","background-type":"","background-media":"","overlay-type":"","overlay-color":"","overlay-opacity":"","overlay-gradient":""},"tablet":{"background-color":"","background-image":"","background-repeat":"repeat","background-position":"center center","background-size":"auto","background-attachment":"scroll","background-type":"","background-media":"","overlay-type":"","overlay-color":"","overlay-opacity":"","overlay-gradient":""},"mobile":{"background-color":"","background-image":"","background-repeat":"repeat","background-position":"center center","background-size":"auto","background-attachment":"scroll","background-type":"","background-media":"","overlay-type":"","overlay-color":"","overlay-opacity":"","overlay-gradient":""}},"ast-content-background-meta":{"desktop":{"background-color":"var(--ast-global-color-5)","background-image":"","background-repeat":"repeat","background-position":"center center","background-size":"auto","background-attachment":"scroll","background-type":"","background-media":"","overlay-type":"","overlay-color":"","overlay-opacity":"","overlay-gradient":""},"tablet":{"background-color":"var(--ast-global-color-5)","background-image":"","background-repeat":"repeat","background-position":"center center","background-size":"auto","background-attachment":"scroll","background-type":"","background-media":"","overlay-type":"","overlay-color":"","overlay-opacity":"","overlay-gradient":""},"mobile":{"background-color":"var(--ast-global-color-5)","background-image":"","background-repeat":"repeat","background-position":"center center","background-size":"auto","background-attachment":"scroll","background-type":"","background-media":"","overlay-type":"","overlay-color":"","overlay-opacity":"","overlay-gradient":""}},"footnotes":""},"class_list":["post-361","page","type-page","status-publish","hentry"],"yoast_head":"<!-- This site is optimized with the Yoast SEO plugin v27.3 - https:\/\/yoast.com\/product\/yoast-seo-wordpress\/ -->\n<title>Impressum - Autos Soyka - Autovermietung und Ferienh\u00e4user auf La Palma<\/title>\n<meta name=\"robots\" content=\"index, follow, max-snippet:-1, max-image-preview:large, max-video-preview:-1\" \/>\n<link rel=\"canonical\" href=\"https:\/\/autosoyka.com\/de\/impressum\/\" \/>\n<meta property=\"og:locale\" content=\"de_DE\" \/>\n<meta property=\"og:type\" content=\"article\" \/>\n<meta property=\"og:title\" content=\"Impressum - Autos Soyka - Autovermietung und Ferienh\u00e4user auf La Palma\" \/>\n<meta property=\"og:description\" content=\"Impressum Angaben gem\u00e4\u00df \u00a7 5 TMG: Autos Soyka S.L. U. (Autovermietung)Calle Adolfo Suarez, 13E-38760 Los Llanos de AridaneLa Palma \u2013 Kanarische Inseln \u2013 Spanien Tel.: +34 922 46 33 90 Gesch\u00e4ftsf\u00fchrer:Juan Vicente Fuentes Hernandez Steuernummer:B-38304895 Streitschlichtung Wir sind nicht bereit oder verpflichtet, an Streitbeilegungsverfahren vor einer Verbraucherschlichtungsstelle teilzunehmen. Haftung f\u00fcr Inhalte Als Diensteanbieter sind wir [&hellip;]\" \/>\n<meta property=\"og:url\" content=\"https:\/\/autosoyka.com\/de\/impressum\/\" \/>\n<meta property=\"og:site_name\" content=\"Autos Soyka - Autovermietung und Ferienh\u00e4user auf La Palma\" \/>\n<meta property=\"article:modified_time\" content=\"2024-05-27T08:01:11+00:00\" \/>\n<meta property=\"og:image\" content=\"https:\/\/autosoyka.com\/wp-content\/uploads\/cropped-auto-soyka-logo.webp\" \/>\n\t<meta property=\"og:image:width\" content=\"512\" \/>\n\t<meta property=\"og:image:height\" content=\"512\" \/>\n\t<meta property=\"og:image:type\" content=\"image\/webp\" \/>\n<meta name=\"twitter:card\" content=\"summary_large_image\" \/>\n<meta name=\"twitter:label1\" content=\"Gesch\u00e4tzte Lesezeit\" \/>\n\t<meta name=\"twitter:data1\" content=\"2\u00a0Minuten\" \/>\n<script type=\"application\/ld+json\" class=\"yoast-schema-graph\">{\"@context\":\"https:\\\/\\\/schema.org\",\"@graph\":[{\"@type\":\"WebPage\",\"@id\":\"https:\\\/\\\/autosoyka.com\\\/de\\\/impressum\\\/\",\"url\":\"https:\\\/\\\/autosoyka.com\\\/de\\\/impressum\\\/\",\"name\":\"Impressum - Autos Soyka - Autovermietung und Ferienh\u00e4user auf La Palma\",\"isPartOf\":{\"@id\":\"https:\\\/\\\/autosoyka.com\\\/de\\\/#website\"},\"datePublished\":\"2018-01-29T15:07:44+00:00\",\"dateModified\":\"2024-05-27T08:01:11+00:00\",\"breadcrumb\":{\"@id\":\"https:\\\/\\\/autosoyka.com\\\/de\\\/impressum\\\/#breadcrumb\"},\"inLanguage\":\"de\",\"potentialAction\":[{\"@type\":\"ReadAction\",\"target\":[\"https:\\\/\\\/autosoyka.com\\\/de\\\/impressum\\\/\"]}]},{\"@type\":\"BreadcrumbList\",\"@id\":\"https:\\\/\\\/autosoyka.com\\\/de\\\/impressum\\\/#breadcrumb\",\"itemListElement\":[{\"@type\":\"ListItem\",\"position\":1,\"name\":\"Home\",\"item\":\"https:\\\/\\\/autosoyka.com\\\/de\\\/\"},{\"@type\":\"ListItem\",\"position\":2,\"name\":\"Impressum\"}]},{\"@type\":\"WebSite\",\"@id\":\"https:\\\/\\\/autosoyka.com\\\/de\\\/#website\",\"url\":\"https:\\\/\\\/autosoyka.com\\\/de\\\/\",\"name\":\"Autos Soyka - Autovermietung und Ferienh\u00e4user auf La Palma\",\"description\":\"home\",\"publisher\":{\"@id\":\"https:\\\/\\\/autosoyka.com\\\/de\\\/#organization\"},\"potentialAction\":[{\"@type\":\"SearchAction\",\"target\":{\"@type\":\"EntryPoint\",\"urlTemplate\":\"https:\\\/\\\/autosoyka.com\\\/de\\\/?s={search_term_string}\"},\"query-input\":{\"@type\":\"PropertyValueSpecification\",\"valueRequired\":true,\"valueName\":\"search_term_string\"}}],\"inLanguage\":\"de\"},{\"@type\":\"Organization\",\"@id\":\"https:\\\/\\\/autosoyka.com\\\/de\\\/#organization\",\"name\":\"Autos Soyka S.L.U.\",\"url\":\"https:\\\/\\\/autosoyka.com\\\/de\\\/\",\"logo\":{\"@type\":\"ImageObject\",\"inLanguage\":\"de\",\"@id\":\"https:\\\/\\\/autosoyka.com\\\/de\\\/#\\\/schema\\\/logo\\\/image\\\/\",\"url\":\"https:\\\/\\\/autosoyka.com\\\/wp-content\\\/uploads\\\/cropped-auto-soyka-logo.webp\",\"contentUrl\":\"https:\\\/\\\/autosoyka.com\\\/wp-content\\\/uploads\\\/cropped-auto-soyka-logo.webp\",\"width\":512,\"height\":512,\"caption\":\"Autos Soyka S.L.U.\"},\"image\":{\"@id\":\"https:\\\/\\\/autosoyka.com\\\/de\\\/#\\\/schema\\\/logo\\\/image\\\/\"}}]}<\/script>\n<!-- \/ Yoast SEO plugin. -->","yoast_head_json":{"title":"Impressum - Autos Soyka - Autovermietung und Ferienh\u00e4user auf La Palma","robots":{"index":"index","follow":"follow","max-snippet":"max-snippet:-1","max-image-preview":"max-image-preview:large","max-video-preview":"max-video-preview:-1"},"canonical":"https:\/\/autosoyka.com\/de\/impressum\/","og_locale":"de_DE","og_type":"article","og_title":"Impressum - Autos Soyka - Autovermietung und Ferienh\u00e4user auf La Palma","og_description":"Impressum Angaben gem\u00e4\u00df \u00a7 5 TMG: Autos Soyka S.L. U. (Autovermietung)Calle Adolfo Suarez, 13E-38760 Los Llanos de AridaneLa Palma \u2013 Kanarische Inseln \u2013 Spanien Tel.: +34 922 46 33 90 Gesch\u00e4ftsf\u00fchrer:Juan Vicente Fuentes Hernandez Steuernummer:B-38304895 Streitschlichtung Wir sind nicht bereit oder verpflichtet, an Streitbeilegungsverfahren vor einer Verbraucherschlichtungsstelle teilzunehmen. Haftung f\u00fcr Inhalte Als Diensteanbieter sind wir [&hellip;]","og_url":"https:\/\/autosoyka.com\/de\/impressum\/","og_site_name":"Autos Soyka - Autovermietung und Ferienh\u00e4user auf La Palma","article_modified_time":"2024-05-27T08:01:11+00:00","og_image":[{"width":512,"height":512,"url":"https:\/\/autosoyka.com\/wp-content\/uploads\/cropped-auto-soyka-logo.webp","type":"image\/webp"}],"twitter_card":"summary_large_image","twitter_misc":{"Gesch\u00e4tzte Lesezeit":"2\u00a0Minuten"},"schema":{"@context":"https:\/\/schema.org","@graph":[{"@type":"WebPage","@id":"https:\/\/autosoyka.com\/de\/impressum\/","url":"https:\/\/autosoyka.com\/de\/impressum\/","name":"Impressum - Autos Soyka - Autovermietung und Ferienh\u00e4user auf La Palma","isPartOf":{"@id":"https:\/\/autosoyka.com\/de\/#website"},"datePublished":"2018-01-29T15:07:44+00:00","dateModified":"2024-05-27T08:01:11+00:00","breadcrumb":{"@id":"https:\/\/autosoyka.com\/de\/impressum\/#breadcrumb"},"inLanguage":"de","potentialAction":[{"@type":"ReadAction","target":["https:\/\/autosoyka.com\/de\/impressum\/"]}]},{"@type":"BreadcrumbList","@id":"https:\/\/autosoyka.com\/de\/impressum\/#breadcrumb","itemListElement":[{"@type":"ListItem","position":1,"name":"Home","item":"https:\/\/autosoyka.com\/de\/"},{"@type":"ListItem","position":2,"name":"Impressum"}]},{"@type":"WebSite","@id":"https:\/\/autosoyka.com\/de\/#website","url":"https:\/\/autosoyka.com\/de\/","name":"Autos Soyka - Autovermietung und Ferienh\u00e4user auf La Palma","description":"home","publisher":{"@id":"https:\/\/autosoyka.com\/de\/#organization"},"potentialAction":[{"@type":"SearchAction","target":{"@type":"EntryPoint","urlTemplate":"https:\/\/autosoyka.com\/de\/?s={search_term_string}"},"query-input":{"@type":"PropertyValueSpecification","valueRequired":true,"valueName":"search_term_string"}}],"inLanguage":"de"},{"@type":"Organization","@id":"https:\/\/autosoyka.com\/de\/#organization","name":"Autos Soyka S.L.U.","url":"https:\/\/autosoyka.com\/de\/","logo":{"@type":"ImageObject","inLanguage":"de","@id":"https:\/\/autosoyka.com\/de\/#\/schema\/logo\/image\/","url":"https:\/\/autosoyka.com\/wp-content\/uploads\/cropped-auto-soyka-logo.webp","contentUrl":"https:\/\/autosoyka.com\/wp-content\/uploads\/cropped-auto-soyka-logo.webp","width":512,"height":512,"caption":"Autos Soyka S.L.U."},"image":{"@id":"https:\/\/autosoyka.com\/de\/#\/schema\/logo\/image\/"}}]}},"spectra_custom_meta":{"_edit_lock":["1728365377:2"],"_edit_last":["2"],"_yoast_wpseo_content_score":["90"],"_wp_page_template":[""],"_last_translation_edit_mode":["native-editor"],"_yoast_wpseo_estimated-reading-time-minutes":["2"],"astra_style_timestamp_css":["1669632940"],"_yoast_wpseo_wordproof_timestamp":[""],"footnotes":[""],"adv-header-id-meta":[""],"stick-header-meta":[""],"site-post-title":["disabled"],"theme-transparent-header-meta":[""],"_uag_custom_page_level_css":[""],"ast-site-content-layout":["default"],"astra-migrate-meta-layouts":["set"],"_wpml_media_duplicate":["0"],"_wpml_media_featured":["0"],"_wpml_word_count":["{\"total\":333,\"to_translate\":{\"nl\":333,\"en\":333,\"es\":333}}"],"_uag_migration_processed":["1"],"_uag_page_assets":["a:9:{s:3:\"css\";s:2435:\".wp-block-uagb-container.uagb-block-4dae5d95 .uagb-container__shape-top svg{width: calc( 100% + 1.3px );}.wp-block-uagb-container.uagb-block-4dae5d95 .uagb-container__shape.uagb-container__shape-top .uagb-container__shape-fill{fill: rgba(51,51,51,1);}.wp-block-uagb-container.uagb-block-4dae5d95 .uagb-container__shape-bottom svg{width: calc( 100% + 1.3px );}.wp-block-uagb-container.uagb-block-4dae5d95 .uagb-container__shape.uagb-container__shape-bottom .uagb-container__shape-fill{fill: rgba(51,51,51,1);}.wp-block-uagb-container.uagb-block-4dae5d95 .uagb-container__video-wrap video{opacity: 1;}.wp-block-uagb-container.uagb-is-root-container .uagb-block-4dae5d95{max-width: 100%;width: 100%;}.wp-block-uagb-container.uagb-is-root-container.alignfull.uagb-block-4dae5d95 > .uagb-container-inner-blocks-wrap{--inner-content-custom-width: min( 100%, 1150px);max-width: var(--inner-content-custom-width);width: 100%;flex-direction: column;align-items: flex-start;justify-content: flex-start;flex-wrap: nowrap;row-gap: 0px;column-gap: 0px;}.wp-block-uagb-container.uagb-block-4dae5d95{box-shadow: 0px 0px   #00000070 ;padding-top: 10px;padding-bottom: 10px;padding-left: 10px;padding-right: 10px;margin-top:  !important;margin-bottom:  !important;overflow: visible;order: initial;border-color: inherit;row-gap: 0px;column-gap: 0px;}@media only screen and (max-width: 976px) {.wp-block-uagb-container.uagb-is-root-container .uagb-block-4dae5d95{width: 100%;}.wp-block-uagb-container.uagb-is-root-container.alignfull.uagb-block-4dae5d95 > .uagb-container-inner-blocks-wrap{--inner-content-custom-width: min( 100%, 1024px);max-width: var(--inner-content-custom-width);width: 100%;}.wp-block-uagb-container.uagb-block-4dae5d95{padding-top: 10px;padding-bottom: 10px;padding-left: 10px;padding-right: 10px;margin-top:  !important;margin-bottom:  !important;order: initial;}}@media only screen and (max-width: 767px) {.wp-block-uagb-container.uagb-is-root-container .uagb-block-4dae5d95{max-width: 100%;width: 100%;}.wp-block-uagb-container.uagb-is-root-container.alignfull.uagb-block-4dae5d95 > .uagb-container-inner-blocks-wrap{--inner-content-custom-width: min( 100%, 767px);max-width: var(--inner-content-custom-width);width: 100%;flex-wrap: wrap;}.wp-block-uagb-container.uagb-block-4dae5d95{padding-top: 0px;padding-bottom: 0px;padding-left: 20px;padding-right: 20px;margin-top:  !important;margin-bottom:  !important;order: initial;}}\";s:2:\"js\";s:0:\"\";s:18:\"current_block_list\";a:2:{i:0;s:14:\"uagb\/container\";i:1;s:13:\"core\/freeform\";}s:8:\"uag_flag\";b:1;s:11:\"uag_version\";s:10:\"1775980521\";s:6:\"gfonts\";a:1:{s:7:\"Default\";a:2:{s:10:\"fontfamily\";s:7:\"Default\";s:12:\"fontvariants\";a:0:{}}}s:10:\"gfonts_url\";s:77:\"https:\/\/fonts.googleapis.com\/css?family=Default&subset=latin&display=fallback\";s:12:\"gfonts_files\";a:0:{}s:14:\"uag_faq_layout\";b:0;}"]},"uagb_featured_image_src":{"full":false,"thumbnail":false,"medium":false,"medium_large":false,"large":false,"1536x1536":false,"2048x2048":false},"uagb_author_info":{"display_name":"itlapalma","author_link":"https:\/\/autosoyka.com\/de\/author\/itlapalma\/"},"uagb_comment_info":0,"uagb_excerpt":"Impressum Angaben gem\u00e4\u00df \u00a7 5 TMG: Autos Soyka S.L. U. (Autovermietung)Calle Adolfo Suarez, 13E-38760 Los Llanos de AridaneLa Palma \u2013 Kanarische Inseln \u2013 Spanien Tel.: +34 922 46 33 90 Gesch\u00e4ftsf\u00fchrer:Juan Vicente Fuentes Hernandez Steuernummer:B-38304895 Streitschlichtung Wir sind nicht bereit oder verpflichtet, an Streitbeilegungsverfahren vor einer Verbraucherschlichtungsstelle teilzunehmen. Haftung f\u00fcr Inhalte Als Diensteanbieter sind wir&hellip;","_links":{"self":[{"href":"https:\/\/autosoyka.com\/de\/wp-json\/wp\/v2\/pages\/361","targetHints":{"allow":["GET"]}}],"collection":[{"href":"https:\/\/autosoyka.com\/de\/wp-json\/wp\/v2\/pages"}],"about":[{"href":"https:\/\/autosoyka.com\/de\/wp-json\/wp\/v2\/types\/page"}],"author":[{"embeddable":true,"href":"https:\/\/autosoyka.com\/de\/wp-json\/wp\/v2\/users\/2"}],"replies":[{"embeddable":true,"href":"https:\/\/autosoyka.com\/de\/wp-json\/wp\/v2\/comments?post=361"}],"version-history":[{"count":0,"href":"https:\/\/autosoyka.com\/de\/wp-json\/wp\/v2\/pages\/361\/revisions"}],"wp:attachment":[{"href":"https:\/\/autosoyka.com\/de\/wp-json\/wp\/v2\/media?parent=361"}],"curies":[{"name":"wp","href":"https:\/\/api.w.org\/{rel}","templated":true}]}}