{"id":994,"date":"2024-05-17T08:34:12","date_gmt":"2024-05-17T08:34:12","guid":{"rendered":"https:\/\/autosoyka.com\/?page_id=994"},"modified":"2025-01-31T08:48:07","modified_gmt":"2025-01-31T08:48:07","slug":"villa-los-lomos","status":"publish","type":"page","link":"https:\/\/autosoyka.com\/de\/villa-los-lomos\/","title":{"rendered":"Villa Los Lomos"},"content":{"rendered":"\n<p><\/p>\n\n\n\n<div class=\"wp-block-uagb-container uagb-block-4ee1987d alignfull uagb-is-root-container\"><div class=\"uagb-container-inner-blocks-wrap\">\n<div class=\"wp-block-uagb-container uagb-block-b2341316\">\n<h2>Wir freuen uns auf Sie<\/h2>\n<p><strong>Ferienh\u00e4user in Los Llanos im Westen von La Palma. <\/strong><\/p>\n<p>Autos Soyka bietet Ihnen den besten Komplettservice aus einer Hand. Wir haben f\u00fcr Ihre W\u00fcnsche stets Zeit und m\u00f6chten, dass Sie sich immer bei uns zu Hause f\u00fchlen. Unsere Mitarbeiter sprechen Deutsch, Englisch und Spanisch.<\/p>\n<\/div>\n\n\n\n<div class=\"wp-block-uagb-container uagb-block-8a77e172\">\n<div class=\"wp-block-uagb-image aligncenter uagb-block-428ca4ea wp-block-uagb-image--layout-default wp-block-uagb-image--effect-static wp-block-uagb-image--align-center\"><figure class=\"wp-block-uagb-image__figure\"><img decoding=\"async\" srcset=\"https:\/\/autosoyka.com\/wp-content\/uploads\/kontakt.webp ,https:\/\/autosoyka.com\/wp-content\/uploads\/kontakt.webp 780w, https:\/\/autosoyka.com\/wp-content\/uploads\/kontakt.webp 360w\" sizes=\"auto, (max-width: 480px) 150px\" src=\"https:\/\/autosoyka.com\/wp-content\/uploads\/kontakt.webp\" alt=\"\" class=\"uag-image-958\" width=\"250\" height=\"250\" title=\"kontakt\" loading=\"lazy\" role=\"img\"\/><\/figure><\/div>\n<\/div>\n<\/div><\/div>\n\n\n\n<p><\/p>\n\n\n\n<div class=\"wp-block-uagb-container uagb-block-2a9fb918 alignfull uagb-is-root-container\">\n<p><\/p>\n\n\n\n<h2 style=\"text-align: center;\">Unser Service<\/h2>\n\n\n\n<div class=\"wp-block-uagb-container uagb-block-815030fd alignfull uagb-is-root-container\"><div class=\"uagb-container-inner-blocks-wrap\">\n<div class=\"wp-block-uagb-container uagb-block-af55a149\">\n<p>Entdecken Sie die Sch\u00f6nheiten und Geheimnisse der Isla Bonita bequem und individuell mit dem Auto.<\/p>\n<\/div>\n\n\n\n<div class=\"wp-block-uagb-container uagb-block-d452bd09\">\n<div class=\"wp-block-uagb-image uagb-block-37391124 wp-block-uagb-image--layout-default wp-block-uagb-image--effect-static wp-block-uagb-image--align-none\"><figure class=\"wp-block-uagb-image__figure\"><img decoding=\"async\" srcset=\"https:\/\/autosoyka.com\/wp-content\/uploads\/villa-los-lomos-los-llanos-de-aridane-1024x408.webp ,https:\/\/autosoyka.com\/wp-content\/uploads\/villa-los-lomos-los-llanos-de-aridane.webp 780w, https:\/\/autosoyka.com\/wp-content\/uploads\/villa-los-lomos-los-llanos-de-aridane.webp 360w\" sizes=\"auto, (max-width: 480px) 150px\" src=\"https:\/\/autosoyka.com\/wp-content\/uploads\/villa-los-lomos-los-llanos-de-aridane-1024x408.webp\" alt=\"\" class=\"uag-image-1202\" width=\"1271\" height=\"506\" title=\"villa-los-lomos-los-llanos-de-aridane\" loading=\"lazy\" role=\"img\"\/><\/figure><\/div>\n<\/div>\n<\/div><\/div>\n<\/div>\n\n\n\n<div class=\"wp-block-uagb-container uagb-block-577c5ec7 alignfull uagb-is-root-container\">\n<div class=\"wp-block-uagb-container uagb-block-ad5768d7 alignfull uagb-is-root-container\"><div class=\"uagb-container-inner-blocks-wrap\">\n<div class=\"wp-block-uagb-container uagb-block-6bceb6a8\">\n<div class=\"wp-block-uagb-icon-list uagb-block-8a6bae21\"><div class=\"uagb-icon-list__wrap\">\n<div class=\"wp-block-uagb-icon-list-child uagb-block-4d80dd3b\"><span class=\"uagb-icon-list__source-wrap\"><svg xmlns=\"https:\/\/www.w3.org\/2000\/svg\" viewBox=\"0 0 448 512\"><path d=\"M438.6 105.4C451.1 117.9 451.1 138.1 438.6 150.6L182.6 406.6C170.1 419.1 149.9 419.1 137.4 406.6L9.372 278.6C-3.124 266.1-3.124 245.9 9.372 233.4C21.87 220.9 42.13 220.9 54.63 233.4L159.1 338.7L393.4 105.4C405.9 92.88 426.1 92.88 438.6 105.4H438.6z\"><\/path><\/svg><\/span><span class=\"uagb-icon-list__label\">Eine Flasche Wein zur Begr\u00fc\u00dfung<\/span><\/div>\n\n\n\n<div class=\"wp-block-uagb-icon-list-child uagb-block-d7d7c253\"><span class=\"uagb-icon-list__source-wrap\"><svg xmlns=\"https:\/\/www.w3.org\/2000\/svg\" viewBox=\"0 0 448 512\"><path d=\"M438.6 105.4C451.1 117.9 451.1 138.1 438.6 150.6L182.6 406.6C170.1 419.1 149.9 419.1 137.4 406.6L9.372 278.6C-3.124 266.1-3.124 245.9 9.372 233.4C21.87 220.9 42.13 220.9 54.63 233.4L159.1 338.7L393.4 105.4C405.9 92.88 426.1 92.88 438.6 105.4H438.6z\"><\/path><\/svg><\/span><span class=\"uagb-icon-list__label\">Eine Stunde Padel im Padel Aridane Sport Center<\/span><\/div>\n\n\n\n<div class=\"wp-block-uagb-icon-list-child uagb-block-307dd8cd\"><span class=\"uagb-icon-list__source-wrap\"><svg xmlns=\"https:\/\/www.w3.org\/2000\/svg\" viewBox=\"0 0 448 512\"><path d=\"M438.6 105.4C451.1 117.9 451.1 138.1 438.6 150.6L182.6 406.6C170.1 419.1 149.9 419.1 137.4 406.6L9.372 278.6C-3.124 266.1-3.124 245.9 9.372 233.4C21.87 220.9 42.13 220.9 54.63 233.4L159.1 338.7L393.4 105.4C405.9 92.88 426.1 92.88 438.6 105.4H438.6z\"><\/path><\/svg><\/span><span class=\"uagb-icon-list__label\">Br\u00f6tchenservice<\/span><\/div>\n\n\n\n<div class=\"wp-block-uagb-icon-list-child uagb-block-ec21ebfd\"><span class=\"uagb-icon-list__source-wrap\"><svg xmlns=\"https:\/\/www.w3.org\/2000\/svg\" viewBox=\"0 0 448 512\"><path d=\"M438.6 105.4C451.1 117.9 451.1 138.1 438.6 150.6L182.6 406.6C170.1 419.1 149.9 419.1 137.4 406.6L9.372 278.6C-3.124 266.1-3.124 245.9 9.372 233.4C21.87 220.9 42.13 220.9 54.63 233.4L159.1 338.7L393.4 105.4C405.9 92.88 426.1 92.88 438.6 105.4H438.6z\"><\/path><\/svg><\/span><span class=\"uagb-icon-list__label\">Mietsafe<\/span><\/div>\n<\/div><\/div>\n<\/div>\n\n\n\n<div class=\"wp-block-uagb-container uagb-block-80c98eeb\">\n<div class=\"wp-block-uagb-icon-list uagb-block-b9b0a2c3\"><div class=\"uagb-icon-list__wrap\">\n<div class=\"wp-block-uagb-icon-list-child uagb-block-f582b312\"><span class=\"uagb-icon-list__source-wrap\"><svg xmlns=\"https:\/\/www.w3.org\/2000\/svg\" viewBox=\"0 0 448 512\"><path d=\"M438.6 105.4C451.1 117.9 451.1 138.1 438.6 150.6L182.6 406.6C170.1 419.1 149.9 419.1 137.4 406.6L9.372 278.6C-3.124 266.1-3.124 245.9 9.372 233.4C21.87 220.9 42.13 220.9 54.63 233.4L159.1 338.7L393.4 105.4C405.9 92.88 426.1 92.88 438.6 105.4H438.6z\"><\/path><\/svg><\/span><span class=\"uagb-icon-list__label\">2x pro Woche Handtuchwechsel<\/span><\/div>\n\n\n\n<div class=\"wp-block-uagb-icon-list-child uagb-block-14c8afdc\"><span class=\"uagb-icon-list__source-wrap\"><svg xmlns=\"https:\/\/www.w3.org\/2000\/svg\" viewBox=\"0 0 448 512\"><path d=\"M438.6 105.4C451.1 117.9 451.1 138.1 438.6 150.6L182.6 406.6C170.1 419.1 149.9 419.1 137.4 406.6L9.372 278.6C-3.124 266.1-3.124 245.9 9.372 233.4C21.87 220.9 42.13 220.9 54.63 233.4L159.1 338.7L393.4 105.4C405.9 92.88 426.1 92.88 438.6 105.4H438.6z\"><\/path><\/svg><\/span><span class=\"uagb-icon-list__label\">Auf Wunsch &#8211; w\u00f6chentlicher Bettw\u00e4schewechsel<\/span><\/div>\n\n\n\n<div class=\"wp-block-uagb-icon-list-child uagb-block-df40bfb0\"><span class=\"uagb-icon-list__source-wrap\"><svg xmlns=\"https:\/\/www.w3.org\/2000\/svg\" viewBox=\"0 0 448 512\"><path d=\"M438.6 105.4C451.1 117.9 451.1 138.1 438.6 150.6L182.6 406.6C170.1 419.1 149.9 419.1 137.4 406.6L9.372 278.6C-3.124 266.1-3.124 245.9 9.372 233.4C21.87 220.9 42.13 220.9 54.63 233.4L159.1 338.7L393.4 105.4C405.9 92.88 426.1 92.88 438.6 105.4H438.6z\"><\/path><\/svg><\/span><span class=\"uagb-icon-list__label\">Auf Wunsch &#8211; Zwischenreinigung<\/span><\/div>\n\n\n\n<div class=\"wp-block-uagb-icon-list-child uagb-block-18cd088b\"><span class=\"uagb-icon-list__source-wrap\"><svg xmlns=\"https:\/\/www.w3.org\/2000\/svg\" viewBox=\"0 0 448 512\"><path d=\"M438.6 105.4C451.1 117.9 451.1 138.1 438.6 150.6L182.6 406.6C170.1 419.1 149.9 419.1 137.4 406.6L9.372 278.6C-3.124 266.1-3.124 245.9 9.372 233.4C21.87 220.9 42.13 220.9 54.63 233.4L159.1 338.7L393.4 105.4C405.9 92.88 426.1 92.88 438.6 105.4H438.6z\"><\/path><\/svg><\/span><span class=\"uagb-icon-list__label\">Auf Wunsch &#8211; Heizung<\/span><\/div>\n<\/div><\/div>\n<\/div>\n<\/div><\/div>\n<\/div>\n\n\n\n<div class=\"wp-block-uagb-container uagb-block-ee67104b alignfull uagb-is-root-container\">\n<p><\/p>\n\n\n\n<h2 style=\"text-align: center;\"><span style=\"color: #ffffff;\">Unsere Ferienwohnungen<\/span><\/h2>\n<p style=\"text-align: center;\"><span style=\"color: #ffffff;\">Geschmackvoll und individuell eingerichtete Ferienwohnungen<\/span><\/p>\n\n\n\n<div class=\"wp-block-uagb-container uagb-block-65a3e234 alignfull uagb-is-root-container\"><div class=\"uagb-container-inner-blocks-wrap\">\n<div class=\"wp-block-uagb-container uagb-block-d35b2508\">\n<div class=\"wp-block-uagb-image aligncenter uagb-block-2225a1c5 wp-block-uagb-image--layout-default wp-block-uagb-image--effect-static wp-block-uagb-image--align-center\"><figure class=\"wp-block-uagb-image__figure\"><a class=\"\" href=\"\/de\/casa-elisa\/\" target=\"\" rel=\"noopener\"><img decoding=\"async\" srcset=\"https:\/\/autosoyka.com\/wp-content\/uploads\/IMG-20241207-WA0021.webp ,https:\/\/autosoyka.com\/wp-content\/uploads\/IMG-20241207-WA0021.webp 780w, https:\/\/autosoyka.com\/wp-content\/uploads\/IMG-20241207-WA0021.webp 360w\" sizes=\"auto, (max-width: 480px) 150px\" src=\"https:\/\/autosoyka.com\/wp-content\/uploads\/IMG-20241207-WA0021.webp\" alt=\"\" class=\"uag-image-3406\" width=\"550\" height=\"340\" title=\"IMG-20241207-WA0021\" loading=\"lazy\" role=\"img\"\/><\/a><\/figure><\/div>\n\n\n\n<p style=\"text-align: center;\"><a href=\"\/de\/casa-elisa\/\" data-wplink-edit=\"true\">Elisa C<\/a><\/p>\n<\/div>\n\n\n\n<div class=\"wp-block-uagb-container uagb-block-274689f9\">\n<div class=\"wp-block-uagb-image aligncenter uagb-block-48d7e52f wp-block-uagb-image--layout-default wp-block-uagb-image--effect-static wp-block-uagb-image--align-center\"><figure class=\"wp-block-uagb-image__figure\"><a class=\"\" href=\"\/de\/villa-los-lomos-tres\/\" target=\"\" rel=\"noopener\"><img decoding=\"async\" srcset=\"https:\/\/autosoyka.com\/wp-content\/uploads\/villa-los-lomos3-aussen4-768x512-1.webp ,https:\/\/autosoyka.com\/wp-content\/uploads\/villa-los-lomos3-aussen4-768x512-1.webp 780w, https:\/\/autosoyka.com\/wp-content\/uploads\/villa-los-lomos3-aussen4-768x512-1.webp 360w\" sizes=\"auto, (max-width: 480px) 150px\" src=\"https:\/\/autosoyka.com\/wp-content\/uploads\/villa-los-lomos3-aussen4-768x512-1.webp\" alt=\"\" class=\"uag-image-1174\" width=\"550\" height=\"340\" title=\"villa-los-lomos3-aussen4-768x512-1\" loading=\"lazy\" role=\"img\"\/><\/a><\/figure><\/div>\n\n\n\n<p style=\"text-align: center;\"><a href=\"\/de\/villa-los-lomos-tres\/\">Villa Los Lomos Tres<\/a><\/p>\n<\/div>\n<\/div><\/div>\n\n\n\n<div class=\"wp-block-uagb-container uagb-block-37fd4ca5 alignfull uagb-is-root-container\"><div class=\"uagb-container-inner-blocks-wrap\">\n<div class=\"wp-block-uagb-container uagb-block-352b1aff\">\n<div class=\"wp-block-uagb-buttons uagb-buttons__outer-wrap uagb-btn__default-btn uagb-btn-tablet__default-btn uagb-btn-mobile__default-btn uagb-block-ddfc9458\"><div class=\"uagb-buttons__wrap uagb-buttons-layout-wrap \">\n<div class=\"wp-block-uagb-buttons-child uagb-buttons__outer-wrap uagb-block-4a623d63 wp-block-button\"><div class=\"uagb-button__wrapper\"><a class=\"uagb-buttons-repeater wp-block-button__link\" aria-label=\"\" href=\"\/de\/unsere-haeuser\/\" rel=\"follow noopener\" target=\"_self\" role=\"button\"><div class=\"uagb-button__link\">Alle H\u00e4user anzeigen<\/div><\/a><\/div><\/div>\n<\/div><\/div>\n<\/div>\n\n\n\n<div class=\"wp-block-uagb-container uagb-block-04c37ad3\"><\/div>\n<\/div><\/div>\n<\/div>\n","protected":false},"excerpt":{"rendered":"<p>Wir freuen uns auf Sie Ferienh\u00e4user in Los Llanos im Westen von La Palma. Autos Soyka bietet Ihnen den besten Komplettservice aus einer Hand. Wir haben f\u00fcr Ihre W\u00fcnsche stets Zeit und m\u00f6chten, dass Sie sich immer bei uns zu Hause f\u00fchlen. Unsere Mitarbeiter sprechen Deutsch, Englisch und Spanisch. Unser Service Entdecken Sie die Sch\u00f6nheiten [&hellip;]<\/p>\n","protected":false},"author":2,"featured_media":0,"parent":0,"menu_order":0,"comment_status":"closed","ping_status":"closed","template":"","meta":{"_uag_custom_page_level_css":"","site-sidebar-layout":"default","site-content-layout":"","ast-site-content-layout":"default","site-content-style":"default","site-sidebar-style":"default","ast-global-header-display":"","ast-banner-title-visibility":"","ast-main-header-display":"","ast-hfb-above-header-display":"","ast-hfb-below-header-display":"","ast-hfb-mobile-header-display":"","site-post-title":"disabled","ast-breadcrumbs-content":"","ast-featured-img":"","footer-sml-layout":"","ast-disable-related-posts":"","theme-transparent-header-meta":"","adv-header-id-meta":"","stick-header-meta":"","header-above-stick-meta":"","header-main-stick-meta":"","header-below-stick-meta":"","astra-migrate-meta-layouts":"set","ast-page-background-enabled":"default","ast-page-background-meta":{"desktop":{"background-color":"var(--ast-global-color-4)","background-image":"","background-repeat":"repeat","background-position":"center center","background-size":"auto","background-attachment":"scroll","background-type":"","background-media":"","overlay-type":"","overlay-color":"","overlay-opacity":"","overlay-gradient":""},"tablet":{"background-color":"","background-image":"","background-repeat":"repeat","background-position":"center center","background-size":"auto","background-attachment":"scroll","background-type":"","background-media":"","overlay-type":"","overlay-color":"","overlay-opacity":"","overlay-gradient":""},"mobile":{"background-color":"","background-image":"","background-repeat":"repeat","background-position":"center center","background-size":"auto","background-attachment":"scroll","background-type":"","background-media":"","overlay-type":"","overlay-color":"","overlay-opacity":"","overlay-gradient":""}},"ast-content-background-meta":{"desktop":{"background-color":"var(--ast-global-color-5)","background-image":"","background-repeat":"repeat","background-position":"center center","background-size":"auto","background-attachment":"scroll","background-type":"","background-media":"","overlay-type":"","overlay-color":"","overlay-opacity":"","overlay-gradient":""},"tablet":{"background-color":"var(--ast-global-color-5)","background-image":"","background-repeat":"repeat","background-position":"center center","background-size":"auto","background-attachment":"scroll","background-type":"","background-media":"","overlay-type":"","overlay-color":"","overlay-opacity":"","overlay-gradient":""},"mobile":{"background-color":"var(--ast-global-color-5)","background-image":"","background-repeat":"repeat","background-position":"center center","background-size":"auto","background-attachment":"scroll","background-type":"","background-media":"","overlay-type":"","overlay-color":"","overlay-opacity":"","overlay-gradient":""}},"footnotes":""},"class_list":["post-994","page","type-page","status-publish","hentry"],"yoast_head":"<!-- This site is optimized with the Yoast SEO plugin v27.3 - https:\/\/yoast.com\/product\/yoast-seo-wordpress\/ -->\n<title>Villa Los Lomos - Autos Soyka - Autovermietung und Ferienh\u00e4user auf La Palma<\/title>\n<meta name=\"robots\" content=\"index, follow, max-snippet:-1, max-image-preview:large, max-video-preview:-1\" \/>\n<link rel=\"canonical\" href=\"https:\/\/autosoyka.com\/de\/villa-los-lomos\/\" \/>\n<meta property=\"og:locale\" content=\"de_DE\" \/>\n<meta property=\"og:type\" content=\"article\" \/>\n<meta property=\"og:title\" content=\"Villa Los Lomos - Autos Soyka - Autovermietung und Ferienh\u00e4user auf La Palma\" \/>\n<meta property=\"og:description\" content=\"Wir freuen uns auf Sie Ferienh\u00e4user in Los Llanos im Westen von La Palma. Autos Soyka bietet Ihnen den besten Komplettservice aus einer Hand. Wir haben f\u00fcr Ihre W\u00fcnsche stets Zeit und m\u00f6chten, dass Sie sich immer bei uns zu Hause f\u00fchlen. Unsere Mitarbeiter sprechen Deutsch, Englisch und Spanisch. Unser Service Entdecken Sie die Sch\u00f6nheiten [&hellip;]\" \/>\n<meta property=\"og:url\" content=\"https:\/\/autosoyka.com\/de\/villa-los-lomos\/\" \/>\n<meta property=\"og:site_name\" content=\"Autos Soyka - Autovermietung und Ferienh\u00e4user auf La Palma\" \/>\n<meta property=\"article:modified_time\" content=\"2025-01-31T08:48:07+00:00\" \/>\n<meta property=\"og:image\" content=\"https:\/\/autosoyka.com\/wp-content\/uploads\/kontakt.webp\" \/>\n<meta name=\"twitter:card\" content=\"summary_large_image\" \/>\n<meta name=\"twitter:label1\" content=\"Gesch\u00e4tzte Lesezeit\" \/>\n\t<meta name=\"twitter:data1\" content=\"2\u00a0Minuten\" \/>\n<script type=\"application\/ld+json\" class=\"yoast-schema-graph\">{\"@context\":\"https:\\\/\\\/schema.org\",\"@graph\":[{\"@type\":\"WebPage\",\"@id\":\"https:\\\/\\\/autosoyka.com\\\/de\\\/villa-los-lomos\\\/\",\"url\":\"https:\\\/\\\/autosoyka.com\\\/de\\\/villa-los-lomos\\\/\",\"name\":\"Villa Los Lomos - Autos Soyka - Autovermietung und Ferienh\u00e4user auf La Palma\",\"isPartOf\":{\"@id\":\"https:\\\/\\\/autosoyka.com\\\/de\\\/#website\"},\"primaryImageOfPage\":{\"@id\":\"https:\\\/\\\/autosoyka.com\\\/de\\\/villa-los-lomos\\\/#primaryimage\"},\"image\":{\"@id\":\"https:\\\/\\\/autosoyka.com\\\/de\\\/villa-los-lomos\\\/#primaryimage\"},\"thumbnailUrl\":\"https:\\\/\\\/autosoyka.com\\\/wp-content\\\/uploads\\\/kontakt.webp\",\"datePublished\":\"2024-05-17T08:34:12+00:00\",\"dateModified\":\"2025-01-31T08:48:07+00:00\",\"breadcrumb\":{\"@id\":\"https:\\\/\\\/autosoyka.com\\\/de\\\/villa-los-lomos\\\/#breadcrumb\"},\"inLanguage\":\"de\",\"potentialAction\":[{\"@type\":\"ReadAction\",\"target\":[\"https:\\\/\\\/autosoyka.com\\\/de\\\/villa-los-lomos\\\/\"]}]},{\"@type\":\"ImageObject\",\"inLanguage\":\"de\",\"@id\":\"https:\\\/\\\/autosoyka.com\\\/de\\\/villa-los-lomos\\\/#primaryimage\",\"url\":\"https:\\\/\\\/autosoyka.com\\\/wp-content\\\/uploads\\\/kontakt.webp\",\"contentUrl\":\"https:\\\/\\\/autosoyka.com\\\/wp-content\\\/uploads\\\/kontakt.webp\"},{\"@type\":\"BreadcrumbList\",\"@id\":\"https:\\\/\\\/autosoyka.com\\\/de\\\/villa-los-lomos\\\/#breadcrumb\",\"itemListElement\":[{\"@type\":\"ListItem\",\"position\":1,\"name\":\"Home\",\"item\":\"https:\\\/\\\/autosoyka.com\\\/de\\\/\"},{\"@type\":\"ListItem\",\"position\":2,\"name\":\"Villa Los Lomos\"}]},{\"@type\":\"WebSite\",\"@id\":\"https:\\\/\\\/autosoyka.com\\\/de\\\/#website\",\"url\":\"https:\\\/\\\/autosoyka.com\\\/de\\\/\",\"name\":\"Autos Soyka - Autovermietung und Ferienh\u00e4user auf La Palma\",\"description\":\"home\",\"publisher\":{\"@id\":\"https:\\\/\\\/autosoyka.com\\\/de\\\/#organization\"},\"potentialAction\":[{\"@type\":\"SearchAction\",\"target\":{\"@type\":\"EntryPoint\",\"urlTemplate\":\"https:\\\/\\\/autosoyka.com\\\/de\\\/?s={search_term_string}\"},\"query-input\":{\"@type\":\"PropertyValueSpecification\",\"valueRequired\":true,\"valueName\":\"search_term_string\"}}],\"inLanguage\":\"de\"},{\"@type\":\"Organization\",\"@id\":\"https:\\\/\\\/autosoyka.com\\\/de\\\/#organization\",\"name\":\"Autos Soyka S.L.U.\",\"url\":\"https:\\\/\\\/autosoyka.com\\\/de\\\/\",\"logo\":{\"@type\":\"ImageObject\",\"inLanguage\":\"de\",\"@id\":\"https:\\\/\\\/autosoyka.com\\\/de\\\/#\\\/schema\\\/logo\\\/image\\\/\",\"url\":\"https:\\\/\\\/autosoyka.com\\\/wp-content\\\/uploads\\\/cropped-auto-soyka-logo.webp\",\"contentUrl\":\"https:\\\/\\\/autosoyka.com\\\/wp-content\\\/uploads\\\/cropped-auto-soyka-logo.webp\",\"width\":512,\"height\":512,\"caption\":\"Autos Soyka S.L.U.\"},\"image\":{\"@id\":\"https:\\\/\\\/autosoyka.com\\\/de\\\/#\\\/schema\\\/logo\\\/image\\\/\"}}]}<\/script>\n<!-- \/ Yoast SEO plugin. -->","yoast_head_json":{"title":"Villa Los Lomos - Autos Soyka - Autovermietung und Ferienh\u00e4user auf La Palma","robots":{"index":"index","follow":"follow","max-snippet":"max-snippet:-1","max-image-preview":"max-image-preview:large","max-video-preview":"max-video-preview:-1"},"canonical":"https:\/\/autosoyka.com\/de\/villa-los-lomos\/","og_locale":"de_DE","og_type":"article","og_title":"Villa Los Lomos - Autos Soyka - Autovermietung und Ferienh\u00e4user auf La Palma","og_description":"Wir freuen uns auf Sie Ferienh\u00e4user in Los Llanos im Westen von La Palma. Autos Soyka bietet Ihnen den besten Komplettservice aus einer Hand. Wir haben f\u00fcr Ihre W\u00fcnsche stets Zeit und m\u00f6chten, dass Sie sich immer bei uns zu Hause f\u00fchlen. Unsere Mitarbeiter sprechen Deutsch, Englisch und Spanisch. Unser Service Entdecken Sie die Sch\u00f6nheiten [&hellip;]","og_url":"https:\/\/autosoyka.com\/de\/villa-los-lomos\/","og_site_name":"Autos Soyka - Autovermietung und Ferienh\u00e4user auf La Palma","article_modified_time":"2025-01-31T08:48:07+00:00","og_image":[{"url":"https:\/\/autosoyka.com\/wp-content\/uploads\/kontakt.webp","type":"","width":"","height":""}],"twitter_card":"summary_large_image","twitter_misc":{"Gesch\u00e4tzte Lesezeit":"2\u00a0Minuten"},"schema":{"@context":"https:\/\/schema.org","@graph":[{"@type":"WebPage","@id":"https:\/\/autosoyka.com\/de\/villa-los-lomos\/","url":"https:\/\/autosoyka.com\/de\/villa-los-lomos\/","name":"Villa Los Lomos - Autos Soyka - Autovermietung und Ferienh\u00e4user auf La Palma","isPartOf":{"@id":"https:\/\/autosoyka.com\/de\/#website"},"primaryImageOfPage":{"@id":"https:\/\/autosoyka.com\/de\/villa-los-lomos\/#primaryimage"},"image":{"@id":"https:\/\/autosoyka.com\/de\/villa-los-lomos\/#primaryimage"},"thumbnailUrl":"https:\/\/autosoyka.com\/wp-content\/uploads\/kontakt.webp","datePublished":"2024-05-17T08:34:12+00:00","dateModified":"2025-01-31T08:48:07+00:00","breadcrumb":{"@id":"https:\/\/autosoyka.com\/de\/villa-los-lomos\/#breadcrumb"},"inLanguage":"de","potentialAction":[{"@type":"ReadAction","target":["https:\/\/autosoyka.com\/de\/villa-los-lomos\/"]}]},{"@type":"ImageObject","inLanguage":"de","@id":"https:\/\/autosoyka.com\/de\/villa-los-lomos\/#primaryimage","url":"https:\/\/autosoyka.com\/wp-content\/uploads\/kontakt.webp","contentUrl":"https:\/\/autosoyka.com\/wp-content\/uploads\/kontakt.webp"},{"@type":"BreadcrumbList","@id":"https:\/\/autosoyka.com\/de\/villa-los-lomos\/#breadcrumb","itemListElement":[{"@type":"ListItem","position":1,"name":"Home","item":"https:\/\/autosoyka.com\/de\/"},{"@type":"ListItem","position":2,"name":"Villa Los Lomos"}]},{"@type":"WebSite","@id":"https:\/\/autosoyka.com\/de\/#website","url":"https:\/\/autosoyka.com\/de\/","name":"Autos Soyka - Autovermietung und Ferienh\u00e4user auf La Palma","description":"home","publisher":{"@id":"https:\/\/autosoyka.com\/de\/#organization"},"potentialAction":[{"@type":"SearchAction","target":{"@type":"EntryPoint","urlTemplate":"https:\/\/autosoyka.com\/de\/?s={search_term_string}"},"query-input":{"@type":"PropertyValueSpecification","valueRequired":true,"valueName":"search_term_string"}}],"inLanguage":"de"},{"@type":"Organization","@id":"https:\/\/autosoyka.com\/de\/#organization","name":"Autos Soyka S.L.U.","url":"https:\/\/autosoyka.com\/de\/","logo":{"@type":"ImageObject","inLanguage":"de","@id":"https:\/\/autosoyka.com\/de\/#\/schema\/logo\/image\/","url":"https:\/\/autosoyka.com\/wp-content\/uploads\/cropped-auto-soyka-logo.webp","contentUrl":"https:\/\/autosoyka.com\/wp-content\/uploads\/cropped-auto-soyka-logo.webp","width":512,"height":512,"caption":"Autos Soyka S.L.U."},"image":{"@id":"https:\/\/autosoyka.com\/de\/#\/schema\/logo\/image\/"}}]}},"spectra_custom_meta":{"_edit_lock":["1738313302:2"],"_wpml_word_count":["{\"total\":120,\"to_translate\":{\"nl\":117,\"es\":117}}"],"_uag_custom_page_level_css":[""],"ast-site-content-layout":["default"],"theme-transparent-header-meta":[""],"adv-header-id-meta":[""],"stick-header-meta":[""],"astra-migrate-meta-layouts":["set"],"footnotes":[""],"_edit_last":["2"],"_wpml_media_duplicate":["1"],"_wpml_media_featured":["1"],"_yoast_wpseo_estimated-reading-time-minutes":["2"],"_yoast_wpseo_wordproof_timestamp":[""],"_wpml_location_migration_done":["1"],"site-post-title":["disabled"],"_yoast_wpseo_content_score":["90"],"_uag_migration_processed":["1"],"wp_statistics_words_count":["98"]},"uagb_featured_image_src":{"full":false,"thumbnail":false,"medium":false,"medium_large":false,"large":false,"1536x1536":false,"2048x2048":false},"uagb_author_info":{"display_name":"itlapalma","author_link":"https:\/\/autosoyka.com\/de\/author\/itlapalma\/"},"uagb_comment_info":0,"uagb_excerpt":"Wir freuen uns auf Sie Ferienh\u00e4user in Los Llanos im Westen von La Palma. Autos Soyka bietet Ihnen den besten Komplettservice aus einer Hand. Wir haben f\u00fcr Ihre W\u00fcnsche stets Zeit und m\u00f6chten, dass Sie sich immer bei uns zu Hause f\u00fchlen. Unsere Mitarbeiter sprechen Deutsch, Englisch und Spanisch. Unser Service Entdecken Sie die Sch\u00f6nheiten&hellip;","_links":{"self":[{"href":"https:\/\/autosoyka.com\/de\/wp-json\/wp\/v2\/pages\/994","targetHints":{"allow":["GET"]}}],"collection":[{"href":"https:\/\/autosoyka.com\/de\/wp-json\/wp\/v2\/pages"}],"about":[{"href":"https:\/\/autosoyka.com\/de\/wp-json\/wp\/v2\/types\/page"}],"author":[{"embeddable":true,"href":"https:\/\/autosoyka.com\/de\/wp-json\/wp\/v2\/users\/2"}],"replies":[{"embeddable":true,"href":"https:\/\/autosoyka.com\/de\/wp-json\/wp\/v2\/comments?post=994"}],"version-history":[{"count":2,"href":"https:\/\/autosoyka.com\/de\/wp-json\/wp\/v2\/pages\/994\/revisions"}],"predecessor-version":[{"id":3464,"href":"https:\/\/autosoyka.com\/de\/wp-json\/wp\/v2\/pages\/994\/revisions\/3464"}],"wp:attachment":[{"href":"https:\/\/autosoyka.com\/de\/wp-json\/wp\/v2\/media?parent=994"}],"curies":[{"name":"wp","href":"https:\/\/api.w.org\/{rel}","templated":true}]}}