{"id":2662,"date":"2024-05-17T09:51:47","date_gmt":"2024-05-17T09:51:47","guid":{"rendered":"https:\/\/autosoyka.com\/gruppe-e\/"},"modified":"2025-07-24T05:06:55","modified_gmt":"2025-07-24T05:06:55","slug":"grupo-e","status":"publish","type":"page","link":"https:\/\/autosoyka.com\/es\/grupo-e\/","title":{"rendered":"Grupo E"},"content":{"rendered":"\n<div class=\"wp-block-uagb-container uagb-block-a6dd4fff alignfull uagb-is-root-container\"><div class=\"uagb-container-inner-blocks-wrap\">\n<h1 style=\"text-align: center;\">Grupo E<\/h1>\n<p><img loading=\"lazy\" decoding=\"async\" class=\"wp-image-1102 size-full aligncenter\" src=\"https:\/\/autosoyka.com\/wp-content\/uploads\/GruppeE.webp\" alt=\"\" width=\"300\" height=\"169\" \/><\/p>\n<p>Descubra comodamente la isla bonita La Palma.Nuestra flota de veh\u00edculos, amplios de espacio, convence a familias y grupos peque\u00f1os y facilita la posibilidad de planear excursiones por la isla.Los coches del Gr.E ofrecen espacio para llevar comodamente la compra de supermercado igual que poder disfrutar de pasear por la isla de La Palma y apreciar sus vistas panor\u00e1micas. Actualmente Autos Soyka ofrece modelos como Seat Ibiza largo o Citroen Berlingo.<\/p>\n<\/div><\/div>\n\n\n\n<div class=\"wp-block-uagb-container uagb-block-0be7aae8 alignfull uagb-is-root-container\"><div class=\"uagb-container-inner-blocks-wrap\">\n<div class=\"wp-block-uagb-container uagb-block-9050e839\">\n<div class=\"wp-block-uagb-icon-list uagb-block-a9c5796d\"><div class=\"uagb-icon-list__wrap\">\n<div class=\"wp-block-uagb-icon-list-child uagb-block-4354c691\"><span class=\"uagb-icon-list__source-wrap\"><svg xmlns=\"https:\/\/www.w3.org\/2000\/svg\" viewBox=\"0 0 448 512\"><path d=\"M438.6 105.4C451.1 117.9 451.1 138.1 438.6 150.6L182.6 406.6C170.1 419.1 149.9 419.1 137.4 406.6L9.372 278.6C-3.124 266.1-3.124 245.9 9.372 233.4C21.87 220.9 42.13 220.9 54.63 233.4L159.1 338.7L393.4 105.4C405.9 92.88 426.1 92.88 438.6 105.4H438.6z\"><\/path><\/svg><\/span><span class=\"uagb-icon-list__label\">4 puertas<\/span><\/div>\n\n\n\n<div class=\"wp-block-uagb-icon-list-child uagb-block-286d85c5\"><span class=\"uagb-icon-list__source-wrap\"><svg xmlns=\"https:\/\/www.w3.org\/2000\/svg\" viewBox=\"0 0 448 512\"><path d=\"M438.6 105.4C451.1 117.9 451.1 138.1 438.6 150.6L182.6 406.6C170.1 419.1 149.9 419.1 137.4 406.6L9.372 278.6C-3.124 266.1-3.124 245.9 9.372 233.4C21.87 220.9 42.13 220.9 54.63 233.4L159.1 338.7L393.4 105.4C405.9 92.88 426.1 92.88 438.6 105.4H438.6z\"><\/path><\/svg><\/span><span class=\"uagb-icon-list__label\">Airbags<\/span><\/div>\n\n\n\n<div class=\"wp-block-uagb-icon-list-child uagb-block-eee2fa56\"><span class=\"uagb-icon-list__source-wrap\"><svg xmlns=\"https:\/\/www.w3.org\/2000\/svg\" viewBox=\"0 0 448 512\"><path d=\"M438.6 105.4C451.1 117.9 451.1 138.1 438.6 150.6L182.6 406.6C170.1 419.1 149.9 419.1 137.4 406.6L9.372 278.6C-3.124 266.1-3.124 245.9 9.372 233.4C21.87 220.9 42.13 220.9 54.63 233.4L159.1 338.7L393.4 105.4C405.9 92.88 426.1 92.88 438.6 105.4H438.6z\"><\/path><\/svg><\/span><span class=\"uagb-icon-list__label\">Protecci\u00f3n contra el robo<\/span><\/div>\n\n\n\n<div class=\"wp-block-uagb-icon-list-child uagb-block-9c3c147c\"><span class=\"uagb-icon-list__source-wrap\"><svg xmlns=\"https:\/\/www.w3.org\/2000\/svg\" viewBox=\"0 0 448 512\"><path d=\"M438.6 105.4C451.1 117.9 451.1 138.1 438.6 150.6L182.6 406.6C170.1 419.1 149.9 419.1 137.4 406.6L9.372 278.6C-3.124 266.1-3.124 245.9 9.372 233.4C21.87 220.9 42.13 220.9 54.63 233.4L159.1 338.7L393.4 105.4C405.9 92.88 426.1 92.88 438.6 105.4H438.6z\"><\/path><\/svg><\/span><span class=\"uagb-icon-list__label\">El aire acondicionado<\/span><\/div>\n<\/div><\/div>\n<\/div>\n\n\n\n<div class=\"wp-block-uagb-container uagb-block-b552fb87\">\n<div class=\"wp-block-uagb-icon-list uagb-block-b971858d\"><div class=\"uagb-icon-list__wrap\">\n<div class=\"wp-block-uagb-icon-list-child uagb-block-d328e37d\"><span class=\"uagb-icon-list__source-wrap\"><svg xmlns=\"https:\/\/www.w3.org\/2000\/svg\" viewBox=\"0 0 448 512\"><path d=\"M438.6 105.4C451.1 117.9 451.1 138.1 438.6 150.6L182.6 406.6C170.1 419.1 149.9 419.1 137.4 406.6L9.372 278.6C-3.124 266.1-3.124 245.9 9.372 233.4C21.87 220.9 42.13 220.9 54.63 233.4L159.1 338.7L393.4 105.4C405.9 92.88 426.1 92.88 438.6 105.4H438.6z\"><\/path><\/svg><\/span><span class=\"uagb-icon-list__label\">ventanas el\u00e9ctricas<\/span><\/div>\n\n\n\n<div class=\"wp-block-uagb-icon-list-child uagb-block-88ff57fa\"><span class=\"uagb-icon-list__source-wrap\"><svg xmlns=\"https:\/\/www.w3.org\/2000\/svg\" viewBox=\"0 0 448 512\"><path d=\"M438.6 105.4C451.1 117.9 451.1 138.1 438.6 150.6L182.6 406.6C170.1 419.1 149.9 419.1 137.4 406.6L9.372 278.6C-3.124 266.1-3.124 245.9 9.372 233.4C21.87 220.9 42.13 220.9 54.63 233.4L159.1 338.7L393.4 105.4C405.9 92.88 426.1 92.88 438.6 105.4H438.6z\"><\/path><\/svg><\/span><span class=\"uagb-icon-list__label\">Sistema de m\u00fasica<\/span><\/div>\n\n\n\n<div class=\"wp-block-uagb-icon-list-child uagb-block-099da74a\"><span class=\"uagb-icon-list__source-wrap\"><svg xmlns=\"https:\/\/www.w3.org\/2000\/svg\" viewBox=\"0 0 448 512\"><path d=\"M438.6 105.4C451.1 117.9 451.1 138.1 438.6 150.6L182.6 406.6C170.1 419.1 149.9 419.1 137.4 406.6L9.372 278.6C-3.124 266.1-3.124 245.9 9.372 233.4C21.87 220.9 42.13 220.9 54.63 233.4L159.1 338.7L393.4 105.4C405.9 92.88 426.1 92.88 438.6 105.4H438.6z\"><\/path><\/svg><\/span><span class=\"uagb-icon-list__label\">Direcci\u00f3n asistida<\/span><\/div>\n\n\n\n<div class=\"wp-block-uagb-icon-list-child uagb-block-9e364612\"><span class=\"uagb-icon-list__source-wrap\"><svg xmlns=\"https:\/\/www.w3.org\/2000\/svg\" viewBox=\"0 0 448 512\"><path d=\"M438.6 105.4C451.1 117.9 451.1 138.1 438.6 150.6L182.6 406.6C170.1 419.1 149.9 419.1 137.4 406.6L9.372 278.6C-3.124 266.1-3.124 245.9 9.372 233.4C21.87 220.9 42.13 220.9 54.63 233.4L159.1 338.7L393.4 105.4C405.9 92.88 426.1 92.88 438.6 105.4H438.6z\"><\/path><\/svg><\/span><span class=\"uagb-icon-list__label\">Direcci\u00f3n asistida<\/span><\/div>\n<\/div><\/div>\n<\/div>\n<\/div><\/div>\n\n\n\n<p><\/p>\n\n\n<h3>Precios diarios bajo petici\u00f3n, desde 28 \u20ac<\/h3>\n<h4>Precios por d\u00eda (las tarifas pueden cambiar seg\u00fan \u00e9poca del a\u00f1o)<\/h4>\n<p><strong>M\u00ednimo de alquiler: 3 dias<\/strong><\/p>\n<p>Los precios indicados incluyen el seguro obligatorio de responsabilidad civil, el seguro a todo riesgo (con una franquicia de 180 euros) y los impuestos. Ofrecemos sistemas de navegaci\u00f3n (TomTom) o asientos para ni\u00f1os por una peque\u00f1a cuota de alquiler.<\/p>\n\n\n<div class=\"wp-block-uagb-buttons uagb-buttons__outer-wrap uagb-btn__default-btn uagb-btn-tablet__default-btn uagb-btn-mobile__default-btn uagb-block-0ff9ac78\"><div class=\"uagb-buttons__wrap uagb-buttons-layout-wrap \">\n<div class=\"wp-block-uagb-buttons-child uagb-buttons__outer-wrap uagb-block-2c32695a wp-block-button\"><div class=\"uagb-button__wrapper\"><a class=\"uagb-buttons-repeater wp-block-button__link\" aria-label=\"\" href=\"https:\/\/autosoyka.com\/es\/reservar-un-coche-de-alquiler\/?gruppe=E\" rel=\"follow noopener\" target=\"_self\" role=\"button\"><div class=\"uagb-button__link\">\u00a1Reserve su coche de alquiler ahora!<\/div><\/a><\/div><\/div>\n<\/div><\/div>\n\n\n\n<p><\/p>\n\n\n\n<p><\/p>\n","protected":false},"excerpt":{"rendered":"<p>Grupo E Descubra comodamente la isla bonita La Palma.Nuestra flota de veh\u00edculos, amplios de espacio, convence a familias y grupos peque\u00f1os y facilita la posibilidad de planear excursiones por la isla.Los coches del Gr.E ofrecen espacio para llevar comodamente la compra de supermercado igual que poder disfrutar de pasear por la isla de La Palma [&hellip;]<\/p>\n","protected":false},"author":2,"featured_media":0,"parent":0,"menu_order":0,"comment_status":"closed","ping_status":"closed","template":"","meta":{"_uag_custom_page_level_css":"","site-sidebar-layout":"default","site-content-layout":"","ast-site-content-layout":"default","site-content-style":"default","site-sidebar-style":"default","ast-global-header-display":"","ast-banner-title-visibility":"","ast-main-header-display":"","ast-hfb-above-header-display":"","ast-hfb-below-header-display":"","ast-hfb-mobile-header-display":"","site-post-title":"","ast-breadcrumbs-content":"","ast-featured-img":"","footer-sml-layout":"","ast-disable-related-posts":"","theme-transparent-header-meta":"","adv-header-id-meta":"","stick-header-meta":"","header-above-stick-meta":"","header-main-stick-meta":"","header-below-stick-meta":"","astra-migrate-meta-layouts":"set","ast-page-background-enabled":"default","ast-page-background-meta":{"desktop":{"background-color":"var(--ast-global-color-4)","background-image":"","background-repeat":"repeat","background-position":"center center","background-size":"auto","background-attachment":"scroll","background-type":"","background-media":"","overlay-type":"","overlay-color":"","overlay-opacity":"","overlay-gradient":""},"tablet":{"background-color":"","background-image":"","background-repeat":"repeat","background-position":"center center","background-size":"auto","background-attachment":"scroll","background-type":"","background-media":"","overlay-type":"","overlay-color":"","overlay-opacity":"","overlay-gradient":""},"mobile":{"background-color":"","background-image":"","background-repeat":"repeat","background-position":"center center","background-size":"auto","background-attachment":"scroll","background-type":"","background-media":"","overlay-type":"","overlay-color":"","overlay-opacity":"","overlay-gradient":""}},"ast-content-background-meta":{"desktop":{"background-color":"var(--ast-global-color-5)","background-image":"","background-repeat":"repeat","background-position":"center center","background-size":"auto","background-attachment":"scroll","background-type":"","background-media":"","overlay-type":"","overlay-color":"","overlay-opacity":"","overlay-gradient":""},"tablet":{"background-color":"var(--ast-global-color-5)","background-image":"","background-repeat":"repeat","background-position":"center center","background-size":"auto","background-attachment":"scroll","background-type":"","background-media":"","overlay-type":"","overlay-color":"","overlay-opacity":"","overlay-gradient":""},"mobile":{"background-color":"var(--ast-global-color-5)","background-image":"","background-repeat":"repeat","background-position":"center center","background-size":"auto","background-attachment":"scroll","background-type":"","background-media":"","overlay-type":"","overlay-color":"","overlay-opacity":"","overlay-gradient":""}},"footnotes":""},"class_list":["post-2662","page","type-page","status-publish","hentry"],"yoast_head":"<!-- This site is optimized with the Yoast SEO plugin v27.3 - https:\/\/yoast.com\/product\/yoast-seo-wordpress\/ -->\n<title>Grupo E - Autos Soyka - rent-a-car y viviendas vacacionales en La Palma<\/title>\n<meta name=\"robots\" content=\"index, follow, max-snippet:-1, max-image-preview:large, max-video-preview:-1\" \/>\n<link rel=\"canonical\" href=\"https:\/\/autosoyka.com\/es\/grupo-e\/\" \/>\n<meta property=\"og:locale\" content=\"es_ES\" \/>\n<meta property=\"og:type\" content=\"article\" \/>\n<meta property=\"og:title\" content=\"Grupo E - Autos Soyka - rent-a-car y viviendas vacacionales en La Palma\" \/>\n<meta property=\"og:description\" content=\"Grupo E Descubra comodamente la isla bonita La Palma.Nuestra flota de veh\u00edculos, amplios de espacio, convence a familias y grupos peque\u00f1os y facilita la posibilidad de planear excursiones por la isla.Los coches del Gr.E ofrecen espacio para llevar comodamente la compra de supermercado igual que poder disfrutar de pasear por la isla de La Palma [&hellip;]\" \/>\n<meta property=\"og:url\" content=\"https:\/\/autosoyka.com\/es\/grupo-e\/\" \/>\n<meta property=\"og:site_name\" content=\"Autos Soyka - rent-a-car y viviendas vacacionales en La Palma\" \/>\n<meta property=\"article:modified_time\" content=\"2025-07-24T05:06:55+00:00\" \/>\n<meta property=\"og:image\" content=\"https:\/\/autosoyka.com\/wp-content\/uploads\/GruppeE.webp\" \/>\n\t<meta property=\"og:image:width\" content=\"300\" \/>\n\t<meta property=\"og:image:height\" content=\"169\" \/>\n\t<meta property=\"og:image:type\" content=\"image\/webp\" \/>\n<meta name=\"twitter:card\" content=\"summary_large_image\" \/>\n<meta name=\"twitter:label1\" content=\"Tiempo de lectura\" \/>\n\t<meta name=\"twitter:data1\" content=\"1 minuto\" \/>\n<script type=\"application\/ld+json\" class=\"yoast-schema-graph\">{\"@context\":\"https:\\\/\\\/schema.org\",\"@graph\":[{\"@type\":\"WebPage\",\"@id\":\"https:\\\/\\\/autosoyka.com\\\/es\\\/grupo-e\\\/\",\"url\":\"https:\\\/\\\/autosoyka.com\\\/es\\\/grupo-e\\\/\",\"name\":\"Grupo E - Autos Soyka - rent-a-car y viviendas vacacionales en La Palma\",\"isPartOf\":{\"@id\":\"https:\\\/\\\/autosoyka.com\\\/es\\\/#website\"},\"primaryImageOfPage\":{\"@id\":\"https:\\\/\\\/autosoyka.com\\\/es\\\/grupo-e\\\/#primaryimage\"},\"image\":{\"@id\":\"https:\\\/\\\/autosoyka.com\\\/es\\\/grupo-e\\\/#primaryimage\"},\"thumbnailUrl\":\"https:\\\/\\\/autosoyka.com\\\/wp-content\\\/uploads\\\/GruppeE.webp\",\"datePublished\":\"2024-05-17T09:51:47+00:00\",\"dateModified\":\"2025-07-24T05:06:55+00:00\",\"breadcrumb\":{\"@id\":\"https:\\\/\\\/autosoyka.com\\\/es\\\/grupo-e\\\/#breadcrumb\"},\"inLanguage\":\"es\",\"potentialAction\":[{\"@type\":\"ReadAction\",\"target\":[\"https:\\\/\\\/autosoyka.com\\\/es\\\/grupo-e\\\/\"]}]},{\"@type\":\"ImageObject\",\"inLanguage\":\"es\",\"@id\":\"https:\\\/\\\/autosoyka.com\\\/es\\\/grupo-e\\\/#primaryimage\",\"url\":\"https:\\\/\\\/autosoyka.com\\\/wp-content\\\/uploads\\\/GruppeE.webp\",\"contentUrl\":\"https:\\\/\\\/autosoyka.com\\\/wp-content\\\/uploads\\\/GruppeE.webp\"},{\"@type\":\"BreadcrumbList\",\"@id\":\"https:\\\/\\\/autosoyka.com\\\/es\\\/grupo-e\\\/#breadcrumb\",\"itemListElement\":[{\"@type\":\"ListItem\",\"position\":1,\"name\":\"Home\",\"item\":\"https:\\\/\\\/autosoyka.com\\\/es\\\/\"},{\"@type\":\"ListItem\",\"position\":2,\"name\":\"Grupo E\"}]},{\"@type\":\"WebSite\",\"@id\":\"https:\\\/\\\/autosoyka.com\\\/es\\\/#website\",\"url\":\"https:\\\/\\\/autosoyka.com\\\/es\\\/\",\"name\":\"Autos Soyka - rent-a-car y viviendas vacacionales en La Palma\",\"description\":\"home\",\"publisher\":{\"@id\":\"https:\\\/\\\/autosoyka.com\\\/es\\\/#organization\"},\"potentialAction\":[{\"@type\":\"SearchAction\",\"target\":{\"@type\":\"EntryPoint\",\"urlTemplate\":\"https:\\\/\\\/autosoyka.com\\\/es\\\/?s={search_term_string}\"},\"query-input\":{\"@type\":\"PropertyValueSpecification\",\"valueRequired\":true,\"valueName\":\"search_term_string\"}}],\"inLanguage\":\"es\"},{\"@type\":\"Organization\",\"@id\":\"https:\\\/\\\/autosoyka.com\\\/es\\\/#organization\",\"name\":\"Autos Soyka S.L.U.\",\"url\":\"https:\\\/\\\/autosoyka.com\\\/es\\\/\",\"logo\":{\"@type\":\"ImageObject\",\"inLanguage\":\"es\",\"@id\":\"https:\\\/\\\/autosoyka.com\\\/es\\\/#\\\/schema\\\/logo\\\/image\\\/\",\"url\":\"https:\\\/\\\/autosoyka.com\\\/wp-content\\\/uploads\\\/cropped-auto-soyka-logo.webp\",\"contentUrl\":\"https:\\\/\\\/autosoyka.com\\\/wp-content\\\/uploads\\\/cropped-auto-soyka-logo.webp\",\"width\":512,\"height\":512,\"caption\":\"Autos Soyka S.L.U.\"},\"image\":{\"@id\":\"https:\\\/\\\/autosoyka.com\\\/es\\\/#\\\/schema\\\/logo\\\/image\\\/\"}}]}<\/script>\n<!-- \/ Yoast SEO plugin. -->","yoast_head_json":{"title":"Grupo E - Autos Soyka - rent-a-car y viviendas vacacionales en La Palma","robots":{"index":"index","follow":"follow","max-snippet":"max-snippet:-1","max-image-preview":"max-image-preview:large","max-video-preview":"max-video-preview:-1"},"canonical":"https:\/\/autosoyka.com\/es\/grupo-e\/","og_locale":"es_ES","og_type":"article","og_title":"Grupo E - Autos Soyka - rent-a-car y viviendas vacacionales en La Palma","og_description":"Grupo E Descubra comodamente la isla bonita La Palma.Nuestra flota de veh\u00edculos, amplios de espacio, convence a familias y grupos peque\u00f1os y facilita la posibilidad de planear excursiones por la isla.Los coches del Gr.E ofrecen espacio para llevar comodamente la compra de supermercado igual que poder disfrutar de pasear por la isla de La Palma [&hellip;]","og_url":"https:\/\/autosoyka.com\/es\/grupo-e\/","og_site_name":"Autos Soyka - rent-a-car y viviendas vacacionales en La Palma","article_modified_time":"2025-07-24T05:06:55+00:00","og_image":[{"width":300,"height":169,"url":"https:\/\/autosoyka.com\/wp-content\/uploads\/GruppeE.webp","type":"image\/webp"}],"twitter_card":"summary_large_image","twitter_misc":{"Tiempo de lectura":"1 minuto"},"schema":{"@context":"https:\/\/schema.org","@graph":[{"@type":"WebPage","@id":"https:\/\/autosoyka.com\/es\/grupo-e\/","url":"https:\/\/autosoyka.com\/es\/grupo-e\/","name":"Grupo E - Autos Soyka - rent-a-car y viviendas vacacionales en La Palma","isPartOf":{"@id":"https:\/\/autosoyka.com\/es\/#website"},"primaryImageOfPage":{"@id":"https:\/\/autosoyka.com\/es\/grupo-e\/#primaryimage"},"image":{"@id":"https:\/\/autosoyka.com\/es\/grupo-e\/#primaryimage"},"thumbnailUrl":"https:\/\/autosoyka.com\/wp-content\/uploads\/GruppeE.webp","datePublished":"2024-05-17T09:51:47+00:00","dateModified":"2025-07-24T05:06:55+00:00","breadcrumb":{"@id":"https:\/\/autosoyka.com\/es\/grupo-e\/#breadcrumb"},"inLanguage":"es","potentialAction":[{"@type":"ReadAction","target":["https:\/\/autosoyka.com\/es\/grupo-e\/"]}]},{"@type":"ImageObject","inLanguage":"es","@id":"https:\/\/autosoyka.com\/es\/grupo-e\/#primaryimage","url":"https:\/\/autosoyka.com\/wp-content\/uploads\/GruppeE.webp","contentUrl":"https:\/\/autosoyka.com\/wp-content\/uploads\/GruppeE.webp"},{"@type":"BreadcrumbList","@id":"https:\/\/autosoyka.com\/es\/grupo-e\/#breadcrumb","itemListElement":[{"@type":"ListItem","position":1,"name":"Home","item":"https:\/\/autosoyka.com\/es\/"},{"@type":"ListItem","position":2,"name":"Grupo E"}]},{"@type":"WebSite","@id":"https:\/\/autosoyka.com\/es\/#website","url":"https:\/\/autosoyka.com\/es\/","name":"Autos Soyka - rent-a-car y viviendas vacacionales en La Palma","description":"home","publisher":{"@id":"https:\/\/autosoyka.com\/es\/#organization"},"potentialAction":[{"@type":"SearchAction","target":{"@type":"EntryPoint","urlTemplate":"https:\/\/autosoyka.com\/es\/?s={search_term_string}"},"query-input":{"@type":"PropertyValueSpecification","valueRequired":true,"valueName":"search_term_string"}}],"inLanguage":"es"},{"@type":"Organization","@id":"https:\/\/autosoyka.com\/es\/#organization","name":"Autos Soyka S.L.U.","url":"https:\/\/autosoyka.com\/es\/","logo":{"@type":"ImageObject","inLanguage":"es","@id":"https:\/\/autosoyka.com\/es\/#\/schema\/logo\/image\/","url":"https:\/\/autosoyka.com\/wp-content\/uploads\/cropped-auto-soyka-logo.webp","contentUrl":"https:\/\/autosoyka.com\/wp-content\/uploads\/cropped-auto-soyka-logo.webp","width":512,"height":512,"caption":"Autos Soyka S.L.U."},"image":{"@id":"https:\/\/autosoyka.com\/es\/#\/schema\/logo\/image\/"}}]}},"spectra_custom_meta":{"_wpml_word_count":["178"],"_uag_custom_page_level_css":[""],"ast-site-content-layout":["default"],"theme-transparent-header-meta":[""],"adv-header-id-meta":[""],"stick-header-meta":[""],"astra-migrate-meta-layouts":["set"],"footnotes":[""],"_wpml_media_duplicate":["1"],"_wpml_media_featured":["1"],"_yoast_wpseo_estimated-reading-time-minutes":["1"],"_yoast_wpseo_wordproof_timestamp":[""],"_wpml_location_migration_done":["1"],"_yoast_wpseo_content_score":["90"],"_edit_lock":["1753333620:2"],"_last_translation_edit_mode":["native-editor"],"_edit_last":["2"],"_wp_page_template":[""],"wp_statistics_words_count":["146"]},"uagb_featured_image_src":{"full":false,"thumbnail":false,"medium":false,"medium_large":false,"large":false,"1536x1536":false,"2048x2048":false},"uagb_author_info":{"display_name":"itlapalma","author_link":"https:\/\/autosoyka.com\/es\/author\/itlapalma\/"},"uagb_comment_info":0,"uagb_excerpt":"Grupo E Descubra comodamente la isla bonita La Palma.Nuestra flota de veh\u00edculos, amplios de espacio, convence a familias y grupos peque\u00f1os y facilita la posibilidad de planear excursiones por la isla.Los coches del Gr.E ofrecen espacio para llevar comodamente la compra de supermercado igual que poder disfrutar de pasear por la isla de La Palma&hellip;","_links":{"self":[{"href":"https:\/\/autosoyka.com\/es\/wp-json\/wp\/v2\/pages\/2662","targetHints":{"allow":["GET"]}}],"collection":[{"href":"https:\/\/autosoyka.com\/es\/wp-json\/wp\/v2\/pages"}],"about":[{"href":"https:\/\/autosoyka.com\/es\/wp-json\/wp\/v2\/types\/page"}],"author":[{"embeddable":true,"href":"https:\/\/autosoyka.com\/es\/wp-json\/wp\/v2\/users\/2"}],"replies":[{"embeddable":true,"href":"https:\/\/autosoyka.com\/es\/wp-json\/wp\/v2\/comments?post=2662"}],"version-history":[{"count":3,"href":"https:\/\/autosoyka.com\/es\/wp-json\/wp\/v2\/pages\/2662\/revisions"}],"predecessor-version":[{"id":3719,"href":"https:\/\/autosoyka.com\/es\/wp-json\/wp\/v2\/pages\/2662\/revisions\/3719"}],"wp:attachment":[{"href":"https:\/\/autosoyka.com\/es\/wp-json\/wp\/v2\/media?parent=2662"}],"curies":[{"name":"wp","href":"https:\/\/api.w.org\/{rel}","templated":true}]}}