{"id":2670,"date":"2024-05-17T09:57:18","date_gmt":"2024-05-17T09:57:18","guid":{"rendered":"https:\/\/autosoyka.com\/mietwagenuebernahme\/"},"modified":"2024-06-06T12:49:07","modified_gmt":"2024-06-06T12:49:07","slug":"recogida-del-coche","status":"publish","type":"page","link":"https:\/\/autosoyka.com\/es\/recogida-del-coche\/","title":{"rendered":"Recogida del coche"},"content":{"rendered":"\n<div class=\"wp-block-uagb-container uagb-block-a6dd4fff alignfull uagb-is-root-container\"><div class=\"uagb-container-inner-blocks-wrap\">\n<h1>Recogida del coche<\/h1>\n<h4>INFORMACI\u00d3N PARA LA LLEGADA Y RECOGIDA DEL COCHE<\/h4>\n<p>Una vez hayas recogido el equipaje, debes salir a la sala de llegadas, tomando las puertas correderas autom\u00e1ticas. Una vez all\u00ed, dir\u00edgete a la izquierda, siguiendo el cartel de informaci\u00f3n \u201c<strong>Meeting Point<\/strong>\u201d.<\/p>\n<p>El punto de encuentro se ubica en la planta S2. Para llegar a ella, puedes tomar el ascensor, o bien usar las escaleras o escaleras mec\u00e1nicas.<\/p>\n<p><strong>En la zona A del parking<\/strong> te estar\u00e1 esperando nuestro compa\u00f1er@. Le reconocer\u00e1s por la carpeta con el nombre de nuestra compa\u00f1\u00eda.<\/p>\n<p>El parking del aeropuerto es de pago. Nuestro compa\u00f1er@ tendr\u00e1 listo el ticket de tu coche. Por favor, abandona r\u00e1pidamente el aparcamiento tras la realizaci\u00f3n del contrato.<\/p>\n<p>Para salir del aparcamiento, debes dirigirte en direcci\u00f3n sur. Llegar\u00e1s a una rotonda, donde debes tomar la salida en direcci\u00f3n Los Llanos. Si deseas llegar a El Paso, debes siempre continuar siguiendo la se\u00f1alizaci\u00f3n hacia Los Llanos. De esta forma llegar\u00e1s a la \u201cCarretera de la Cumbre\u201d. Una vez cruces el t\u00fanel \u201cdel tiempo\u201d, te encontrar\u00e1s en la zona oeste de la isla.<\/p>\n<p>Puedes contactar con Autos Soyka en el n\u00famero <a href=\"tel:0034922463390\">+34 922 46 33 90<\/a> en caso de retrasos \/ cambios de la reserva as\u00ed como tambi\u00e9n en caso de emergencia.<\/p>\n<\/div><\/div>\n","protected":false},"excerpt":{"rendered":"<p>Recogida del coche INFORMACI\u00d3N PARA LA LLEGADA Y RECOGIDA DEL COCHE Una vez hayas recogido el equipaje, debes salir a la sala de llegadas, tomando las puertas correderas autom\u00e1ticas. Una vez all\u00ed, dir\u00edgete a la izquierda, siguiendo el cartel de informaci\u00f3n \u201cMeeting Point\u201d. El punto de encuentro se ubica en la planta S2. Para llegar [&hellip;]<\/p>\n","protected":false},"author":2,"featured_media":0,"parent":0,"menu_order":0,"comment_status":"closed","ping_status":"closed","template":"","meta":{"_uag_custom_page_level_css":"","site-sidebar-layout":"default","site-content-layout":"","ast-site-content-layout":"default","site-content-style":"default","site-sidebar-style":"default","ast-global-header-display":"","ast-banner-title-visibility":"","ast-main-header-display":"","ast-hfb-above-header-display":"","ast-hfb-below-header-display":"","ast-hfb-mobile-header-display":"","site-post-title":"","ast-breadcrumbs-content":"","ast-featured-img":"","footer-sml-layout":"","ast-disable-related-posts":"","theme-transparent-header-meta":"","adv-header-id-meta":"","stick-header-meta":"","header-above-stick-meta":"","header-main-stick-meta":"","header-below-stick-meta":"","astra-migrate-meta-layouts":"set","ast-page-background-enabled":"default","ast-page-background-meta":{"desktop":{"background-color":"var(--ast-global-color-4)","background-image":"","background-repeat":"repeat","background-position":"center center","background-size":"auto","background-attachment":"scroll","background-type":"","background-media":"","overlay-type":"","overlay-color":"","overlay-opacity":"","overlay-gradient":""},"tablet":{"background-color":"","background-image":"","background-repeat":"repeat","background-position":"center center","background-size":"auto","background-attachment":"scroll","background-type":"","background-media":"","overlay-type":"","overlay-color":"","overlay-opacity":"","overlay-gradient":""},"mobile":{"background-color":"","background-image":"","background-repeat":"repeat","background-position":"center center","background-size":"auto","background-attachment":"scroll","background-type":"","background-media":"","overlay-type":"","overlay-color":"","overlay-opacity":"","overlay-gradient":""}},"ast-content-background-meta":{"desktop":{"background-color":"var(--ast-global-color-5)","background-image":"","background-repeat":"repeat","background-position":"center center","background-size":"auto","background-attachment":"scroll","background-type":"","background-media":"","overlay-type":"","overlay-color":"","overlay-opacity":"","overlay-gradient":""},"tablet":{"background-color":"var(--ast-global-color-5)","background-image":"","background-repeat":"repeat","background-position":"center center","background-size":"auto","background-attachment":"scroll","background-type":"","background-media":"","overlay-type":"","overlay-color":"","overlay-opacity":"","overlay-gradient":""},"mobile":{"background-color":"var(--ast-global-color-5)","background-image":"","background-repeat":"repeat","background-position":"center center","background-size":"auto","background-attachment":"scroll","background-type":"","background-media":"","overlay-type":"","overlay-color":"","overlay-opacity":"","overlay-gradient":""}},"footnotes":""},"class_list":["post-2670","page","type-page","status-publish","hentry"],"yoast_head":"<!-- This site is optimized with the Yoast SEO plugin v27.3 - https:\/\/yoast.com\/product\/yoast-seo-wordpress\/ -->\n<title>Recogida del coche - Autos Soyka - rent-a-car y viviendas vacacionales en La Palma<\/title>\n<meta name=\"robots\" content=\"index, follow, max-snippet:-1, max-image-preview:large, max-video-preview:-1\" \/>\n<link rel=\"canonical\" href=\"https:\/\/autosoyka.com\/es\/recogida-del-coche\/\" \/>\n<meta property=\"og:locale\" content=\"es_ES\" \/>\n<meta property=\"og:type\" content=\"article\" \/>\n<meta property=\"og:title\" content=\"Recogida del coche - Autos Soyka - rent-a-car y viviendas vacacionales en La Palma\" \/>\n<meta property=\"og:description\" content=\"Recogida del coche INFORMACI\u00d3N PARA LA LLEGADA Y RECOGIDA DEL COCHE Una vez hayas recogido el equipaje, debes salir a la sala de llegadas, tomando las puertas correderas autom\u00e1ticas. Una vez all\u00ed, dir\u00edgete a la izquierda, siguiendo el cartel de informaci\u00f3n \u201cMeeting Point\u201d. El punto de encuentro se ubica en la planta S2. Para llegar [&hellip;]\" \/>\n<meta property=\"og:url\" content=\"https:\/\/autosoyka.com\/es\/recogida-del-coche\/\" \/>\n<meta property=\"og:site_name\" content=\"Autos Soyka - rent-a-car y viviendas vacacionales en La Palma\" \/>\n<meta property=\"article:modified_time\" content=\"2024-06-06T12:49:07+00:00\" \/>\n<meta property=\"og:image\" content=\"https:\/\/autosoyka.com\/wp-content\/uploads\/cropped-auto-soyka-logo.webp\" \/>\n\t<meta property=\"og:image:width\" content=\"512\" \/>\n\t<meta property=\"og:image:height\" content=\"512\" \/>\n\t<meta property=\"og:image:type\" content=\"image\/webp\" \/>\n<meta name=\"twitter:card\" content=\"summary_large_image\" \/>\n<meta name=\"twitter:label1\" content=\"Tiempo de lectura\" \/>\n\t<meta name=\"twitter:data1\" content=\"1 minuto\" \/>\n<script type=\"application\/ld+json\" class=\"yoast-schema-graph\">{\"@context\":\"https:\\\/\\\/schema.org\",\"@graph\":[{\"@type\":\"WebPage\",\"@id\":\"https:\\\/\\\/autosoyka.com\\\/es\\\/recogida-del-coche\\\/\",\"url\":\"https:\\\/\\\/autosoyka.com\\\/es\\\/recogida-del-coche\\\/\",\"name\":\"Recogida del coche - Autos Soyka - rent-a-car y viviendas vacacionales en La Palma\",\"isPartOf\":{\"@id\":\"https:\\\/\\\/autosoyka.com\\\/es\\\/#website\"},\"datePublished\":\"2024-05-17T09:57:18+00:00\",\"dateModified\":\"2024-06-06T12:49:07+00:00\",\"breadcrumb\":{\"@id\":\"https:\\\/\\\/autosoyka.com\\\/es\\\/recogida-del-coche\\\/#breadcrumb\"},\"inLanguage\":\"es\",\"potentialAction\":[{\"@type\":\"ReadAction\",\"target\":[\"https:\\\/\\\/autosoyka.com\\\/es\\\/recogida-del-coche\\\/\"]}]},{\"@type\":\"BreadcrumbList\",\"@id\":\"https:\\\/\\\/autosoyka.com\\\/es\\\/recogida-del-coche\\\/#breadcrumb\",\"itemListElement\":[{\"@type\":\"ListItem\",\"position\":1,\"name\":\"Home\",\"item\":\"https:\\\/\\\/autosoyka.com\\\/es\\\/\"},{\"@type\":\"ListItem\",\"position\":2,\"name\":\"Recogida del coche\"}]},{\"@type\":\"WebSite\",\"@id\":\"https:\\\/\\\/autosoyka.com\\\/es\\\/#website\",\"url\":\"https:\\\/\\\/autosoyka.com\\\/es\\\/\",\"name\":\"Autos Soyka - rent-a-car y viviendas vacacionales en La Palma\",\"description\":\"home\",\"publisher\":{\"@id\":\"https:\\\/\\\/autosoyka.com\\\/es\\\/#organization\"},\"potentialAction\":[{\"@type\":\"SearchAction\",\"target\":{\"@type\":\"EntryPoint\",\"urlTemplate\":\"https:\\\/\\\/autosoyka.com\\\/es\\\/?s={search_term_string}\"},\"query-input\":{\"@type\":\"PropertyValueSpecification\",\"valueRequired\":true,\"valueName\":\"search_term_string\"}}],\"inLanguage\":\"es\"},{\"@type\":\"Organization\",\"@id\":\"https:\\\/\\\/autosoyka.com\\\/es\\\/#organization\",\"name\":\"Autos Soyka S.L.U.\",\"url\":\"https:\\\/\\\/autosoyka.com\\\/es\\\/\",\"logo\":{\"@type\":\"ImageObject\",\"inLanguage\":\"es\",\"@id\":\"https:\\\/\\\/autosoyka.com\\\/es\\\/#\\\/schema\\\/logo\\\/image\\\/\",\"url\":\"https:\\\/\\\/autosoyka.com\\\/wp-content\\\/uploads\\\/cropped-auto-soyka-logo.webp\",\"contentUrl\":\"https:\\\/\\\/autosoyka.com\\\/wp-content\\\/uploads\\\/cropped-auto-soyka-logo.webp\",\"width\":512,\"height\":512,\"caption\":\"Autos Soyka S.L.U.\"},\"image\":{\"@id\":\"https:\\\/\\\/autosoyka.com\\\/es\\\/#\\\/schema\\\/logo\\\/image\\\/\"}}]}<\/script>\n<!-- \/ Yoast SEO plugin. -->","yoast_head_json":{"title":"Recogida del coche - Autos Soyka - rent-a-car y viviendas vacacionales en La Palma","robots":{"index":"index","follow":"follow","max-snippet":"max-snippet:-1","max-image-preview":"max-image-preview:large","max-video-preview":"max-video-preview:-1"},"canonical":"https:\/\/autosoyka.com\/es\/recogida-del-coche\/","og_locale":"es_ES","og_type":"article","og_title":"Recogida del coche - Autos Soyka - rent-a-car y viviendas vacacionales en La Palma","og_description":"Recogida del coche INFORMACI\u00d3N PARA LA LLEGADA Y RECOGIDA DEL COCHE Una vez hayas recogido el equipaje, debes salir a la sala de llegadas, tomando las puertas correderas autom\u00e1ticas. Una vez all\u00ed, dir\u00edgete a la izquierda, siguiendo el cartel de informaci\u00f3n \u201cMeeting Point\u201d. El punto de encuentro se ubica en la planta S2. Para llegar [&hellip;]","og_url":"https:\/\/autosoyka.com\/es\/recogida-del-coche\/","og_site_name":"Autos Soyka - rent-a-car y viviendas vacacionales en La Palma","article_modified_time":"2024-06-06T12:49:07+00:00","og_image":[{"width":512,"height":512,"url":"https:\/\/autosoyka.com\/wp-content\/uploads\/cropped-auto-soyka-logo.webp","type":"image\/webp"}],"twitter_card":"summary_large_image","twitter_misc":{"Tiempo de lectura":"1 minuto"},"schema":{"@context":"https:\/\/schema.org","@graph":[{"@type":"WebPage","@id":"https:\/\/autosoyka.com\/es\/recogida-del-coche\/","url":"https:\/\/autosoyka.com\/es\/recogida-del-coche\/","name":"Recogida del coche - Autos Soyka - rent-a-car y viviendas vacacionales en La Palma","isPartOf":{"@id":"https:\/\/autosoyka.com\/es\/#website"},"datePublished":"2024-05-17T09:57:18+00:00","dateModified":"2024-06-06T12:49:07+00:00","breadcrumb":{"@id":"https:\/\/autosoyka.com\/es\/recogida-del-coche\/#breadcrumb"},"inLanguage":"es","potentialAction":[{"@type":"ReadAction","target":["https:\/\/autosoyka.com\/es\/recogida-del-coche\/"]}]},{"@type":"BreadcrumbList","@id":"https:\/\/autosoyka.com\/es\/recogida-del-coche\/#breadcrumb","itemListElement":[{"@type":"ListItem","position":1,"name":"Home","item":"https:\/\/autosoyka.com\/es\/"},{"@type":"ListItem","position":2,"name":"Recogida del coche"}]},{"@type":"WebSite","@id":"https:\/\/autosoyka.com\/es\/#website","url":"https:\/\/autosoyka.com\/es\/","name":"Autos Soyka - rent-a-car y viviendas vacacionales en La Palma","description":"home","publisher":{"@id":"https:\/\/autosoyka.com\/es\/#organization"},"potentialAction":[{"@type":"SearchAction","target":{"@type":"EntryPoint","urlTemplate":"https:\/\/autosoyka.com\/es\/?s={search_term_string}"},"query-input":{"@type":"PropertyValueSpecification","valueRequired":true,"valueName":"search_term_string"}}],"inLanguage":"es"},{"@type":"Organization","@id":"https:\/\/autosoyka.com\/es\/#organization","name":"Autos Soyka S.L.U.","url":"https:\/\/autosoyka.com\/es\/","logo":{"@type":"ImageObject","inLanguage":"es","@id":"https:\/\/autosoyka.com\/es\/#\/schema\/logo\/image\/","url":"https:\/\/autosoyka.com\/wp-content\/uploads\/cropped-auto-soyka-logo.webp","contentUrl":"https:\/\/autosoyka.com\/wp-content\/uploads\/cropped-auto-soyka-logo.webp","width":512,"height":512,"caption":"Autos Soyka S.L.U."},"image":{"@id":"https:\/\/autosoyka.com\/es\/#\/schema\/logo\/image\/"}}]}},"spectra_custom_meta":{"_wpml_word_count":["{\"total\":160,\"to_translate\":{\"nl\":160,\"en\":160,\"es\":160}}"],"_uag_custom_page_level_css":[""],"ast-site-content-layout":["default"],"theme-transparent-header-meta":[""],"adv-header-id-meta":[""],"stick-header-meta":[""],"astra-migrate-meta-layouts":["set"],"footnotes":[""],"_wpml_media_duplicate":["1"],"_wpml_media_featured":["1"],"_yoast_wpseo_estimated-reading-time-minutes":["1"],"_yoast_wpseo_wordproof_timestamp":[""],"_wpml_location_migration_done":["1"],"_yoast_wpseo_content_score":["90"],"_edit_lock":["1717680495:2"],"_last_translation_edit_mode":["native-editor"],"_edit_last":["2"],"_wp_page_template":[""],"_uag_page_assets":["a:9:{s:3:\"css\";s:2427:\".wp-block-uagb-container.uagb-block-a6dd4fff .uagb-container__shape-top svg{width: calc( 100% + 1.3px );}.wp-block-uagb-container.uagb-block-a6dd4fff .uagb-container__shape.uagb-container__shape-top .uagb-container__shape-fill{fill: rgba(51,51,51,1);}.wp-block-uagb-container.uagb-block-a6dd4fff .uagb-container__shape-bottom svg{width: calc( 100% + 1.3px );}.wp-block-uagb-container.uagb-block-a6dd4fff .uagb-container__shape.uagb-container__shape-bottom .uagb-container__shape-fill{fill: rgba(51,51,51,1);}.wp-block-uagb-container.uagb-block-a6dd4fff .uagb-container__video-wrap video{opacity: 1;}.wp-block-uagb-container.uagb-is-root-container .uagb-block-a6dd4fff{max-width: 100%;width: 100%;}.wp-block-uagb-container.uagb-is-root-container.alignfull.uagb-block-a6dd4fff > .uagb-container-inner-blocks-wrap{--inner-content-custom-width: min( 100%, 1150px);max-width: var(--inner-content-custom-width);width: 100%;flex-direction: column;align-items: flex-start;justify-content: flex-start;flex-wrap: nowrap;row-gap: 0px;column-gap: 0px;}.wp-block-uagb-container.uagb-block-a6dd4fff{box-shadow: 0px 0px   #00000070 ;padding-top: 0px;padding-bottom: 0px;padding-left: 0px;padding-right: 0px;margin-top:  !important;margin-bottom:  !important;overflow: visible;order: initial;border-color: inherit;row-gap: 0px;column-gap: 0px;}@media only screen and (max-width: 976px) {.wp-block-uagb-container.uagb-is-root-container .uagb-block-a6dd4fff{width: 100%;}.wp-block-uagb-container.uagb-is-root-container.alignfull.uagb-block-a6dd4fff > .uagb-container-inner-blocks-wrap{--inner-content-custom-width: min( 100%, 1024px);max-width: var(--inner-content-custom-width);width: 100%;}.wp-block-uagb-container.uagb-block-a6dd4fff{padding-top: 0px;padding-bottom: 0px;padding-left: 0px;padding-right: 0px;margin-top:  !important;margin-bottom:  !important;order: initial;}}@media only screen and (max-width: 767px) {.wp-block-uagb-container.uagb-is-root-container .uagb-block-a6dd4fff{max-width: 100%;width: 100%;}.wp-block-uagb-container.uagb-is-root-container.alignfull.uagb-block-a6dd4fff > .uagb-container-inner-blocks-wrap{--inner-content-custom-width: min( 100%, 767px);max-width: var(--inner-content-custom-width);width: 100%;flex-wrap: wrap;}.wp-block-uagb-container.uagb-block-a6dd4fff{padding-top: 0px;padding-bottom: 0px;padding-left: 20px;padding-right: 20px;margin-top:  !important;margin-bottom:  !important;order: initial;}}\";s:2:\"js\";s:0:\"\";s:18:\"current_block_list\";a:2:{i:0;s:14:\"uagb\/container\";i:1;s:13:\"core\/freeform\";}s:8:\"uag_flag\";b:1;s:11:\"uag_version\";s:10:\"1775980622\";s:6:\"gfonts\";a:1:{s:7:\"Default\";a:2:{s:10:\"fontfamily\";s:7:\"Default\";s:12:\"fontvariants\";a:0:{}}}s:10:\"gfonts_url\";s:77:\"https:\/\/fonts.googleapis.com\/css?family=Default&subset=latin&display=fallback\";s:12:\"gfonts_files\";a:0:{}s:14:\"uag_faq_layout\";b:0;}"]},"uagb_featured_image_src":{"full":false,"thumbnail":false,"medium":false,"medium_large":false,"large":false,"1536x1536":false,"2048x2048":false},"uagb_author_info":{"display_name":"itlapalma","author_link":"https:\/\/autosoyka.com\/es\/author\/itlapalma\/"},"uagb_comment_info":0,"uagb_excerpt":"Recogida del coche INFORMACI\u00d3N PARA LA LLEGADA Y RECOGIDA DEL COCHE Una vez hayas recogido el equipaje, debes salir a la sala de llegadas, tomando las puertas correderas autom\u00e1ticas. Una vez all\u00ed, dir\u00edgete a la izquierda, siguiendo el cartel de informaci\u00f3n \u201cMeeting Point\u201d. El punto de encuentro se ubica en la planta S2. Para llegar&hellip;","_links":{"self":[{"href":"https:\/\/autosoyka.com\/es\/wp-json\/wp\/v2\/pages\/2670","targetHints":{"allow":["GET"]}}],"collection":[{"href":"https:\/\/autosoyka.com\/es\/wp-json\/wp\/v2\/pages"}],"about":[{"href":"https:\/\/autosoyka.com\/es\/wp-json\/wp\/v2\/types\/page"}],"author":[{"embeddable":true,"href":"https:\/\/autosoyka.com\/es\/wp-json\/wp\/v2\/users\/2"}],"replies":[{"embeddable":true,"href":"https:\/\/autosoyka.com\/es\/wp-json\/wp\/v2\/comments?post=2670"}],"version-history":[{"count":0,"href":"https:\/\/autosoyka.com\/es\/wp-json\/wp\/v2\/pages\/2670\/revisions"}],"wp:attachment":[{"href":"https:\/\/autosoyka.com\/es\/wp-json\/wp\/v2\/media?parent=2670"}],"curies":[{"name":"wp","href":"https:\/\/api.w.org\/{rel}","templated":true}]}}