{"id":2677,"date":"2024-05-17T09:59:27","date_gmt":"2024-05-17T09:59:27","guid":{"rendered":"https:\/\/autosoyka.com\/mietwagenrueckgabe\/"},"modified":"2024-06-06T12:48:41","modified_gmt":"2024-06-06T12:48:41","slug":"salida-y-devolucion-del-coche","status":"publish","type":"page","link":"https:\/\/autosoyka.com\/es\/salida-y-devolucion-del-coche\/","title":{"rendered":"Salida y devoluci\u00f3n del coche"},"content":{"rendered":"\n<div class=\"wp-block-uagb-container uagb-block-a6dd4fff alignfull uagb-is-root-container\"><div class=\"uagb-container-inner-blocks-wrap\">\n<h1>Salida y devoluci\u00f3n del coche<\/h1>\n<h4>INFORMACI\u00d3N PARA LA DEVOLUCI\u00d3N DELCOCHE EN EL AEROPUERTO<\/h4>\n<p>Acabas de llegar al entorno del aeropuerto. En la rotonda debes continuar en direcci\u00f3n a Mazo, ubic\u00e1ndote en el carril izquierdo nada m\u00e1s salir de ella. Recuerda no coger la primera salida a la derecha hacia el parking superior del aeropuerto. Un poco m\u00e1s adelante col\u00f3cate en el carril derecho cuando veas la se\u00f1al de parking. Este carril descender\u00e1 hacia la planta S2 del parking del aeropuerto.<\/p>\n<p>A pocos metros de la entrada, sit\u00faate nuevamente en el carril derecho y entra al parking, recogiendo un ticket de la m\u00e1quina expendedora, y busca un <strong>aparcamiento en la zona \u201cA\u201d<\/strong>.<\/p>\n<p>Por favor, no te olvides de dejar <b>la llave del coche<\/b> y <strong>ticket del aparcamiento bajo la alfombrilla<\/strong>, sin cerrar el veh\u00edculo.<\/p>\n<p>Recuerda revisar que llevas contigo todas tus pertenencias. Para subir a la terminal, debes dirigirte hasta la zona C, donde puedes tomar el ascensor, escaleras mec\u00e1nicas o las escaleras que te conducir\u00e1n a la terminal de salidas.<\/p>\n<p>\u00a1Feliz Vuelo!<\/p>\n<\/div><\/div>\n","protected":false},"excerpt":{"rendered":"<p>Salida y devoluci\u00f3n del coche INFORMACI\u00d3N PARA LA DEVOLUCI\u00d3N DELCOCHE EN EL AEROPUERTO Acabas de llegar al entorno del aeropuerto. En la rotonda debes continuar en direcci\u00f3n a Mazo, ubic\u00e1ndote en el carril izquierdo nada m\u00e1s salir de ella. Recuerda no coger la primera salida a la derecha hacia el parking superior del aeropuerto. Un [&hellip;]<\/p>\n","protected":false},"author":2,"featured_media":0,"parent":0,"menu_order":0,"comment_status":"closed","ping_status":"closed","template":"","meta":{"_uag_custom_page_level_css":"","site-sidebar-layout":"default","site-content-layout":"","ast-site-content-layout":"default","site-content-style":"default","site-sidebar-style":"default","ast-global-header-display":"","ast-banner-title-visibility":"","ast-main-header-display":"","ast-hfb-above-header-display":"","ast-hfb-below-header-display":"","ast-hfb-mobile-header-display":"","site-post-title":"","ast-breadcrumbs-content":"","ast-featured-img":"","footer-sml-layout":"","ast-disable-related-posts":"","theme-transparent-header-meta":"","adv-header-id-meta":"","stick-header-meta":"","header-above-stick-meta":"","header-main-stick-meta":"","header-below-stick-meta":"","astra-migrate-meta-layouts":"set","ast-page-background-enabled":"default","ast-page-background-meta":{"desktop":{"background-color":"var(--ast-global-color-4)","background-image":"","background-repeat":"repeat","background-position":"center center","background-size":"auto","background-attachment":"scroll","background-type":"","background-media":"","overlay-type":"","overlay-color":"","overlay-opacity":"","overlay-gradient":""},"tablet":{"background-color":"","background-image":"","background-repeat":"repeat","background-position":"center center","background-size":"auto","background-attachment":"scroll","background-type":"","background-media":"","overlay-type":"","overlay-color":"","overlay-opacity":"","overlay-gradient":""},"mobile":{"background-color":"","background-image":"","background-repeat":"repeat","background-position":"center center","background-size":"auto","background-attachment":"scroll","background-type":"","background-media":"","overlay-type":"","overlay-color":"","overlay-opacity":"","overlay-gradient":""}},"ast-content-background-meta":{"desktop":{"background-color":"var(--ast-global-color-5)","background-image":"","background-repeat":"repeat","background-position":"center center","background-size":"auto","background-attachment":"scroll","background-type":"","background-media":"","overlay-type":"","overlay-color":"","overlay-opacity":"","overlay-gradient":""},"tablet":{"background-color":"var(--ast-global-color-5)","background-image":"","background-repeat":"repeat","background-position":"center center","background-size":"auto","background-attachment":"scroll","background-type":"","background-media":"","overlay-type":"","overlay-color":"","overlay-opacity":"","overlay-gradient":""},"mobile":{"background-color":"var(--ast-global-color-5)","background-image":"","background-repeat":"repeat","background-position":"center center","background-size":"auto","background-attachment":"scroll","background-type":"","background-media":"","overlay-type":"","overlay-color":"","overlay-opacity":"","overlay-gradient":""}},"footnotes":""},"class_list":["post-2677","page","type-page","status-publish","hentry"],"yoast_head":"<!-- This site is optimized with the Yoast SEO plugin v27.3 - https:\/\/yoast.com\/product\/yoast-seo-wordpress\/ -->\n<title>Salida y devoluci\u00f3n del coche - Autos Soyka - rent-a-car y viviendas vacacionales en La Palma<\/title>\n<meta name=\"robots\" content=\"index, follow, max-snippet:-1, max-image-preview:large, max-video-preview:-1\" \/>\n<link rel=\"canonical\" href=\"https:\/\/autosoyka.com\/es\/salida-y-devolucion-del-coche\/\" \/>\n<meta property=\"og:locale\" content=\"es_ES\" \/>\n<meta property=\"og:type\" content=\"article\" \/>\n<meta property=\"og:title\" content=\"Salida y devoluci\u00f3n del coche - Autos Soyka - rent-a-car y viviendas vacacionales en La Palma\" \/>\n<meta property=\"og:description\" content=\"Salida y devoluci\u00f3n del coche INFORMACI\u00d3N PARA LA DEVOLUCI\u00d3N DELCOCHE EN EL AEROPUERTO Acabas de llegar al entorno del aeropuerto. En la rotonda debes continuar en direcci\u00f3n a Mazo, ubic\u00e1ndote en el carril izquierdo nada m\u00e1s salir de ella. Recuerda no coger la primera salida a la derecha hacia el parking superior del aeropuerto. Un [&hellip;]\" \/>\n<meta property=\"og:url\" content=\"https:\/\/autosoyka.com\/es\/salida-y-devolucion-del-coche\/\" \/>\n<meta property=\"og:site_name\" content=\"Autos Soyka - rent-a-car y viviendas vacacionales en La Palma\" \/>\n<meta property=\"article:modified_time\" content=\"2024-06-06T12:48:41+00:00\" \/>\n<meta property=\"og:image\" content=\"https:\/\/autosoyka.com\/wp-content\/uploads\/cropped-auto-soyka-logo.webp\" \/>\n\t<meta property=\"og:image:width\" content=\"512\" \/>\n\t<meta property=\"og:image:height\" content=\"512\" \/>\n\t<meta property=\"og:image:type\" content=\"image\/webp\" \/>\n<meta name=\"twitter:card\" content=\"summary_large_image\" \/>\n<meta name=\"twitter:label1\" content=\"Tiempo de lectura\" \/>\n\t<meta name=\"twitter:data1\" content=\"1 minuto\" \/>\n<script type=\"application\/ld+json\" class=\"yoast-schema-graph\">{\"@context\":\"https:\\\/\\\/schema.org\",\"@graph\":[{\"@type\":\"WebPage\",\"@id\":\"https:\\\/\\\/autosoyka.com\\\/es\\\/salida-y-devolucion-del-coche\\\/\",\"url\":\"https:\\\/\\\/autosoyka.com\\\/es\\\/salida-y-devolucion-del-coche\\\/\",\"name\":\"Salida y devoluci\u00f3n del coche - Autos Soyka - rent-a-car y viviendas vacacionales en La Palma\",\"isPartOf\":{\"@id\":\"https:\\\/\\\/autosoyka.com\\\/es\\\/#website\"},\"datePublished\":\"2024-05-17T09:59:27+00:00\",\"dateModified\":\"2024-06-06T12:48:41+00:00\",\"breadcrumb\":{\"@id\":\"https:\\\/\\\/autosoyka.com\\\/es\\\/salida-y-devolucion-del-coche\\\/#breadcrumb\"},\"inLanguage\":\"es\",\"potentialAction\":[{\"@type\":\"ReadAction\",\"target\":[\"https:\\\/\\\/autosoyka.com\\\/es\\\/salida-y-devolucion-del-coche\\\/\"]}]},{\"@type\":\"BreadcrumbList\",\"@id\":\"https:\\\/\\\/autosoyka.com\\\/es\\\/salida-y-devolucion-del-coche\\\/#breadcrumb\",\"itemListElement\":[{\"@type\":\"ListItem\",\"position\":1,\"name\":\"Home\",\"item\":\"https:\\\/\\\/autosoyka.com\\\/es\\\/\"},{\"@type\":\"ListItem\",\"position\":2,\"name\":\"Salida y devoluci\u00f3n del coche\"}]},{\"@type\":\"WebSite\",\"@id\":\"https:\\\/\\\/autosoyka.com\\\/es\\\/#website\",\"url\":\"https:\\\/\\\/autosoyka.com\\\/es\\\/\",\"name\":\"Autos Soyka - rent-a-car y viviendas vacacionales en La Palma\",\"description\":\"home\",\"publisher\":{\"@id\":\"https:\\\/\\\/autosoyka.com\\\/es\\\/#organization\"},\"potentialAction\":[{\"@type\":\"SearchAction\",\"target\":{\"@type\":\"EntryPoint\",\"urlTemplate\":\"https:\\\/\\\/autosoyka.com\\\/es\\\/?s={search_term_string}\"},\"query-input\":{\"@type\":\"PropertyValueSpecification\",\"valueRequired\":true,\"valueName\":\"search_term_string\"}}],\"inLanguage\":\"es\"},{\"@type\":\"Organization\",\"@id\":\"https:\\\/\\\/autosoyka.com\\\/es\\\/#organization\",\"name\":\"Autos Soyka S.L.U.\",\"url\":\"https:\\\/\\\/autosoyka.com\\\/es\\\/\",\"logo\":{\"@type\":\"ImageObject\",\"inLanguage\":\"es\",\"@id\":\"https:\\\/\\\/autosoyka.com\\\/es\\\/#\\\/schema\\\/logo\\\/image\\\/\",\"url\":\"https:\\\/\\\/autosoyka.com\\\/wp-content\\\/uploads\\\/cropped-auto-soyka-logo.webp\",\"contentUrl\":\"https:\\\/\\\/autosoyka.com\\\/wp-content\\\/uploads\\\/cropped-auto-soyka-logo.webp\",\"width\":512,\"height\":512,\"caption\":\"Autos Soyka S.L.U.\"},\"image\":{\"@id\":\"https:\\\/\\\/autosoyka.com\\\/es\\\/#\\\/schema\\\/logo\\\/image\\\/\"}}]}<\/script>\n<!-- \/ Yoast SEO plugin. -->","yoast_head_json":{"title":"Salida y devoluci\u00f3n del coche - Autos Soyka - rent-a-car y viviendas vacacionales en La Palma","robots":{"index":"index","follow":"follow","max-snippet":"max-snippet:-1","max-image-preview":"max-image-preview:large","max-video-preview":"max-video-preview:-1"},"canonical":"https:\/\/autosoyka.com\/es\/salida-y-devolucion-del-coche\/","og_locale":"es_ES","og_type":"article","og_title":"Salida y devoluci\u00f3n del coche - Autos Soyka - rent-a-car y viviendas vacacionales en La Palma","og_description":"Salida y devoluci\u00f3n del coche INFORMACI\u00d3N PARA LA DEVOLUCI\u00d3N DELCOCHE EN EL AEROPUERTO Acabas de llegar al entorno del aeropuerto. En la rotonda debes continuar en direcci\u00f3n a Mazo, ubic\u00e1ndote en el carril izquierdo nada m\u00e1s salir de ella. Recuerda no coger la primera salida a la derecha hacia el parking superior del aeropuerto. Un [&hellip;]","og_url":"https:\/\/autosoyka.com\/es\/salida-y-devolucion-del-coche\/","og_site_name":"Autos Soyka - rent-a-car y viviendas vacacionales en La Palma","article_modified_time":"2024-06-06T12:48:41+00:00","og_image":[{"width":512,"height":512,"url":"https:\/\/autosoyka.com\/wp-content\/uploads\/cropped-auto-soyka-logo.webp","type":"image\/webp"}],"twitter_card":"summary_large_image","twitter_misc":{"Tiempo de lectura":"1 minuto"},"schema":{"@context":"https:\/\/schema.org","@graph":[{"@type":"WebPage","@id":"https:\/\/autosoyka.com\/es\/salida-y-devolucion-del-coche\/","url":"https:\/\/autosoyka.com\/es\/salida-y-devolucion-del-coche\/","name":"Salida y devoluci\u00f3n del coche - Autos Soyka - rent-a-car y viviendas vacacionales en La Palma","isPartOf":{"@id":"https:\/\/autosoyka.com\/es\/#website"},"datePublished":"2024-05-17T09:59:27+00:00","dateModified":"2024-06-06T12:48:41+00:00","breadcrumb":{"@id":"https:\/\/autosoyka.com\/es\/salida-y-devolucion-del-coche\/#breadcrumb"},"inLanguage":"es","potentialAction":[{"@type":"ReadAction","target":["https:\/\/autosoyka.com\/es\/salida-y-devolucion-del-coche\/"]}]},{"@type":"BreadcrumbList","@id":"https:\/\/autosoyka.com\/es\/salida-y-devolucion-del-coche\/#breadcrumb","itemListElement":[{"@type":"ListItem","position":1,"name":"Home","item":"https:\/\/autosoyka.com\/es\/"},{"@type":"ListItem","position":2,"name":"Salida y devoluci\u00f3n del coche"}]},{"@type":"WebSite","@id":"https:\/\/autosoyka.com\/es\/#website","url":"https:\/\/autosoyka.com\/es\/","name":"Autos Soyka - rent-a-car y viviendas vacacionales en La Palma","description":"home","publisher":{"@id":"https:\/\/autosoyka.com\/es\/#organization"},"potentialAction":[{"@type":"SearchAction","target":{"@type":"EntryPoint","urlTemplate":"https:\/\/autosoyka.com\/es\/?s={search_term_string}"},"query-input":{"@type":"PropertyValueSpecification","valueRequired":true,"valueName":"search_term_string"}}],"inLanguage":"es"},{"@type":"Organization","@id":"https:\/\/autosoyka.com\/es\/#organization","name":"Autos Soyka S.L.U.","url":"https:\/\/autosoyka.com\/es\/","logo":{"@type":"ImageObject","inLanguage":"es","@id":"https:\/\/autosoyka.com\/es\/#\/schema\/logo\/image\/","url":"https:\/\/autosoyka.com\/wp-content\/uploads\/cropped-auto-soyka-logo.webp","contentUrl":"https:\/\/autosoyka.com\/wp-content\/uploads\/cropped-auto-soyka-logo.webp","width":512,"height":512,"caption":"Autos Soyka S.L.U."},"image":{"@id":"https:\/\/autosoyka.com\/es\/#\/schema\/logo\/image\/"}}]}},"spectra_custom_meta":{"_wpml_word_count":["{\"total\":164,\"to_translate\":{\"nl\":164,\"en\":164,\"es\":164}}"],"_uag_custom_page_level_css":[""],"ast-site-content-layout":["default"],"theme-transparent-header-meta":[""],"adv-header-id-meta":[""],"stick-header-meta":[""],"astra-migrate-meta-layouts":["set"],"footnotes":[""],"_wpml_media_duplicate":["1"],"_wpml_media_featured":["1"],"_yoast_wpseo_estimated-reading-time-minutes":["1"],"_yoast_wpseo_wordproof_timestamp":[""],"_wpml_location_migration_done":["1"],"_yoast_wpseo_content_score":["90"],"_edit_lock":["1717678128:2"],"_last_translation_edit_mode":["native-editor"],"_edit_last":["2"],"_wp_page_template":[""]},"uagb_featured_image_src":{"full":false,"thumbnail":false,"medium":false,"medium_large":false,"large":false,"1536x1536":false,"2048x2048":false},"uagb_author_info":{"display_name":"itlapalma","author_link":"https:\/\/autosoyka.com\/es\/author\/itlapalma\/"},"uagb_comment_info":0,"uagb_excerpt":"Salida y devoluci\u00f3n del coche INFORMACI\u00d3N PARA LA DEVOLUCI\u00d3N DELCOCHE EN EL AEROPUERTO Acabas de llegar al entorno del aeropuerto. En la rotonda debes continuar en direcci\u00f3n a Mazo, ubic\u00e1ndote en el carril izquierdo nada m\u00e1s salir de ella. Recuerda no coger la primera salida a la derecha hacia el parking superior del aeropuerto. Un&hellip;","_links":{"self":[{"href":"https:\/\/autosoyka.com\/es\/wp-json\/wp\/v2\/pages\/2677","targetHints":{"allow":["GET"]}}],"collection":[{"href":"https:\/\/autosoyka.com\/es\/wp-json\/wp\/v2\/pages"}],"about":[{"href":"https:\/\/autosoyka.com\/es\/wp-json\/wp\/v2\/types\/page"}],"author":[{"embeddable":true,"href":"https:\/\/autosoyka.com\/es\/wp-json\/wp\/v2\/users\/2"}],"replies":[{"embeddable":true,"href":"https:\/\/autosoyka.com\/es\/wp-json\/wp\/v2\/comments?post=2677"}],"version-history":[{"count":0,"href":"https:\/\/autosoyka.com\/es\/wp-json\/wp\/v2\/pages\/2677\/revisions"}],"wp:attachment":[{"href":"https:\/\/autosoyka.com\/es\/wp-json\/wp\/v2\/media?parent=2677"}],"curies":[{"name":"wp","href":"https:\/\/api.w.org\/{rel}","templated":true}]}}