{"id":2686,"date":"2024-05-17T09:27:57","date_gmt":"2024-05-17T09:27:57","guid":{"rendered":"https:\/\/autosoyka.com\/mietwagen-reservieren\/"},"modified":"2024-06-06T12:53:49","modified_gmt":"2024-06-06T12:53:49","slug":"reservar-un-coche-de-alquiler","status":"publish","type":"page","link":"https:\/\/autosoyka.com\/es\/reservar-un-coche-de-alquiler\/","title":{"rendered":"Reservar un coche de alquiler"},"content":{"rendered":"\n<div class=\"wp-block-uagb-container uagb-block-a6dd4fff alignfull uagb-is-root-container\"><div class=\"uagb-container-inner-blocks-wrap\">\n<h1>Reservar un coche de alquiler<\/h1>\n<div class=\"elementor-element elementor-element-204a8567 elementor-widget elementor-widget-text-editor\" data-id=\"204a8567\" data-element_type=\"widget\" data-widget_type=\"text-editor.default\">\n<div class=\"elementor-widget-container\">\n<p>Por favor, rellena completamente el formulario de reserva y env\u00edanos tu solicitud indicando la categor\u00eda del veh\u00edculo que deseas. \u00bfNecesitas m\u00e1s informaci\u00f3n o tienes preguntas sobre tu reserva? No dudes en ponerte en contacto con nosotros en el <a href=\"tel:+34%C2%A0922 46 33 90\"><strong>+34\u00a0922 46 33 90<\/strong><\/a>. \u00a1\u2019Estamos siempre a tu disposici\u00f3n!<\/p>\n<p><em>Tu equipo Auto Soyka<\/em><\/p>\n<\/div>\n<\/div>\n\n<div class=\"wpcf7 no-js\" id=\"wpcf7-f2684-o1\" lang=\"en-US\" dir=\"ltr\" data-wpcf7-id=\"2684\">\n<div class=\"screen-reader-response\"><p role=\"status\" aria-live=\"polite\" aria-atomic=\"true\"><\/p> <ul><\/ul><\/div>\n<form action=\"\/es\/wp-json\/wp\/v2\/pages\/2686#wpcf7-f2684-o1\" method=\"post\" class=\"wpcf7-form init\" aria-label=\"Contact form\" novalidate=\"novalidate\" data-status=\"init\">\n<fieldset class=\"hidden-fields-container\"><input type=\"hidden\" name=\"_wpcf7\" value=\"2684\" \/><input type=\"hidden\" name=\"_wpcf7_version\" value=\"6.1.5\" \/><input type=\"hidden\" name=\"_wpcf7_locale\" value=\"en_US\" \/><input type=\"hidden\" name=\"_wpcf7_unit_tag\" value=\"wpcf7-f2684-o1\" \/><input type=\"hidden\" name=\"_wpcf7_container_post\" value=\"0\" \/><input type=\"hidden\" name=\"_wpcf7_posted_data_hash\" value=\"\" \/>\n<\/fieldset>\n<div class=\"row\">\n\t<div class=\"column2l\">\n\t\t<p><label> Nombre<br \/>\n<span class=\"wpcf7-form-control-wrap\" data-name=\"your-name\"><input size=\"40\" maxlength=\"400\" class=\"wpcf7-form-control wpcf7-text\" aria-invalid=\"false\" value=\"\" type=\"text\" name=\"your-name\" \/><\/span> <\/label>\n\t\t<\/p>\n\t<\/div>\n\t<div class=\"column2r\">\n\t\t<p><label> Apellido <span style=\"color:red\">*<\/span><br \/>\n<span class=\"wpcf7-form-control-wrap\" data-name=\"your-name-2\"><input size=\"40\" maxlength=\"400\" class=\"wpcf7-form-control wpcf7-text wpcf7-validates-as-required\" aria-required=\"true\" aria-invalid=\"false\" value=\"\" type=\"text\" name=\"your-name-2\" \/><\/span> <\/label>\n\t\t<\/p>\n\t<\/div>\n<\/div>\n<div class=\"row\">\n\t<div class=\"column2l\">\n\t\t<p><label> Email <span style=\"color:red\">*<\/span><br \/>\n<span class=\"wpcf7-form-control-wrap\" data-name=\"your-email\"><input size=\"40\" maxlength=\"400\" class=\"wpcf7-form-control wpcf7-email wpcf7-validates-as-required wpcf7-text wpcf7-validates-as-email\" aria-required=\"true\" aria-invalid=\"false\" value=\"\" type=\"email\" name=\"your-email\" \/><\/span> <\/label>\n\t\t<\/p>\n\t<\/div>\n\t<div class=\"column2r\">\n\t\t<p><label> Movil <span style=\"color:red\">*<\/span><br \/>\n<span class=\"wpcf7-form-control-wrap\" data-name=\"your-telephone\"><input size=\"40\" maxlength=\"400\" class=\"wpcf7-form-control wpcf7-tel wpcf7-validates-as-required wpcf7-text wpcf7-validates-as-tel\" aria-required=\"true\" aria-invalid=\"false\" value=\"\" type=\"tel\" name=\"your-telephone\" \/><\/span> <\/label>\n\t\t<\/p>\n\t<\/div>\n<\/div>\n<div class=\"row\">\n\t<div class=\"column2l\">\n\t\t<p><label><br \/>\nFecha de recogida <span style=\"color:red\">*<\/span><br \/>\n<span class=\"wpcf7-form-control-wrap\" data-name=\"von\"><input class=\"wpcf7-form-control wpcf7-date wpcf7-validates-as-required wpcf7-validates-as-date\" aria-required=\"true\" aria-invalid=\"false\" value=\"\" type=\"date\" name=\"von\" \/><\/span> <\/label>\n\t\t<\/p>\n\t<\/div>\n\t<div class=\"column2r\">\n\t\t<p><label><br \/>\nFecha de devoluci\u00f3n <span style=\"color:red\">*<\/span><br \/>\n<span class=\"wpcf7-form-control-wrap\" data-name=\"bis\"><input class=\"wpcf7-form-control wpcf7-date wpcf7-validates-as-required wpcf7-validates-as-date\" aria-required=\"true\" aria-invalid=\"false\" value=\"\" type=\"date\" name=\"bis\" \/><\/span> <\/label>\n\t\t<\/p>\n\t<\/div>\n<\/div>\n<div class=\"row\">\n\t<div class=\"column2l\">\n\t\t<p>Grupo <span style=\"color:red\">*<\/span><br \/>\n<span class=\"wpcf7-form-control-wrap\" data-name=\"gruppe\"><span class=\"wpcf7-form-control wpcf7-checkbox wpcf7-validates-as-required\"><span class=\"wpcf7-list-item first\"><label><input type=\"checkbox\" name=\"gruppe[]\" value=\"A\" \/><span class=\"wpcf7-list-item-label\">A<\/span><\/label><\/span><span class=\"wpcf7-list-item\"><label><input type=\"checkbox\" name=\"gruppe[]\" value=\"B\" \/><span class=\"wpcf7-list-item-label\">B<\/span><\/label><\/span><span class=\"wpcf7-list-item\"><label><input type=\"checkbox\" name=\"gruppe[]\" value=\"C\" \/><span class=\"wpcf7-list-item-label\">C<\/span><\/label><\/span><span class=\"wpcf7-list-item\"><label><input type=\"checkbox\" name=\"gruppe[]\" value=\"D\" \/><span class=\"wpcf7-list-item-label\">D<\/span><\/label><\/span><span class=\"wpcf7-list-item last\"><label><input type=\"checkbox\" name=\"gruppe[]\" value=\"E\" \/><span class=\"wpcf7-list-item-label\">E<\/span><\/label><\/span><\/span><\/span>\n\t\t<\/p>\n\t<\/div>\n\t<div class=\"column2r\">\n\t\t<p><label> N\u00famero de vuelo <span style=\"color:red\">*<\/span><br \/>\n<span class=\"wpcf7-form-control-wrap\" data-name=\"your-flugnummer\"><input size=\"40\" maxlength=\"400\" class=\"wpcf7-form-control wpcf7-text wpcf7-validates-as-required\" aria-required=\"true\" aria-invalid=\"false\" value=\"\" type=\"text\" name=\"your-flugnummer\" \/><\/span> <\/label>\n\t\t<\/p>\n\t<\/div>\n<\/div>\n<div class=\"row\">\n\t<div class=\"column2l\">\n\t\t<p><label><br \/>\nReservar dispositivo de navegaci\u00f3n<br \/>\n<span class=\"wpcf7-form-control-wrap\" data-name=\"nav\"><span class=\"wpcf7-form-control wpcf7-checkbox\"><span class=\"wpcf7-list-item first last\"><label><input type=\"checkbox\" name=\"nav[]\" value=\"Si\" \/><span class=\"wpcf7-list-item-label\">Si<\/span><\/label><\/span><\/span><\/span> <\/label>\n\t\t<\/p>\n\t<\/div>\n\t<div class=\"column2r\">\n\t\t<p><label><br \/>\nReservar silla infantil<br \/>\n<span class=\"wpcf7-form-control-wrap\" data-name=\"kinder\"><span class=\"wpcf7-form-control wpcf7-checkbox\"><span class=\"wpcf7-list-item first last\"><label><input type=\"checkbox\" name=\"kinder[]\" value=\"Si\" \/><span class=\"wpcf7-list-item-label\">Si<\/span><\/label><\/span><\/span><\/span> <\/label>\n\t\t<\/p>\n\t<\/div>\n<\/div>\n<p><label> Comentario adicional<br \/>\n<span class=\"wpcf7-form-control-wrap\" data-name=\"your-message\"><textarea cols=\"40\" rows=\"10\" maxlength=\"2000\" class=\"wpcf7-form-control wpcf7-textarea\" aria-invalid=\"false\" name=\"your-message\"><\/textarea><\/span> <\/label>\n<\/p>\n<p><span class=\"wpcf7-form-control-wrap\" data-name=\"request-consent\"><span class=\"wpcf7-form-control wpcf7-acceptance\"><span class=\"wpcf7-list-item\"><label><input type=\"checkbox\" name=\"request-consent\" value=\"1\" aria-invalid=\"false\" \/><span class=\"wpcf7-list-item-label\">Acepto que Auto Soyka use estos datos para responder mi pregunta. Los datos no se transmitir\u00e1n a terceros, consulte nuestra Declaraci\u00f3n de privacidad.<\/span><\/label><\/span><\/span><\/span>\n<\/p>\n<p><div class=\"cf7-cf-turnstile\" style=\"margin-top: 0px; margin-bottom: -15px;\"> <div id=\"cf-turnstile-cf7-672530099\" class=\"cf-turnstile\" data-sitekey=\"0x4AAAAAAAblFqDfI1iP0n3s\" data-theme=\"light\" data-language=\"auto\" data-size=\"normal\" data-retry=\"auto\" data-retry-interval=\"1000\" data-refresh-expired=\"auto\" data-action=\"contact-form-7\" data-appearance=\"always\"><\/div> <script>document.addEventListener(\"DOMContentLoaded\", function() { setTimeout(function(){ var e=document.getElementById(\"cf-turnstile-cf7-672530099\"); e&&!e.innerHTML.trim()&&(turnstile.remove(\"#cf-turnstile-cf7-672530099\"), turnstile.render(\"#cf-turnstile-cf7-672530099\", {sitekey:\"0x4AAAAAAAblFqDfI1iP0n3s\"})); }, 100); });<\/script> <br class=\"cf-turnstile-br cf-turnstile-br-cf7-672530099\"> <style>#cf-turnstile-cf7-672530099 { margin-left: -15px; }<\/style> <script>document.addEventListener(\"DOMContentLoaded\",function(){document.querySelectorAll('.wpcf7-form').forEach(function(e){e.addEventListener('submit',function(){if(document.getElementById('cf-turnstile-cf7-672530099')){setTimeout(function(){turnstile.reset('#cf-turnstile-cf7-672530099');},1000)}})})});<\/script> <\/div><br\/><input class=\"wpcf7-form-control wpcf7-submit has-spinner\" type=\"submit\" value=\"Enviar\" \/>\n<\/p><div class=\"wpcf7-response-output\" aria-hidden=\"true\"><\/div>\n<\/form>\n<\/div>\n\n<\/div><\/div>\n","protected":false},"excerpt":{"rendered":"<p>Reservar un coche de alquiler Por favor, rellena completamente el formulario de reserva y env\u00edanos tu solicitud indicando la categor\u00eda del veh\u00edculo que deseas. \u00bfNecesitas m\u00e1s informaci\u00f3n o tienes preguntas sobre tu reserva? No dudes en ponerte en contacto con nosotros en el +34\u00a0922 46 33 90. \u00a1\u2019Estamos siempre a tu disposici\u00f3n! Tu equipo Auto [&hellip;]<\/p>\n","protected":false},"author":2,"featured_media":0,"parent":0,"menu_order":0,"comment_status":"closed","ping_status":"closed","template":"","meta":{"_uag_custom_page_level_css":"","site-sidebar-layout":"default","site-content-layout":"","ast-site-content-layout":"default","site-content-style":"default","site-sidebar-style":"default","ast-global-header-display":"","ast-banner-title-visibility":"","ast-main-header-display":"","ast-hfb-above-header-display":"","ast-hfb-below-header-display":"","ast-hfb-mobile-header-display":"","site-post-title":"","ast-breadcrumbs-content":"","ast-featured-img":"","footer-sml-layout":"","ast-disable-related-posts":"","theme-transparent-header-meta":"","adv-header-id-meta":"","stick-header-meta":"","header-above-stick-meta":"","header-main-stick-meta":"","header-below-stick-meta":"","astra-migrate-meta-layouts":"set","ast-page-background-enabled":"default","ast-page-background-meta":{"desktop":{"background-color":"var(--ast-global-color-4)","background-image":"","background-repeat":"repeat","background-position":"center center","background-size":"auto","background-attachment":"scroll","background-type":"","background-media":"","overlay-type":"","overlay-color":"","overlay-opacity":"","overlay-gradient":""},"tablet":{"background-color":"","background-image":"","background-repeat":"repeat","background-position":"center center","background-size":"auto","background-attachment":"scroll","background-type":"","background-media":"","overlay-type":"","overlay-color":"","overlay-opacity":"","overlay-gradient":""},"mobile":{"background-color":"","background-image":"","background-repeat":"repeat","background-position":"center center","background-size":"auto","background-attachment":"scroll","background-type":"","background-media":"","overlay-type":"","overlay-color":"","overlay-opacity":"","overlay-gradient":""}},"ast-content-background-meta":{"desktop":{"background-color":"var(--ast-global-color-5)","background-image":"","background-repeat":"repeat","background-position":"center center","background-size":"auto","background-attachment":"scroll","background-type":"","background-media":"","overlay-type":"","overlay-color":"","overlay-opacity":"","overlay-gradient":""},"tablet":{"background-color":"var(--ast-global-color-5)","background-image":"","background-repeat":"repeat","background-position":"center center","background-size":"auto","background-attachment":"scroll","background-type":"","background-media":"","overlay-type":"","overlay-color":"","overlay-opacity":"","overlay-gradient":""},"mobile":{"background-color":"var(--ast-global-color-5)","background-image":"","background-repeat":"repeat","background-position":"center center","background-size":"auto","background-attachment":"scroll","background-type":"","background-media":"","overlay-type":"","overlay-color":"","overlay-opacity":"","overlay-gradient":""}},"footnotes":""},"class_list":["post-2686","page","type-page","status-publish","hentry"],"yoast_head":"<!-- This site is optimized with the Yoast SEO plugin v27.3 - https:\/\/yoast.com\/product\/yoast-seo-wordpress\/ -->\n<title>Reservar un coche de alquiler - Autos Soyka - rent-a-car y viviendas vacacionales en La Palma<\/title>\n<meta name=\"robots\" content=\"index, follow, max-snippet:-1, max-image-preview:large, max-video-preview:-1\" \/>\n<link rel=\"canonical\" href=\"https:\/\/autosoyka.com\/es\/reservar-un-coche-de-alquiler\/\" \/>\n<meta property=\"og:locale\" content=\"es_ES\" \/>\n<meta property=\"og:type\" content=\"article\" \/>\n<meta property=\"og:title\" content=\"Reservar un coche de alquiler - Autos Soyka - rent-a-car y viviendas vacacionales en La Palma\" \/>\n<meta property=\"og:description\" content=\"Reservar un coche de alquiler Por favor, rellena completamente el formulario de reserva y env\u00edanos tu solicitud indicando la categor\u00eda del veh\u00edculo que deseas. \u00bfNecesitas m\u00e1s informaci\u00f3n o tienes preguntas sobre tu reserva? No dudes en ponerte en contacto con nosotros en el +34\u00a0922 46 33 90. \u00a1\u2019Estamos siempre a tu disposici\u00f3n! Tu equipo Auto [&hellip;]\" \/>\n<meta property=\"og:url\" content=\"https:\/\/autosoyka.com\/es\/reservar-un-coche-de-alquiler\/\" \/>\n<meta property=\"og:site_name\" content=\"Autos Soyka - rent-a-car y viviendas vacacionales en La Palma\" \/>\n<meta property=\"article:modified_time\" content=\"2024-06-06T12:53:49+00:00\" \/>\n<meta property=\"og:image\" content=\"https:\/\/autosoyka.com\/wp-content\/uploads\/cropped-auto-soyka-logo.webp\" \/>\n\t<meta property=\"og:image:width\" content=\"512\" \/>\n\t<meta property=\"og:image:height\" content=\"512\" \/>\n\t<meta property=\"og:image:type\" content=\"image\/webp\" \/>\n<meta name=\"twitter:card\" content=\"summary_large_image\" \/>\n<meta name=\"twitter:label1\" content=\"Tiempo de lectura\" \/>\n\t<meta name=\"twitter:data1\" content=\"1 minuto\" \/>\n<script type=\"application\/ld+json\" class=\"yoast-schema-graph\">{\"@context\":\"https:\\\/\\\/schema.org\",\"@graph\":[{\"@type\":\"WebPage\",\"@id\":\"https:\\\/\\\/autosoyka.com\\\/es\\\/reservar-un-coche-de-alquiler\\\/\",\"url\":\"https:\\\/\\\/autosoyka.com\\\/es\\\/reservar-un-coche-de-alquiler\\\/\",\"name\":\"Reservar un coche de alquiler - Autos Soyka - rent-a-car y viviendas vacacionales en La Palma\",\"isPartOf\":{\"@id\":\"https:\\\/\\\/autosoyka.com\\\/es\\\/#website\"},\"datePublished\":\"2024-05-17T09:27:57+00:00\",\"dateModified\":\"2024-06-06T12:53:49+00:00\",\"breadcrumb\":{\"@id\":\"https:\\\/\\\/autosoyka.com\\\/es\\\/reservar-un-coche-de-alquiler\\\/#breadcrumb\"},\"inLanguage\":\"es\",\"potentialAction\":[{\"@type\":\"ReadAction\",\"target\":[\"https:\\\/\\\/autosoyka.com\\\/es\\\/reservar-un-coche-de-alquiler\\\/\"]}]},{\"@type\":\"BreadcrumbList\",\"@id\":\"https:\\\/\\\/autosoyka.com\\\/es\\\/reservar-un-coche-de-alquiler\\\/#breadcrumb\",\"itemListElement\":[{\"@type\":\"ListItem\",\"position\":1,\"name\":\"Home\",\"item\":\"https:\\\/\\\/autosoyka.com\\\/es\\\/\"},{\"@type\":\"ListItem\",\"position\":2,\"name\":\"Reservar un coche de alquiler\"}]},{\"@type\":\"WebSite\",\"@id\":\"https:\\\/\\\/autosoyka.com\\\/es\\\/#website\",\"url\":\"https:\\\/\\\/autosoyka.com\\\/es\\\/\",\"name\":\"Autos Soyka - rent-a-car y viviendas vacacionales en La Palma\",\"description\":\"home\",\"publisher\":{\"@id\":\"https:\\\/\\\/autosoyka.com\\\/es\\\/#organization\"},\"potentialAction\":[{\"@type\":\"SearchAction\",\"target\":{\"@type\":\"EntryPoint\",\"urlTemplate\":\"https:\\\/\\\/autosoyka.com\\\/es\\\/?s={search_term_string}\"},\"query-input\":{\"@type\":\"PropertyValueSpecification\",\"valueRequired\":true,\"valueName\":\"search_term_string\"}}],\"inLanguage\":\"es\"},{\"@type\":\"Organization\",\"@id\":\"https:\\\/\\\/autosoyka.com\\\/es\\\/#organization\",\"name\":\"Autos Soyka S.L.U.\",\"url\":\"https:\\\/\\\/autosoyka.com\\\/es\\\/\",\"logo\":{\"@type\":\"ImageObject\",\"inLanguage\":\"es\",\"@id\":\"https:\\\/\\\/autosoyka.com\\\/es\\\/#\\\/schema\\\/logo\\\/image\\\/\",\"url\":\"https:\\\/\\\/autosoyka.com\\\/wp-content\\\/uploads\\\/cropped-auto-soyka-logo.webp\",\"contentUrl\":\"https:\\\/\\\/autosoyka.com\\\/wp-content\\\/uploads\\\/cropped-auto-soyka-logo.webp\",\"width\":512,\"height\":512,\"caption\":\"Autos Soyka S.L.U.\"},\"image\":{\"@id\":\"https:\\\/\\\/autosoyka.com\\\/es\\\/#\\\/schema\\\/logo\\\/image\\\/\"}}]}<\/script>\n<!-- \/ Yoast SEO plugin. -->","yoast_head_json":{"title":"Reservar un coche de alquiler - Autos Soyka - rent-a-car y viviendas vacacionales en La Palma","robots":{"index":"index","follow":"follow","max-snippet":"max-snippet:-1","max-image-preview":"max-image-preview:large","max-video-preview":"max-video-preview:-1"},"canonical":"https:\/\/autosoyka.com\/es\/reservar-un-coche-de-alquiler\/","og_locale":"es_ES","og_type":"article","og_title":"Reservar un coche de alquiler - Autos Soyka - rent-a-car y viviendas vacacionales en La Palma","og_description":"Reservar un coche de alquiler Por favor, rellena completamente el formulario de reserva y env\u00edanos tu solicitud indicando la categor\u00eda del veh\u00edculo que deseas. \u00bfNecesitas m\u00e1s informaci\u00f3n o tienes preguntas sobre tu reserva? No dudes en ponerte en contacto con nosotros en el +34\u00a0922 46 33 90. \u00a1\u2019Estamos siempre a tu disposici\u00f3n! Tu equipo Auto [&hellip;]","og_url":"https:\/\/autosoyka.com\/es\/reservar-un-coche-de-alquiler\/","og_site_name":"Autos Soyka - rent-a-car y viviendas vacacionales en La Palma","article_modified_time":"2024-06-06T12:53:49+00:00","og_image":[{"width":512,"height":512,"url":"https:\/\/autosoyka.com\/wp-content\/uploads\/cropped-auto-soyka-logo.webp","type":"image\/webp"}],"twitter_card":"summary_large_image","twitter_misc":{"Tiempo de lectura":"1 minuto"},"schema":{"@context":"https:\/\/schema.org","@graph":[{"@type":"WebPage","@id":"https:\/\/autosoyka.com\/es\/reservar-un-coche-de-alquiler\/","url":"https:\/\/autosoyka.com\/es\/reservar-un-coche-de-alquiler\/","name":"Reservar un coche de alquiler - Autos Soyka - rent-a-car y viviendas vacacionales en La Palma","isPartOf":{"@id":"https:\/\/autosoyka.com\/es\/#website"},"datePublished":"2024-05-17T09:27:57+00:00","dateModified":"2024-06-06T12:53:49+00:00","breadcrumb":{"@id":"https:\/\/autosoyka.com\/es\/reservar-un-coche-de-alquiler\/#breadcrumb"},"inLanguage":"es","potentialAction":[{"@type":"ReadAction","target":["https:\/\/autosoyka.com\/es\/reservar-un-coche-de-alquiler\/"]}]},{"@type":"BreadcrumbList","@id":"https:\/\/autosoyka.com\/es\/reservar-un-coche-de-alquiler\/#breadcrumb","itemListElement":[{"@type":"ListItem","position":1,"name":"Home","item":"https:\/\/autosoyka.com\/es\/"},{"@type":"ListItem","position":2,"name":"Reservar un coche de alquiler"}]},{"@type":"WebSite","@id":"https:\/\/autosoyka.com\/es\/#website","url":"https:\/\/autosoyka.com\/es\/","name":"Autos Soyka - rent-a-car y viviendas vacacionales en La Palma","description":"home","publisher":{"@id":"https:\/\/autosoyka.com\/es\/#organization"},"potentialAction":[{"@type":"SearchAction","target":{"@type":"EntryPoint","urlTemplate":"https:\/\/autosoyka.com\/es\/?s={search_term_string}"},"query-input":{"@type":"PropertyValueSpecification","valueRequired":true,"valueName":"search_term_string"}}],"inLanguage":"es"},{"@type":"Organization","@id":"https:\/\/autosoyka.com\/es\/#organization","name":"Autos Soyka S.L.U.","url":"https:\/\/autosoyka.com\/es\/","logo":{"@type":"ImageObject","inLanguage":"es","@id":"https:\/\/autosoyka.com\/es\/#\/schema\/logo\/image\/","url":"https:\/\/autosoyka.com\/wp-content\/uploads\/cropped-auto-soyka-logo.webp","contentUrl":"https:\/\/autosoyka.com\/wp-content\/uploads\/cropped-auto-soyka-logo.webp","width":512,"height":512,"caption":"Autos Soyka S.L.U."},"image":{"@id":"https:\/\/autosoyka.com\/es\/#\/schema\/logo\/image\/"}}]}},"spectra_custom_meta":{"_wpml_word_count":["{\"total\":56,\"to_translate\":{\"nl\":56,\"en\":56,\"es\":56}}"],"_uag_custom_page_level_css":[""],"ast-site-content-layout":["default"],"theme-transparent-header-meta":[""],"adv-header-id-meta":[""],"stick-header-meta":[""],"astra-migrate-meta-layouts":["set"],"footnotes":[""],"_wpml_media_duplicate":["1"],"_wpml_media_featured":["1"],"_yoast_wpseo_estimated-reading-time-minutes":["1"],"_yoast_wpseo_wordproof_timestamp":[""],"_wpml_location_migration_done":["1"],"_yoast_wpseo_content_score":["90"],"_edit_lock":["1717678677:2"],"_last_translation_edit_mode":["native-editor"],"_edit_last":["2"],"_wp_page_template":[""],"_uag_page_assets":["a:9:{s:3:\"css\";s:2427:\".wp-block-uagb-container.uagb-block-a6dd4fff .uagb-container__shape-top svg{width: calc( 100% + 1.3px );}.wp-block-uagb-container.uagb-block-a6dd4fff .uagb-container__shape.uagb-container__shape-top .uagb-container__shape-fill{fill: rgba(51,51,51,1);}.wp-block-uagb-container.uagb-block-a6dd4fff .uagb-container__shape-bottom svg{width: calc( 100% + 1.3px );}.wp-block-uagb-container.uagb-block-a6dd4fff .uagb-container__shape.uagb-container__shape-bottom .uagb-container__shape-fill{fill: rgba(51,51,51,1);}.wp-block-uagb-container.uagb-block-a6dd4fff .uagb-container__video-wrap video{opacity: 1;}.wp-block-uagb-container.uagb-is-root-container .uagb-block-a6dd4fff{max-width: 100%;width: 100%;}.wp-block-uagb-container.uagb-is-root-container.alignfull.uagb-block-a6dd4fff > .uagb-container-inner-blocks-wrap{--inner-content-custom-width: min( 100%, 1150px);max-width: var(--inner-content-custom-width);width: 100%;flex-direction: column;align-items: flex-start;justify-content: flex-start;flex-wrap: nowrap;row-gap: 0px;column-gap: 0px;}.wp-block-uagb-container.uagb-block-a6dd4fff{box-shadow: 0px 0px   #00000070 ;padding-top: 0px;padding-bottom: 0px;padding-left: 0px;padding-right: 0px;margin-top:  !important;margin-bottom:  !important;overflow: visible;order: initial;border-color: inherit;row-gap: 0px;column-gap: 0px;}@media only screen and (max-width: 976px) {.wp-block-uagb-container.uagb-is-root-container .uagb-block-a6dd4fff{width: 100%;}.wp-block-uagb-container.uagb-is-root-container.alignfull.uagb-block-a6dd4fff > .uagb-container-inner-blocks-wrap{--inner-content-custom-width: min( 100%, 1024px);max-width: var(--inner-content-custom-width);width: 100%;}.wp-block-uagb-container.uagb-block-a6dd4fff{padding-top: 0px;padding-bottom: 0px;padding-left: 0px;padding-right: 0px;margin-top:  !important;margin-bottom:  !important;order: initial;}}@media only screen and (max-width: 767px) {.wp-block-uagb-container.uagb-is-root-container .uagb-block-a6dd4fff{max-width: 100%;width: 100%;}.wp-block-uagb-container.uagb-is-root-container.alignfull.uagb-block-a6dd4fff > .uagb-container-inner-blocks-wrap{--inner-content-custom-width: min( 100%, 767px);max-width: var(--inner-content-custom-width);width: 100%;flex-wrap: wrap;}.wp-block-uagb-container.uagb-block-a6dd4fff{padding-top: 0px;padding-bottom: 0px;padding-left: 20px;padding-right: 20px;margin-top:  !important;margin-bottom:  !important;order: initial;}}\";s:2:\"js\";s:0:\"\";s:18:\"current_block_list\";a:2:{i:0;s:14:\"uagb\/container\";i:1;s:13:\"core\/freeform\";}s:8:\"uag_flag\";b:1;s:11:\"uag_version\";s:10:\"1775980895\";s:6:\"gfonts\";a:1:{s:7:\"Default\";a:2:{s:10:\"fontfamily\";s:7:\"Default\";s:12:\"fontvariants\";a:0:{}}}s:10:\"gfonts_url\";s:77:\"https:\/\/fonts.googleapis.com\/css?family=Default&subset=latin&display=fallback\";s:12:\"gfonts_files\";a:0:{}s:14:\"uag_faq_layout\";b:0;}"]},"uagb_featured_image_src":{"full":false,"thumbnail":false,"medium":false,"medium_large":false,"large":false,"1536x1536":false,"2048x2048":false},"uagb_author_info":{"display_name":"itlapalma","author_link":"https:\/\/autosoyka.com\/es\/author\/itlapalma\/"},"uagb_comment_info":0,"uagb_excerpt":"Reservar un coche de alquiler Por favor, rellena completamente el formulario de reserva y env\u00edanos tu solicitud indicando la categor\u00eda del veh\u00edculo que deseas. \u00bfNecesitas m\u00e1s informaci\u00f3n o tienes preguntas sobre tu reserva? No dudes en ponerte en contacto con nosotros en el +34\u00a0922 46 33 90. \u00a1\u2019Estamos siempre a tu disposici\u00f3n! Tu equipo Auto&hellip;","_links":{"self":[{"href":"https:\/\/autosoyka.com\/es\/wp-json\/wp\/v2\/pages\/2686","targetHints":{"allow":["GET"]}}],"collection":[{"href":"https:\/\/autosoyka.com\/es\/wp-json\/wp\/v2\/pages"}],"about":[{"href":"https:\/\/autosoyka.com\/es\/wp-json\/wp\/v2\/types\/page"}],"author":[{"embeddable":true,"href":"https:\/\/autosoyka.com\/es\/wp-json\/wp\/v2\/users\/2"}],"replies":[{"embeddable":true,"href":"https:\/\/autosoyka.com\/es\/wp-json\/wp\/v2\/comments?post=2686"}],"version-history":[{"count":0,"href":"https:\/\/autosoyka.com\/es\/wp-json\/wp\/v2\/pages\/2686\/revisions"}],"wp:attachment":[{"href":"https:\/\/autosoyka.com\/es\/wp-json\/wp\/v2\/media?parent=2686"}],"curies":[{"name":"wp","href":"https:\/\/api.w.org\/{rel}","templated":true}]}}